{"id":21192,"date":"2020-11-09T15:25:12","date_gmt":"2020-11-09T18:25:12","guid":{"rendered":"https:\/\/www.lgamoblamientos.com\/nv\/?page_id=21192"},"modified":"2021-12-03T13:56:28","modified_gmt":"2021-12-03T16:56:28","slug":"garantias-bestway","status":"publish","type":"page","link":"https:\/\/www.lgamoblamientos.com\/nv\/garantias-bestway\/","title":{"rendered":"GARANT\u00cdA BESTWAY"},"content":{"rendered":"\t\t<div data-elementor-type=\"wp-page\" data-elementor-id=\"21192\" class=\"elementor elementor-21192\" data-elementor-post-type=\"page\">\n\t\t\t\t\t\t<section data-particle_enable=\"false\" data-particle-mobile-disabled=\"false\" class=\"elementor-section elementor-top-section elementor-element elementor-element-2411838 elementor-section-boxed elementor-section-height-default elementor-section-height-default\" data-id=\"2411838\" data-element_type=\"section\">\n\t\t\t\t\t\t<div class=\"elementor-container elementor-column-gap-default\">\n\t\t\t\t\t<div class=\"elementor-column elementor-col-100 elementor-top-column elementor-element elementor-element-02b6b71\" data-id=\"02b6b71\" data-element_type=\"column\">\n\t\t\t<div class=\"elementor-widget-wrap elementor-element-populated\">\n\t\t\t\t\t\t<div class=\"elementor-element elementor-element-a1707f0 elementor-widget elementor-widget-heading\" data-id=\"a1707f0\" data-element_type=\"widget\" data-widget_type=\"heading.default\">\n\t\t\t\t<div class=\"elementor-widget-container\">\n\t\t\t<h2 class=\"elementor-heading-title elementor-size-xxl\">BESTWAY\u00ae Garant\u00eda del fabricante<\/h2>\t\t<\/div>\n\t\t\t\t<\/div>\n\t\t\t\t<div class=\"elementor-element elementor-element-26fe6f0 elementor-widget elementor-widget-text-editor\" data-id=\"26fe6f0\" data-element_type=\"widget\" data-widget_type=\"text-editor.default\">\n\t\t\t\t<div class=\"elementor-widget-container\">\n\t\t\t\t\t\t\t<h4><span style=\"color: #000000;\">Bestway ofrece a sus clientes un servicio de garat\u00eda posventa.<br \/><br \/><\/span><\/h4><h4 class=\"mb-10\"><span style=\"color: #000000;\">Las categor\u00edas incluidas en el servicio de atenci\u00f3n al cliente son: piscinas elevadas, hidromasajes, embarcaciones profesionales, bombas de filtrado, filtros de arena y dispositivos el\u00e9ctricos.<br \/><br \/><\/span><\/h4><h4 class=\"mb-10\"><span style=\"color: #000000;\">Para recibir informaci\u00f3n sobre nuestros productos o para enviarnos una reclamaci\u00f3n en garant\u00eda, visite la p\u00e1gina\u00a0<span style=\"color: #3366ff;\"><a style=\"color: #3366ff;\" href=\"https:\/\/www.bestwaycorp.com\/support\/index#consumer\"><u>https:\/\/www.bestwaycorp.com\/support\/index<\/u><\/a><\/span>\u00a0y rellene con todos los datos necesarios. O p\u00f3ngase en contacto con su Centro de atenci\u00f3n al cliente local\u00a0<a style=\"color: #000000;\" href=\"https:\/\/www.bestwaycorp.es\/support\">v<\/a>\u00eda mail escribiendo a\u00a0<\/span><strong>postventa@bestwaycorp.lat<\/strong> .<\/h4><div>\u00a0<\/div><h4 class=\"mb-10\"><span style=\"color: #000000;\">Tenga a mano la siguiente documentaci\u00f3n para que su solicitud sea m\u00e1s sencilla y la soluci\u00f3n sea m\u00e1s r\u00e1pida:<\/span><\/h4><h4><span style=\"color: #000000;\">&#8211; factura o recibo;<\/span><\/h4><h4><span style=\"color: #000000;\">&#8211; fotograf\u00eda del defecto;<\/span><\/h4><h4 class=\"mb-10\"><span style=\"color: #000000;\">&#8211; n\u00famero de lote del producto.<\/span><\/h4><div><span style=\"color: #000000;\">\u00a0<\/span><\/div><div><span style=\"color: #000000;\">\u00a0<\/span><\/div><h4 class=\"mb-10\"><strong><span style=\"color: #000000;\">IMPORTANTE:<br \/><br \/><\/span><\/strong><\/h4><h4><span style=\"color: #000000;\">&#8211; Bestway repara o reemplaza SOLAMENTE LA PIEZA DA\u00d1ADA, NO EL EQUIPO COMPLETO.<\/span><\/h4><h4><span style=\"color: #000000;\">&#8211; Bestway se reserva el derecho de solicitar el env\u00edo del elemento para llevar a cabo pruebas adicionales.<\/span><\/h4><h4 class=\"mb-10\"><span style=\"color: #000000;\">&#8211; Para poder ayudarle lo mejor posible, le rogamos que nos suministre informaci\u00f3n completa.<\/span><\/h4><h4 class=\"mb-10\"><span style=\"color: #000000;\">&#8211; Bestway es el \u00fanico responsable de todo lo dispuesto por la ley aplicable y por los compromisos contractuales.<\/span><\/h4><h4 class=\"mb-10\"><span style=\"color: #000000;\">&#8211; De acuerdo con el art\u00edculo 2 de la directiva, Bestway no reemplazar\u00e1 ning\u00fan producto que pueda haber sido da\u00f1ado a causa de una negligencia o que se haya utilizado incumpliendo las normas del manual del usuario.<\/span><\/h4><h4 class=\"mb-10\"><span style=\"color: #000000;\">&#8211; La garant\u00eda de Bestway cubre los defectos de fabricaci\u00f3n detectados al desembalar el producto o durante su uso, dentro de los l\u00edmites de uso y siempre que se respeten las advertencias e instrucciones indicadas en el manual del usuario. Esta garant\u00eda se aplica solo a aquellos productos que no hayan sido modificados por terceros. El producto debe almacenarse y manipularse de acuerdo con las recomendaciones t\u00e9cnicas.<br \/><br \/><\/span><\/h4><h4 class=\"mb-10\"><span style=\"color: #000000;\">PARA CONSULTAR LAS PREGUNTAS FRECUENTES, MANUALES, V\u00cdDEOS O COMPRAR PIEZAS DE RECAMBIO, VISITE NUESTRA P\u00c1GINA:\u00a0<span style=\"text-decoration: underline;\"><span style=\"color: #3366ff; text-decoration: underline;\"><a style=\"color: #3366ff; text-decoration: underline;\" href=\"https:\/\/www.bestwaycorp.com\/support\">www.bestwaycorp.com\/support<\/a>.<\/span><\/span><\/span><\/h4><h4 class=\"mb-10\"><span style=\"color: #000000;\"><br \/>LOS V\u00cdDEOS TAMBI\u00c9N EST\u00c1N DISPONIBLES EN NUESTRO CANAL BESTWAY DE YOUTUBE:\u00a0<span style=\"text-decoration: underline;\"><span style=\"color: #3366ff; text-decoration: underline;\"><a style=\"color: #3366ff; text-decoration: underline;\" href=\"https:\/\/www.youtube.com\/user\/BestwayService\">www.youtube.com\/user\/BestwayService<\/a>.<\/span><\/span><\/span><\/h4>\t\t\t\t\t\t<\/div>\n\t\t\t\t<\/div>\n\t\t\t\t\t<\/div>\n\t\t<\/div>\n\t\t\t\t\t<\/div>\n\t\t<\/section>\n\t\t\t\t<\/div>\n\t\t","protected":false},"excerpt":{"rendered":"<p>BESTWAY\u00ae Garant\u00eda del fabricante Bestway ofrece a sus clientes un servicio de garat\u00eda posventa. Las categor\u00edas incluidas en el servicio de atenci\u00f3n al cliente son: piscinas elevadas, hidromasajes, embarcaciones profesionales,<\/p>\n","protected":false},"author":1,"featured_media":0,"parent":0,"menu_order":0,"comment_status":"closed","ping_status":"closed","template":"elementor_header_footer","meta":{"_acf_changed":false,"_joinchat":[],"footnotes":""},"class_list":["post-21192","page","type-page","status-publish","hentry"],"acf":[],"aioseo_notices":[],"jetpack_sharing_enabled":true,"wps_subtitle":"","_links":{"self":[{"href":"https:\/\/www.lgamoblamientos.com\/nv\/wp-json\/wp\/v2\/pages\/21192","targetHints":{"allow":["GET"]}}],"collection":[{"href":"https:\/\/www.lgamoblamientos.com\/nv\/wp-json\/wp\/v2\/pages"}],"about":[{"href":"https:\/\/www.lgamoblamientos.com\/nv\/wp-json\/wp\/v2\/types\/page"}],"author":[{"embeddable":true,"href":"https:\/\/www.lgamoblamientos.com\/nv\/wp-json\/wp\/v2\/users\/1"}],"replies":[{"embeddable":true,"href":"https:\/\/www.lgamoblamientos.com\/nv\/wp-json\/wp\/v2\/comments?post=21192"}],"version-history":[{"count":1,"href":"https:\/\/www.lgamoblamientos.com\/nv\/wp-json\/wp\/v2\/pages\/21192\/revisions"}],"predecessor-version":[{"id":26677,"href":"https:\/\/www.lgamoblamientos.com\/nv\/wp-json\/wp\/v2\/pages\/21192\/revisions\/26677"}],"wp:attachment":[{"href":"https:\/\/www.lgamoblamientos.com\/nv\/wp-json\/wp\/v2\/media?parent=21192"}],"curies":[{"name":"wp","href":"https:\/\/api.w.org\/{rel}","templated":true}]}}