{"id":2513,"date":"2016-03-09T06:45:35","date_gmt":"2016-03-09T06:45:35","guid":{"rendered":"https:\/\/demo2.chethemes.com\/electro\/?page_id=2513"},"modified":"2025-03-03T16:27:22","modified_gmt":"2025-03-03T19:27:22","slug":"contact-v2","status":"publish","type":"page","link":"https:\/\/www.lgamoblamientos.com\/nv\/contact-v2\/","title":{"rendered":"Encuentranos"},"content":{"rendered":"<div class=\"wpb-content-wrapper\"><p>[vc_row css=\u00bb.vc_custom_1457506356430{padding-top: 25px !important;}\u00bb][vc_column width=\u00bb1\/2&#8243;][vc_column_text css=\u00bb.vc_custom_1740582566571{margin-bottom: 60px !important;}\u00bb]<\/p>\n<h2 class=\"contact-page-title\">PICK-UP CENTER CENTRO LOGISTICO<\/h2>\n<p>En nuestro pick-up podr\u00e1s levantar tus compras on-line realizadas en nuestra p\u00e1gina web, mercado libre, redes sociales o cualquier otro de nuestros medios de venta on-line luego de 24hr h\u00e1biles de realizada tu compra.<\/p>\n<p>Productos de gran tama\u00f1o como Sommiers, Sillones y Roperos se retiran siempre de este centro.[\/vc_column_text][\/vc_column][vc_column width=\u00bb1\/2&#8243; el_class=\u00bbstore-info store-info-v2&#8243;][vc_gmaps link=\u00bb#E-8_JTNDaWZyYW1lJTIwc3JjJTNEJTIyaHR0cHMlM0ElMkYlMkZ3d3cuZ29vZ2xlLmNvbSUyRm1hcHMlMkZlbWJlZCUzRnBiJTNEJTIxMW0xOCUyMTFtMTIlMjExbTMlMjExZDMyNzMuNDM4MjI1NzMxOTEwNyUyMTJkLTU2LjI4NTkzODIyMzQzMzIzJTIxM2QtMzQuODcwMzQwNDcxNjI5NDglMjEybTMlMjExZjAlMjEyZjAlMjEzZjAlMjEzbTIlMjExaTEwMjQlMjEyaTc2OCUyMTRmMTMuMSUyMTNtMyUyMTFtMiUyMTFzMHg5NWExZDVkYjY4ZjIxNmQ1JTI1M0EweDk3ZWRlOTAyY2E2MTViNiUyMTJzQ2FtaW5vJTI1MjBCdWZmYSUyNTIwMzA4NCUyNTJDJTI1MjAxMjgwMCUyNTIwTW9udGV2aWRlbyUyNTJDJTI1MjBEZXBhcnRhbWVudG8lMjUyMGRlJTI1MjBNb250ZXZpZGVvJTIxNWUwJTIxM20yJTIxMXNlcyUyMTJzdXklMjE0djE3NDA1ODI0ODIzMDUlMjE1bTIlMjExc2VzJTIxMnN1eSUyMiUyMHdpZHRoJTNEJTIyNjAwJTIyJTIwaGVpZ2h0JTNEJTIyNDUwJTIyJTIwc3R5bGUlM0QlMjJib3JkZXIlM0EwJTNCJTIyJTIwYWxsb3dmdWxsc2NyZWVuJTNEJTIyJTIyJTIwbG9hZGluZyUzRCUyMmxhenklMjIlMjByZWZlcnJlcnBvbGljeSUzRCUyMm5vLXJlZmVycmVyLXdoZW4tZG93bmdyYWRlJTIyJTNFJTNDJTJGaWZyYW1lJTNF\u00bb size=\u00bb288px\u00bb el_class=\u00bbinner-left-xs\u00bb css=\u00bb.vc_custom_1740582504222{margin-bottom: 45px !important;}\u00bb][vc_column_text el_class=\u00bbinner-left-xs\u00bb]<\/p>\n<h2 class=\"contact-page-title\">Direcci\u00f3n Pick-Up Center Centro Log\u00edstico<\/h2>\n<p>-Camino Buffa 3084, Esquina Bajo de la Petisa (NAVE 6A), -Montevideo.<br \/>\n-Tel\u00e9fono: 097 579 532<\/p>\n<h3>Horario de apertura<\/h3>\n<p>Lunes a Viernes: 08:30 hr &#8211; 17:30 hr<br \/>\nS\u00e1bados: 09:00 &#8211; 12:30 hr[\/vc_column_text][\/vc_column][\/vc_row][vc_row][vc_column][vc_separator][\/vc_column][\/vc_row][vc_row css=\u00bb.vc_custom_1457506356430{padding-top: 25px !important;}\u00bb][vc_column width=\u00bb1\/2&#8243;][vc_column_text css=\u00bb.vc_custom_1740582121629{margin-bottom: 60px !important;}\u00bb]<\/p>\n<h2 class=\"contact-page-title\">SHOWROOM Y PICK UP<\/h2>\n<p>Contamos con un local en la zona centro donde podr\u00e1s observar algunos de nuestros productos armados.<\/p>\n<p>Tambi\u00e9n podr\u00e1s adquirir art\u00edculos en esta direcci\u00f3n (En caso de no contar con stock para la entrega se te solicitar\u00e1 levantar en nuestro Centro Log\u00edstico)<\/p>\n<p>Podr\u00e1s levantar tus compras on-line (productos hasta 30 Kg) realizadas en nuestra p\u00e1gina web, mercado libre, redes sociales o cualquier otro de nuestros medios de venta on-line luego de 24hr h\u00e1biles de realizada tu compra. (Te recomendamos siempre coordinar con los vendedores para asegurar el retiro)[\/vc_column_text][\/vc_column][vc_column width=\u00bb1\/2&#8243; el_class=\u00bbstore-info store-info-v2&#8243;][vc_gmaps link=\u00bb#E-8_JTNDaWZyYW1lJTIwc3JjJTNEJTIyaHR0cHMlM0ElMkYlMkZ3d3cuZ29vZ2xlLmNvbSUyRm1hcHMlMkZlbWJlZCUzRnBiJTNEJTIxMW0xOCUyMTFtMTIlMjExbTMlMjExZDMyNzEuOTY1MjQ5Mjc1MjQ1NyUyMTJkLTU2LjE5OTMzOTY4MzgyNDU3JTIxM2QtMzQuOTA3MzIxNTgxMTM0MDclMjEybTMlMjExZjAlMjEyZjAlMjEzZjAlMjEzbTIlMjExaTEwMjQlMjEyaTc2OCUyMTRmMTMuMSUyMTNtMyUyMTFtMiUyMTFzMHg5NTlmODAzMzU0ZTFlMDhiJTI1M0EweGZhMTJlYmQ2ZTAyYjNhZWUlMjEyc0xnJTI1MjBBbW9ibGFtaWVudG9zJTIxNWUwJTIxM20yJTIxMXNlcyUyMTJzdXklMjE0djE2NDY4NTU3OTE2NzMlMjE1bTIlMjExc2VzJTIxMnN1eSUyMiUyMHdpZHRoJTNEJTIyNjAwJTIyJTIwaGVpZ2h0JTNEJTIyNDUwJTIyJTIwc3R5bGUlM0QlMjJib3JkZXIlM0EwJTNCJTIyJTIwYWxsb3dmdWxsc2NyZWVuJTNEJTIyJTIyJTIwbG9hZGluZyUzRCUyMmxhenklMjIlM0UlM0MlMkZpZnJhbWUlM0U=\u00bb size=\u00bb288px\u00bb el_class=\u00bbinner-left-xs\u00bb css=\u00bb.vc_custom_1647525207754{margin-bottom: 45px !important;}\u00bb][vc_column_text el_class=\u00bbinner-left-xs\u00bb]<\/p>\n<h2 class=\"contact-page-title\">Direcci\u00f3n ShowRoom y Pick Up<\/h2>\n<p>-San Jos\u00e9 888, Entre Andes y Convenci\u00f3n, -Montevideo.<br \/>\n-Tel\u00e9fono: 097 579 535<\/p>\n<h3>Horario de apertura<\/h3>\n<p>Lunes a Viernes: 09:00 &#8211; 18:30 hr<br \/>\nS\u00e1bados: 09:00 &#8211; 13:00 hr[\/vc_column_text][\/vc_column][\/vc_row]<\/p>\n<\/div>","protected":false},"excerpt":{"rendered":"<p>[vc_row css=\u00bb.vc_custom_1457506356430{padding-top: 25px !important;}\u00bb][vc_column width=\u00bb1\/2&#8243;][vc_column_text css=\u00bb.vc_custom_1740582566571{margin-bottom: 60px !important;}\u00bb] PICK-UP CENTER CENTRO LOGISTICO En nuestro pick-up podr\u00e1s levantar tus compras on-line realizadas en nuestra p\u00e1gina web, mercado libre, redes sociales o<\/p>\n","protected":false},"author":1,"featured_media":0,"parent":0,"menu_order":0,"comment_status":"closed","ping_status":"closed","template":"","meta":{"_acf_changed":false,"_joinchat":[],"footnotes":""},"class_list":["post-2513","page","type-page","status-publish","hentry"],"acf":[],"aioseo_notices":[],"jetpack_sharing_enabled":true,"wps_subtitle":"","_links":{"self":[{"href":"https:\/\/www.lgamoblamientos.com\/nv\/wp-json\/wp\/v2\/pages\/2513","targetHints":{"allow":["GET"]}}],"collection":[{"href":"https:\/\/www.lgamoblamientos.com\/nv\/wp-json\/wp\/v2\/pages"}],"about":[{"href":"https:\/\/www.lgamoblamientos.com\/nv\/wp-json\/wp\/v2\/types\/page"}],"author":[{"embeddable":true,"href":"https:\/\/www.lgamoblamientos.com\/nv\/wp-json\/wp\/v2\/users\/1"}],"replies":[{"embeddable":true,"href":"https:\/\/www.lgamoblamientos.com\/nv\/wp-json\/wp\/v2\/comments?post=2513"}],"version-history":[{"count":13,"href":"https:\/\/www.lgamoblamientos.com\/nv\/wp-json\/wp\/v2\/pages\/2513\/revisions"}],"predecessor-version":[{"id":46390,"href":"https:\/\/www.lgamoblamientos.com\/nv\/wp-json\/wp\/v2\/pages\/2513\/revisions\/46390"}],"wp:attachment":[{"href":"https:\/\/www.lgamoblamientos.com\/nv\/wp-json\/wp\/v2\/media?parent=2513"}],"curies":[{"name":"wp","href":"https:\/\/api.w.org\/{rel}","templated":true}]}}