{"id":12749,"date":"2020-02-12T11:01:45","date_gmt":"2020-02-12T14:01:45","guid":{"rendered":"http:\/\/www.lgamoblamientos.com\/nv\/?post_type=product&#038;p=12749"},"modified":"2023-11-06T17:47:19","modified_gmt":"2023-11-06T20:47:19","slug":"combo-juego-dormitorio-ropero-mesa-de-luz-madera-maciza","status":"publish","type":"product","link":"https:\/\/www.lgamoblamientos.com\/nv\/product\/combo-juego-dormitorio-ropero-mesa-de-luz-madera-maciza\/","title":{"rendered":"Combo Juego Dormitorio Ropero Mesa De Luz"},"content":{"rendered":"<p>PLACARD +C\u00d3MODA R\u00daSTICA+ MESA DE LUZ 1 CAJ\u00d3N<\/p>\n<p>PLACARD 2 PUERTAS BEIGE<\/p>\n<p>Color disponible: Beige<br \/>\nMedidas: Ancho 1.0 m x 0.56 m Prof x 2.0 m Altura<br \/>\nExcelente terminaci\u00f3n<br \/>\nHerrajes met\u00e1licos<\/p>\n<p>C\u00d3MODA R\u00daSTICA 4 CAJONES<\/p>\n<p>Color Disponible: Beige<br \/>\nMedidas: Ancho 0.90 m x prof 0.47 m x 1.05 altura<br \/>\nExcelente terminaci\u00f3n<br \/>\nCon herrajes met\u00e1licos.<\/p>\n<p>MESA DE LUZ L\u00cdNEA RUSTICA 1 CAJ\u00d3N\/1 PUERTA MADERA MACIZA BEIGE<\/p>\n<p>Color Disponible: Beige<br \/>\nMedidas:Ancho 0.52 m x prof 0.38 m x 0.67 altura<br \/>\n1 caj\u00f3n. 1 puerta.<\/p>\n","protected":false},"excerpt":{"rendered":"<p>PLACARD +C\u00d3MODA R\u00daSTICA+ MESA DE LUZ 1 CAJ\u00d3N PLACARD 2 PUERTAS BEIGE Color disponible: Beige Medidas: Ancho 1.0 m x 0.56 m Prof x 2.0 m Altura Excelente terminaci\u00f3n Herrajes<\/p>\n","protected":false},"featured_media":12750,"comment_status":"open","ping_status":"closed","template":"","meta":{"_acf_changed":false,"_joinchat":[]},"product_cat":[39,72,74],"product_tag":[],"class_list":{"0":"post-12749","1":"product","2":"type-product","3":"status-publish","4":"has-post-thumbnail","6":"product_cat-dormitorio","7":"product_cat-comodas-zapateras","8":"product_cat-placard-y-roperos","10":"first","11":"outofstock","12":"taxable","13":"shipping-taxable","14":"purchasable","15":"product-type-simple"},"acf":[],"aioseo_notices":[],"jetpack_sharing_enabled":true,"_links":{"self":[{"href":"https:\/\/www.lgamoblamientos.com\/nv\/wp-json\/wp\/v2\/product\/12749","targetHints":{"allow":["GET"]}}],"collection":[{"href":"https:\/\/www.lgamoblamientos.com\/nv\/wp-json\/wp\/v2\/product"}],"about":[{"href":"https:\/\/www.lgamoblamientos.com\/nv\/wp-json\/wp\/v2\/types\/product"}],"replies":[{"embeddable":true,"href":"https:\/\/www.lgamoblamientos.com\/nv\/wp-json\/wp\/v2\/comments?post=12749"}],"wp:featuredmedia":[{"embeddable":true,"href":"https:\/\/www.lgamoblamientos.com\/nv\/wp-json\/wp\/v2\/media\/12750"}],"wp:attachment":[{"href":"https:\/\/www.lgamoblamientos.com\/nv\/wp-json\/wp\/v2\/media?parent=12749"}],"wp:term":[{"taxonomy":"product_cat","embeddable":true,"href":"https:\/\/www.lgamoblamientos.com\/nv\/wp-json\/wp\/v2\/product_cat?post=12749"},{"taxonomy":"product_tag","embeddable":true,"href":"https:\/\/www.lgamoblamientos.com\/nv\/wp-json\/wp\/v2\/product_tag?post=12749"}],"curies":[{"name":"wp","href":"https:\/\/api.w.org\/{rel}","templated":true}]}}