{"id":14733,"date":"2020-04-23T11:55:05","date_gmt":"2020-04-23T14:55:05","guid":{"rendered":"http:\/\/www.lgamoblamientos.com\/nv\/?post_type=product&#038;p=14733"},"modified":"2026-04-17T20:05:06","modified_gmt":"2026-04-17T23:05:06","slug":"panquequera-sarten-tramontina-teflon-antiadherente-22cm","status":"publish","type":"product","link":"https:\/\/www.lgamoblamientos.com\/nv\/product\/panquequera-sarten-tramontina-teflon-antiadherente-22cm\/","title":{"rendered":"Panquequera Sarten Tramontina Teflon Antiadherente 22cm"},"content":{"rendered":"<p>PANQUEQUERA SARTEN 22 CM TRAMONTINA<\/p>\n<p>Di\u00e1metro 22cm<br \/>\nAltura 1cm Aluminio con revestimiento interno y externo de antiadherente Starflon T1.<\/p>\n<p>El \u00fanico con tecnolog\u00eda T: M\u00e1s poder de antiadherencia; m\u00e1s resistencia a la abrasi\u00f3n; m\u00e1s durabilidad; mayor facilidad de limpieza y libre de PFOA.<br \/>\nMango de baquelita.<br \/>\nSe pueden usar en cocinas a gas, el\u00e9ctricas o vitrocer\u00e1micas (resistencia el\u00e9ctrica) y llevarse a lavavajillas.<br \/>\nHecho en Brasil<\/p>\n<p>Garant\u00eda por defectos de f\u00e1brica con su factura correspondiente.<\/p>\n","protected":false},"excerpt":{"rendered":"<p>PANQUEQUERA SARTEN 22 CM TRAMONTINA Di\u00e1metro 22cm Altura 1cm Aluminio con revestimiento interno y externo de antiadherente Starflon T1. El \u00fanico con tecnolog\u00eda T: M\u00e1s poder de antiadherencia; m\u00e1s resistencia<\/p>\n","protected":false},"featured_media":17361,"comment_status":"open","ping_status":"closed","template":"","meta":{"_acf_changed":false,"_joinchat":[]},"product_cat":[65],"product_tag":[1219],"class_list":{"0":"post-14733","1":"product","2":"type-product","3":"status-publish","4":"has-post-thumbnail","6":"product_cat-bazar","7":"product_tag-cyber-fest-26","8":"product_shipping_class-flex","10":"first","11":"instock","12":"sale","13":"taxable","14":"shipping-taxable","15":"purchasable","16":"product-type-variable"},"acf":[],"aioseo_notices":[],"jetpack_sharing_enabled":true,"_links":{"self":[{"href":"https:\/\/www.lgamoblamientos.com\/nv\/wp-json\/wp\/v2\/product\/14733","targetHints":{"allow":["GET"]}}],"collection":[{"href":"https:\/\/www.lgamoblamientos.com\/nv\/wp-json\/wp\/v2\/product"}],"about":[{"href":"https:\/\/www.lgamoblamientos.com\/nv\/wp-json\/wp\/v2\/types\/product"}],"replies":[{"embeddable":true,"href":"https:\/\/www.lgamoblamientos.com\/nv\/wp-json\/wp\/v2\/comments?post=14733"}],"wp:featuredmedia":[{"embeddable":true,"href":"https:\/\/www.lgamoblamientos.com\/nv\/wp-json\/wp\/v2\/media\/17361"}],"wp:attachment":[{"href":"https:\/\/www.lgamoblamientos.com\/nv\/wp-json\/wp\/v2\/media?parent=14733"}],"wp:term":[{"taxonomy":"product_cat","embeddable":true,"href":"https:\/\/www.lgamoblamientos.com\/nv\/wp-json\/wp\/v2\/product_cat?post=14733"},{"taxonomy":"product_tag","embeddable":true,"href":"https:\/\/www.lgamoblamientos.com\/nv\/wp-json\/wp\/v2\/product_tag?post=14733"}],"curies":[{"name":"wp","href":"https:\/\/api.w.org\/{rel}","templated":true}]}}