{"id":14925,"date":"2020-04-29T13:13:38","date_gmt":"2020-04-29T16:13:38","guid":{"rendered":"http:\/\/www.lgamoblamientos.com\/nv\/?post_type=product&#038;p=14925"},"modified":"2023-07-20T11:45:51","modified_gmt":"2023-07-20T14:45:51","slug":"kit-organizador-de-cosmeticos-maquillaje-acrilico","status":"publish","type":"product","link":"https:\/\/www.lgamoblamientos.com\/nv\/product\/kit-organizador-de-cosmeticos-maquillaje-acrilico\/","title":{"rendered":"Kit Organizador De Cosm\u00e9ticos Maquillaje Acr\u00edlico"},"content":{"rendered":"<p>KIT ORGANIZADOR DE MAQUILLAJE<\/p>\n<p>Organizador de Cosm\u00e9ticos Exhibidor Maquillaje Acr\u00edlico.<\/p>\n<p>* Color: Cristal<br \/>\n* Medidas: Ancho 22 cm x Altura 12,5 cm x Prof 12,5 cm.<br \/>\n* Permite mantener tus cosm\u00e9ticos , accesorios y brochas organizadas de forma que sean muy f\u00e1ciles de encontrar.<br \/>\n* Su dise\u00f1o cl\u00e1sico se ver\u00e1 elegante donde lo necesites.<br \/>\n* Posee 2 cajones y un organizador superior con varias medidas y formas lo que te ayudar\u00e1 a organizar lo que necesites.<\/p>\n","protected":false},"excerpt":{"rendered":"<p>KIT ORGANIZADOR DE MAQUILLAJE Organizador de Cosm\u00e9ticos Exhibidor Maquillaje Acr\u00edlico. * Color: Cristal * Medidas: Ancho 22 cm x Altura 12,5 cm x Prof 12,5 cm. * Permite mantener tus<\/p>\n","protected":false},"featured_media":14926,"comment_status":"open","ping_status":"closed","template":"","meta":{"_acf_changed":false,"_joinchat":[]},"product_cat":[292,286,78],"product_tag":[],"class_list":{"0":"post-14925","1":"product","2":"type-product","3":"status-publish","4":"has-post-thumbnail","6":"product_cat-bano","7":"product_cat-salud-y-belleza","8":"product_cat-cuidado-personal","10":"first","11":"outofstock","12":"taxable","13":"shipping-taxable","14":"purchasable","15":"product-type-simple"},"acf":[],"aioseo_notices":[],"jetpack_sharing_enabled":true,"_links":{"self":[{"href":"https:\/\/www.lgamoblamientos.com\/nv\/wp-json\/wp\/v2\/product\/14925","targetHints":{"allow":["GET"]}}],"collection":[{"href":"https:\/\/www.lgamoblamientos.com\/nv\/wp-json\/wp\/v2\/product"}],"about":[{"href":"https:\/\/www.lgamoblamientos.com\/nv\/wp-json\/wp\/v2\/types\/product"}],"replies":[{"embeddable":true,"href":"https:\/\/www.lgamoblamientos.com\/nv\/wp-json\/wp\/v2\/comments?post=14925"}],"wp:featuredmedia":[{"embeddable":true,"href":"https:\/\/www.lgamoblamientos.com\/nv\/wp-json\/wp\/v2\/media\/14926"}],"wp:attachment":[{"href":"https:\/\/www.lgamoblamientos.com\/nv\/wp-json\/wp\/v2\/media?parent=14925"}],"wp:term":[{"taxonomy":"product_cat","embeddable":true,"href":"https:\/\/www.lgamoblamientos.com\/nv\/wp-json\/wp\/v2\/product_cat?post=14925"},{"taxonomy":"product_tag","embeddable":true,"href":"https:\/\/www.lgamoblamientos.com\/nv\/wp-json\/wp\/v2\/product_tag?post=14925"}],"curies":[{"name":"wp","href":"https:\/\/api.w.org\/{rel}","templated":true}]}}