{"id":18784,"date":"2020-07-15T11:54:34","date_gmt":"2020-07-15T14:54:34","guid":{"rendered":"https:\/\/www.lgamoblamientos.com\/nv\/?post_type=product&#038;p=18784"},"modified":"2021-07-29T10:54:45","modified_gmt":"2021-07-29T13:54:45","slug":"ropero-placar-placard-6-puertas-con-espejo-muy-grande","status":"publish","type":"product","link":"https:\/\/www.lgamoblamientos.com\/nv\/product\/ropero-placar-placard-6-puertas-con-espejo-muy-grande\/","title":{"rendered":"Ropero Placar Placard 6 Puertas Con Espejo Muy Grande"},"content":{"rendered":"<p>PLACARD 6 PUERTAS CON ESPEJO<\/p>\n<p>6 Puertas 2 Cajones<br \/>\n2 Espejos de 3 mm<br \/>\nMedidas: Altura: 2,23 m x Ancho: 2,47 m x Profundidad: 50cm<\/p>\n<p>Colores Disponibles:<br \/>\nBLANCO SEMI BRILLO<br \/>\nIPE\/VAINILLA SEMI BRILLO<\/p>\n<p>Peso: 156kg<br \/>\nMaterial 100% MDP<br \/>\nRecomendaci\u00f3n de mantenimiento: Pa\u00f1o seco o h\u00famedo, no utilice productos abrasivos<br \/>\nPeso soportado en los estantes: 4 Kg<br \/>\nPeso soportado por los cajones: 3 Kg<br \/>\n7 Espacios y 3 Percheros<\/p>\n<p>*im\u00e1genes ilustrativas<\/p>\n","protected":false},"excerpt":{"rendered":"<p>PLACARD 6 PUERTAS CON ESPEJO 6 Puertas 2 Cajones 2 Espejos de 3 mm Medidas: Altura: 2,23 m x Ancho: 2,47 m x Profundidad: 50cm Colores Disponibles: BLANCO SEMI BRILLO<\/p>\n","protected":false},"featured_media":18790,"comment_status":"open","ping_status":"closed","template":"","meta":{"_acf_changed":false,"_joinchat":[]},"product_cat":[39,74],"product_tag":[],"class_list":{"0":"post-18784","1":"product","2":"type-product","3":"status-publish","4":"has-post-thumbnail","6":"product_cat-dormitorio","7":"product_cat-placard-y-roperos","9":"first","10":"outofstock","11":"taxable","12":"shipping-taxable","13":"product-type-variable"},"acf":[],"aioseo_notices":[],"jetpack_sharing_enabled":true,"_links":{"self":[{"href":"https:\/\/www.lgamoblamientos.com\/nv\/wp-json\/wp\/v2\/product\/18784","targetHints":{"allow":["GET"]}}],"collection":[{"href":"https:\/\/www.lgamoblamientos.com\/nv\/wp-json\/wp\/v2\/product"}],"about":[{"href":"https:\/\/www.lgamoblamientos.com\/nv\/wp-json\/wp\/v2\/types\/product"}],"replies":[{"embeddable":true,"href":"https:\/\/www.lgamoblamientos.com\/nv\/wp-json\/wp\/v2\/comments?post=18784"}],"wp:featuredmedia":[{"embeddable":true,"href":"https:\/\/www.lgamoblamientos.com\/nv\/wp-json\/wp\/v2\/media\/18790"}],"wp:attachment":[{"href":"https:\/\/www.lgamoblamientos.com\/nv\/wp-json\/wp\/v2\/media?parent=18784"}],"wp:term":[{"taxonomy":"product_cat","embeddable":true,"href":"https:\/\/www.lgamoblamientos.com\/nv\/wp-json\/wp\/v2\/product_cat?post=18784"},{"taxonomy":"product_tag","embeddable":true,"href":"https:\/\/www.lgamoblamientos.com\/nv\/wp-json\/wp\/v2\/product_tag?post=18784"}],"curies":[{"name":"wp","href":"https:\/\/api.w.org\/{rel}","templated":true}]}}