{"id":18836,"date":"2020-07-16T16:44:23","date_gmt":"2020-07-16T19:44:23","guid":{"rendered":"https:\/\/www.lgamoblamientos.com\/nv\/?post_type=product&#038;p=18836"},"modified":"2026-01-08T08:13:16","modified_gmt":"2026-01-08T11:13:16","slug":"juguete-didactico-organo-2-tambores-teclado-luz-y-sonido","status":"publish","type":"product","link":"https:\/\/www.lgamoblamientos.com\/nv\/product\/juguete-didactico-organo-2-tambores-teclado-luz-y-sonido\/","title":{"rendered":"Juguete Did\u00e1ctico \u00d3rgano 2 Tambores Teclado Luz Y Sonido"},"content":{"rendered":"<p>ORGANO TAMBOR MUSICAL<\/p>\n<p>Did\u00e1ctico \u00f3rgano con 2 tambores, luces coloridas y sonido.<br \/>\n&#8211; Medidas: 20 x 13 x 6,5 cm.<br \/>\n&#8211; Funciona con 2 pilas AA (1,5V). No incluidas.<br \/>\n&#8211; Edad recomendada: +6 meses.<br \/>\nColores:<br \/>\nBLANCO<br \/>\nROSA<\/p>\n<p>Divertido \u00f3rgano did\u00e1ctico con 2 tambores, luces coloridas y varios sonidos, ideal para que los m\u00e1s peque\u00f1os de la casa se diviertan mucho jugando mientras est\u00e1n aprendiendo.<\/p>\n<p>Los juegos did\u00e1cticos son un gran est\u00edmulo para el aprendizaje de los ni\u00f1os, pues gracias a ellos aprenden nuevos conceptos, desarrollan su inteligencia, usan su creatividad e interact\u00faan con los dem\u00e1s.<\/p>\n","protected":false},"excerpt":{"rendered":"<p>ORGANO TAMBOR MUSICAL Did\u00e1ctico \u00f3rgano con 2 tambores, luces coloridas y sonido. &#8211; Medidas: 20 x 13 x 6,5 cm. &#8211; Funciona con 2 pilas AA (1,5V). No incluidas. &#8211;<\/p>\n","protected":false},"featured_media":18837,"comment_status":"open","ping_status":"closed","template":"","meta":{"_acf_changed":false,"_joinchat":[]},"product_cat":[289,305],"product_tag":[1219],"class_list":{"0":"post-18836","1":"product","2":"type-product","3":"status-publish","4":"has-post-thumbnail","6":"product_cat-articulos-para-ninos","7":"product_cat-juguetes-y-centro-de-juegos","8":"product_tag-cyber-fest-26","9":"product_shipping_class-flex","11":"first","12":"instock","13":"taxable","14":"shipping-taxable","15":"purchasable","16":"product-type-variable"},"acf":[],"aioseo_notices":[],"jetpack_sharing_enabled":true,"_links":{"self":[{"href":"https:\/\/www.lgamoblamientos.com\/nv\/wp-json\/wp\/v2\/product\/18836","targetHints":{"allow":["GET"]}}],"collection":[{"href":"https:\/\/www.lgamoblamientos.com\/nv\/wp-json\/wp\/v2\/product"}],"about":[{"href":"https:\/\/www.lgamoblamientos.com\/nv\/wp-json\/wp\/v2\/types\/product"}],"replies":[{"embeddable":true,"href":"https:\/\/www.lgamoblamientos.com\/nv\/wp-json\/wp\/v2\/comments?post=18836"}],"wp:featuredmedia":[{"embeddable":true,"href":"https:\/\/www.lgamoblamientos.com\/nv\/wp-json\/wp\/v2\/media\/18837"}],"wp:attachment":[{"href":"https:\/\/www.lgamoblamientos.com\/nv\/wp-json\/wp\/v2\/media?parent=18836"}],"wp:term":[{"taxonomy":"product_cat","embeddable":true,"href":"https:\/\/www.lgamoblamientos.com\/nv\/wp-json\/wp\/v2\/product_cat?post=18836"},{"taxonomy":"product_tag","embeddable":true,"href":"https:\/\/www.lgamoblamientos.com\/nv\/wp-json\/wp\/v2\/product_tag?post=18836"}],"curies":[{"name":"wp","href":"https:\/\/api.w.org\/{rel}","templated":true}]}}