{"id":18857,"date":"2020-07-20T14:08:28","date_gmt":"2020-07-20T17:08:28","guid":{"rendered":"https:\/\/www.lgamoblamientos.com\/nv\/?post_type=product&#038;p=18857"},"modified":"2024-02-01T00:00:20","modified_gmt":"2024-02-01T03:00:20","slug":"bebote-bebe-muneca-realista-vestida-a-rayas","status":"publish","type":"product","link":"https:\/\/www.lgamoblamientos.com\/nv\/product\/bebote-bebe-muneca-realista-vestida-a-rayas\/","title":{"rendered":"Bebote Bebe Mu\u00f1eca Realista Vestida A Rayas"},"content":{"rendered":"<p>BEBOTE BEBE VESTIDA<\/p>\n<p>MU\u00d1ECA BEB\u00c9 BEBOTE:<br \/>\n&#8211; Material: goma.<br \/>\n&#8211; Medidas mu\u00f1eca: 40 cm.<br \/>\n&#8211; Medidas de empaque: 46 x 22 x 15.5 cm.<br \/>\n&#8211; Edad recomendada: +3 a\u00f1os.<\/p>\n<p>Preciosa mu\u00f1eca bebote con pijama de rayas, ideal para que sea su compa\u00f1\u00eda en todo momento y se diviertan mucho jugando.<\/p>\n<p>Adem\u00e1s aprender\u00e1n a compartir, explorar y a usar su imaginaci\u00f3n y creatividad.<\/p>\n<p>*im\u00e1genes ilustrativas<\/p>\n","protected":false},"excerpt":{"rendered":"<p>BEBOTE BEBE VESTIDA MU\u00d1ECA BEB\u00c9 BEBOTE: &#8211; Material: goma. &#8211; Medidas mu\u00f1eca: 40 cm. &#8211; Medidas de empaque: 46 x 22 x 15.5 cm. &#8211; Edad recomendada: +3 a\u00f1os. Preciosa<\/p>\n","protected":false},"featured_media":18860,"comment_status":"open","ping_status":"closed","template":"","meta":{"_acf_changed":false,"_joinchat":[]},"product_cat":[289,305],"product_tag":[],"class_list":{"0":"post-18857","1":"product","2":"type-product","3":"status-publish","4":"has-post-thumbnail","6":"product_cat-articulos-para-ninos","7":"product_cat-juguetes-y-centro-de-juegos","9":"first","10":"outofstock","11":"taxable","12":"shipping-taxable","13":"purchasable","14":"product-type-simple"},"acf":[],"aioseo_notices":[],"jetpack_sharing_enabled":true,"_links":{"self":[{"href":"https:\/\/www.lgamoblamientos.com\/nv\/wp-json\/wp\/v2\/product\/18857","targetHints":{"allow":["GET"]}}],"collection":[{"href":"https:\/\/www.lgamoblamientos.com\/nv\/wp-json\/wp\/v2\/product"}],"about":[{"href":"https:\/\/www.lgamoblamientos.com\/nv\/wp-json\/wp\/v2\/types\/product"}],"replies":[{"embeddable":true,"href":"https:\/\/www.lgamoblamientos.com\/nv\/wp-json\/wp\/v2\/comments?post=18857"}],"wp:featuredmedia":[{"embeddable":true,"href":"https:\/\/www.lgamoblamientos.com\/nv\/wp-json\/wp\/v2\/media\/18860"}],"wp:attachment":[{"href":"https:\/\/www.lgamoblamientos.com\/nv\/wp-json\/wp\/v2\/media?parent=18857"}],"wp:term":[{"taxonomy":"product_cat","embeddable":true,"href":"https:\/\/www.lgamoblamientos.com\/nv\/wp-json\/wp\/v2\/product_cat?post=18857"},{"taxonomy":"product_tag","embeddable":true,"href":"https:\/\/www.lgamoblamientos.com\/nv\/wp-json\/wp\/v2\/product_tag?post=18857"}],"curies":[{"name":"wp","href":"https:\/\/api.w.org\/{rel}","templated":true}]}}