{"id":18882,"date":"2020-07-20T14:18:51","date_gmt":"2020-07-20T17:18:51","guid":{"rendered":"https:\/\/www.lgamoblamientos.com\/nv\/?post_type=product&#038;p=18882"},"modified":"2026-01-09T15:15:10","modified_gmt":"2026-01-09T18:15:10","slug":"castillo-de-princesas-con-luz-y-sonido-accesorios","status":"publish","type":"product","link":"https:\/\/www.lgamoblamientos.com\/nv\/product\/castillo-de-princesas-con-luz-y-sonido-accesorios\/","title":{"rendered":"Castillo De Princesas Con Luz Y Sonido + Accesorios"},"content":{"rendered":"<p>CASTILLO DE PRINCESA CON LUZ Y SONIDO<\/p>\n<p>&#8211; Castillo de mu\u00f1ecas de pl\u00e1stico con luz y sonido.<br \/>\n&#8211; Con puertas que se abren.<br \/>\n&#8211; Incluye 7 accesorios: cama, espejo, tocador, candelabro, perchero, banquito y ropero.<br \/>\n&#8211; Medidas: 25 x 26,5 cm.<br \/>\n&#8211; Edad recomendada: + 3 a\u00f1os.<br \/>\n&#8211; Color: rosado.<\/p>\n<p>Precioso castillo de juguete para mu\u00f1ecas con luz, sonido y accesorios para una mayor diversi\u00f3n.<\/p>\n<p>Ideal para que tu peque\u00f1a use toda su creatividad y se divierta mucho jugando.<\/p>\n<p>Adem\u00e1s aprender\u00e1 a compartir, explorar y a usar toda su imaginaci\u00f3n<\/p>\n<p>*im\u00e1genes ilustrativas<\/p>\n","protected":false},"excerpt":{"rendered":"<p>CASTILLO DE PRINCESA CON LUZ Y SONIDO &#8211; Castillo de mu\u00f1ecas de pl\u00e1stico con luz y sonido. &#8211; Con puertas que se abren. &#8211; Incluye 7 accesorios: cama, espejo, tocador,<\/p>\n","protected":false},"featured_media":18883,"comment_status":"open","ping_status":"closed","template":"","meta":{"_acf_changed":false,"_joinchat":[]},"product_cat":[289,305],"product_tag":[1219],"class_list":{"0":"post-18882","1":"product","2":"type-product","3":"status-publish","4":"has-post-thumbnail","6":"product_cat-articulos-para-ninos","7":"product_cat-juguetes-y-centro-de-juegos","8":"product_tag-cyber-fest-26","9":"product_shipping_class-flex","11":"first","12":"instock","13":"taxable","14":"shipping-taxable","15":"purchasable","16":"product-type-simple"},"acf":[],"aioseo_notices":[],"jetpack_sharing_enabled":true,"_links":{"self":[{"href":"https:\/\/www.lgamoblamientos.com\/nv\/wp-json\/wp\/v2\/product\/18882","targetHints":{"allow":["GET"]}}],"collection":[{"href":"https:\/\/www.lgamoblamientos.com\/nv\/wp-json\/wp\/v2\/product"}],"about":[{"href":"https:\/\/www.lgamoblamientos.com\/nv\/wp-json\/wp\/v2\/types\/product"}],"replies":[{"embeddable":true,"href":"https:\/\/www.lgamoblamientos.com\/nv\/wp-json\/wp\/v2\/comments?post=18882"}],"wp:featuredmedia":[{"embeddable":true,"href":"https:\/\/www.lgamoblamientos.com\/nv\/wp-json\/wp\/v2\/media\/18883"}],"wp:attachment":[{"href":"https:\/\/www.lgamoblamientos.com\/nv\/wp-json\/wp\/v2\/media?parent=18882"}],"wp:term":[{"taxonomy":"product_cat","embeddable":true,"href":"https:\/\/www.lgamoblamientos.com\/nv\/wp-json\/wp\/v2\/product_cat?post=18882"},{"taxonomy":"product_tag","embeddable":true,"href":"https:\/\/www.lgamoblamientos.com\/nv\/wp-json\/wp\/v2\/product_tag?post=18882"}],"curies":[{"name":"wp","href":"https:\/\/api.w.org\/{rel}","templated":true}]}}