{"id":18895,"date":"2020-07-20T14:24:36","date_gmt":"2020-07-20T17:24:36","guid":{"rendered":"https:\/\/www.lgamoblamientos.com\/nv\/?post_type=product&#038;p=18895"},"modified":"2022-08-04T15:27:58","modified_gmt":"2022-08-04T18:27:58","slug":"bolsa-de-boxeo-punching-ball-set-guantes-para-ninos","status":"publish","type":"product","link":"https:\/\/www.lgamoblamientos.com\/nv\/product\/bolsa-de-boxeo-punching-ball-set-guantes-para-ninos\/","title":{"rendered":"Bolsa De Boxeo Punching Ball Set + Guantes Para Ni\u00f1os"},"content":{"rendered":"<p>PUNCHING BALL CON BASE PARA NI\u00d1OS<\/p>\n<p>&#8211; Punching ball para ni\u00f1os.<br \/>\n&#8211; Medidas Punching ball: 106 cm x 20 cm.<br \/>\n&#8211; Medidas de la base: 52,5 cm x 15,5 cm<br \/>\n&#8211; Edad recomendada: +3 a\u00f1os.<\/p>\n<p>Excelente Punching ball con base, ideal para que los ni\u00f1os se diviertan mientras drenan energ\u00eda y cuidan su salud.<\/p>\n<p>Ya sea en espacios cerrados o al aire libre, este incre\u00edble deporte tiene m\u00faltiples beneficios y alguno de ellos son:<br \/>\n&#8211; Tonifica todo el cuerpo.<br \/>\n&#8211; Mejora la resistencia f\u00edsica, la coordinaci\u00f3n, la estabilidad, la agilidad y los reflejos.<br \/>\n&#8211; Fortalece el coraz\u00f3n.<br \/>\n&#8211; Ayuda a adelgazar.<br \/>\n&#8211; Aumenta la masa \u00f3sea, as\u00ed como la autoestima y la autoconfianza.<br \/>\n&#8211; Libera tensiones y disminuye el estr\u00e9s.<br \/>\n&#8211; Genera bienestar.<br \/>\n&#8211; Incentiva la socializaci\u00f3n de los ni\u00f1os y el compa\u00f1erismo entre ellos.<br \/>\n&#8211; Crea disciplina.<\/p>\n<p>F\u00e1cil de armar y no ocupa mucho espacio.<\/p>\n<p>*im\u00e1genes ilustrativas<\/p>\n","protected":false},"excerpt":{"rendered":"<p>PUNCHING BALL CON BASE PARA NI\u00d1OS &#8211; Punching ball para ni\u00f1os. &#8211; Medidas Punching ball: 106 cm x 20 cm. &#8211; Medidas de la base: 52,5 cm x 15,5 cm<\/p>\n","protected":false},"featured_media":18900,"comment_status":"open","ping_status":"closed","template":"","meta":{"_acf_changed":false,"_joinchat":[]},"product_cat":[884,87,289,305],"product_tag":[],"class_list":{"0":"post-18895","1":"product","2":"type-product","3":"status-publish","4":"has-post-thumbnail","6":"product_cat-articulos-deportivos","7":"product_cat-fitness","8":"product_cat-articulos-para-ninos","9":"product_cat-juguetes-y-centro-de-juegos","11":"first","12":"outofstock","13":"taxable","14":"shipping-taxable","15":"purchasable","16":"product-type-simple"},"acf":[],"aioseo_notices":[],"jetpack_sharing_enabled":true,"_links":{"self":[{"href":"https:\/\/www.lgamoblamientos.com\/nv\/wp-json\/wp\/v2\/product\/18895","targetHints":{"allow":["GET"]}}],"collection":[{"href":"https:\/\/www.lgamoblamientos.com\/nv\/wp-json\/wp\/v2\/product"}],"about":[{"href":"https:\/\/www.lgamoblamientos.com\/nv\/wp-json\/wp\/v2\/types\/product"}],"replies":[{"embeddable":true,"href":"https:\/\/www.lgamoblamientos.com\/nv\/wp-json\/wp\/v2\/comments?post=18895"}],"wp:featuredmedia":[{"embeddable":true,"href":"https:\/\/www.lgamoblamientos.com\/nv\/wp-json\/wp\/v2\/media\/18900"}],"wp:attachment":[{"href":"https:\/\/www.lgamoblamientos.com\/nv\/wp-json\/wp\/v2\/media?parent=18895"}],"wp:term":[{"taxonomy":"product_cat","embeddable":true,"href":"https:\/\/www.lgamoblamientos.com\/nv\/wp-json\/wp\/v2\/product_cat?post=18895"},{"taxonomy":"product_tag","embeddable":true,"href":"https:\/\/www.lgamoblamientos.com\/nv\/wp-json\/wp\/v2\/product_tag?post=18895"}],"curies":[{"name":"wp","href":"https:\/\/api.w.org\/{rel}","templated":true}]}}