{"id":19111,"date":"2020-07-30T14:47:09","date_gmt":"2020-07-30T17:47:09","guid":{"rendered":"https:\/\/www.lgamoblamientos.com\/nv\/?post_type=product&#038;p=19111"},"modified":"2026-02-12T15:00:07","modified_gmt":"2026-02-12T18:00:07","slug":"sommier-colchon-1-plaza-90x190x65-super-densidad","status":"publish","type":"product","link":"https:\/\/www.lgamoblamientos.com\/nv\/product\/sommier-colchon-1-plaza-90x190x65-super-densidad\/","title":{"rendered":"Sommier Somier Super Densidad 1 Plaza Espuma"},"content":{"rendered":"<p>SOMMIER 1 PLAZA SUPER DENSIDAD DIVINO<\/p>\n<p>\u2022 Colores: Azul con Blanco estampado en peque\u00f1as formas<br \/>\n\u2022 Medidas colchon : 88 x 188 x 30 cm<br \/>\n: Medidas totales :88 x 188 x 65 cm<\/p>\n<p>\u2022 Capitoneado<br \/>\n\u2022 Gran calidad y firmeza<br \/>\n&#8211; Se puede usar de ambos lados ( Dual Side ) que extiende su vida \u00fatil.<br \/>\n&#8211; Doble Capa Eurotop que brinda mayor confortabilidad<br \/>\n&#8211; Estructura interna Firme ( Tipo ortop\u00e9dico )<br \/>\n&#8211; Capitoneado con plancha soft y tejido MatPlus<br \/>\n&#8211; Tela Jacquard anti \u00e1caros, hipo alerg\u00e9nica y anti bacterias.<br \/>\n&#8211; Garant\u00eda del Colch\u00f3n 3 a\u00f1os ( Divino S.A )<br \/>\n&#8211; Box con estructura en madera eucaliptus reforzada<br \/>\n&#8211; Tapizado en la misma tela del colch\u00f3n<br \/>\n&#8211; Con 6 Patas de Apoyo en pl\u00e1stico de alto impacto<br \/>\n&#8211; Garant\u00eda del Box 6 meses<\/p>\n<p>*im\u00e1genes ilustrativas<\/p>\n","protected":false},"excerpt":{"rendered":"<p>SOMMIER 1 PLAZA SUPER DENSIDAD DIVINO \u2022 Colores: Azul con Blanco estampado en peque\u00f1as formas \u2022 Medidas colchon : 88 x 188 x 30 cm : Medidas totales :88 x<\/p>\n","protected":false},"featured_media":19125,"comment_status":"open","ping_status":"closed","template":"","meta":{"_acf_changed":false,"_joinchat":[]},"product_cat":[39,70],"product_tag":[1219],"class_list":{"0":"post-19111","1":"product","2":"type-product","3":"status-publish","4":"has-post-thumbnail","6":"product_cat-dormitorio","7":"product_cat-sommier","8":"product_tag-cyber-fest-26","10":"first","11":"outofstock","12":"sale","13":"taxable","14":"shipping-taxable","15":"purchasable","16":"product-type-simple"},"acf":[],"aioseo_notices":[],"jetpack_sharing_enabled":true,"_links":{"self":[{"href":"https:\/\/www.lgamoblamientos.com\/nv\/wp-json\/wp\/v2\/product\/19111","targetHints":{"allow":["GET"]}}],"collection":[{"href":"https:\/\/www.lgamoblamientos.com\/nv\/wp-json\/wp\/v2\/product"}],"about":[{"href":"https:\/\/www.lgamoblamientos.com\/nv\/wp-json\/wp\/v2\/types\/product"}],"replies":[{"embeddable":true,"href":"https:\/\/www.lgamoblamientos.com\/nv\/wp-json\/wp\/v2\/comments?post=19111"}],"wp:featuredmedia":[{"embeddable":true,"href":"https:\/\/www.lgamoblamientos.com\/nv\/wp-json\/wp\/v2\/media\/19125"}],"wp:attachment":[{"href":"https:\/\/www.lgamoblamientos.com\/nv\/wp-json\/wp\/v2\/media?parent=19111"}],"wp:term":[{"taxonomy":"product_cat","embeddable":true,"href":"https:\/\/www.lgamoblamientos.com\/nv\/wp-json\/wp\/v2\/product_cat?post=19111"},{"taxonomy":"product_tag","embeddable":true,"href":"https:\/\/www.lgamoblamientos.com\/nv\/wp-json\/wp\/v2\/product_tag?post=19111"}],"curies":[{"name":"wp","href":"https:\/\/api.w.org\/{rel}","templated":true}]}}