{"id":20105,"date":"2020-09-07T13:06:19","date_gmt":"2020-09-07T16:06:19","guid":{"rendered":"https:\/\/www.lgamoblamientos.com\/nv\/?post_type=product&#038;p=20105"},"modified":"2025-10-29T14:32:06","modified_gmt":"2025-10-29T17:32:06","slug":"juego-de-jardineria-3-piezas-pala-escardillo-tramontina","status":"publish","type":"product","link":"https:\/\/www.lgamoblamientos.com\/nv\/product\/juego-de-jardineria-3-piezas-pala-escardillo-tramontina\/","title":{"rendered":"Juego De Jardiner\u00eda 3 Piezas Pala Escardillo Tramontina"},"content":{"rendered":"<p>SET DE 3 HERRAMIENTAS 3 PIEZAS<\/p>\n<p>El juego de jardiner\u00eda Tramontina Metal Parts con mango de madera de 3 piezas te ofrecer\u00e1 las herramientas necesarias.<\/p>\n<p>&#8211; El kit para jard\u00edn se utiliza en agricultura, horticultura, fruticultura y jardiner\u00eda para trabajos generales.<br \/>\n&#8211; La palita ancha se utiliza para excavar, retirar y transportar la tierra.<br \/>\n&#8211; El rastrillo se utiliza para ablandar la tierra y retirar residuos.<br \/>\n&#8211; El tenedor se utiliza para ablandar la tierra y revolver el suelo.<br \/>\n&#8211; Para el desecho de productos y embalajes, siga las orientaciones de reciclaje vigentes.<\/p>\n<p>&#8211; Las herramientas est\u00e1n hechas de acero al carbono especial de alta calidad.<br \/>\n&#8211; Reciben pintura en polvo electrost\u00e1tica, que tiene una mejor presentaci\u00f3n visual y una mayor protecci\u00f3n frente a la oxidaci\u00f3n.<br \/>\n&#8211; Los mangos de estas herramientas, adem\u00e1s de tener una excelente resistencia, est\u00e1n fabricados con madera de origen renovable.<br \/>\n&#8211; Cables con acabado barnizado, para un mejor acabado y presentaci\u00f3n del producto. La capa protectora de barniz incoloro realza su tonalidad aportando brillo y suavidad al producto.<br \/>\n&#8211; Productos ligeros, que generan menos esfuerzo f\u00edsico para el usuario y hacen m\u00e1s placentero el trabajo.<\/p>\n<p>*im\u00e1genes ilustrativas<\/p>\n","protected":false},"excerpt":{"rendered":"<p>SET DE 3 HERRAMIENTAS 3 PIEZAS El juego de jardiner\u00eda Tramontina Metal Parts con mango de madera de 3 piezas te ofrecer\u00e1 las herramientas necesarias. &#8211; El kit para jard\u00edn<\/p>\n","protected":false},"featured_media":37713,"comment_status":"open","ping_status":"closed","template":"","meta":{"_acf_changed":false,"_joinchat":[]},"product_cat":[51],"product_tag":[],"class_list":{"0":"post-20105","1":"product","2":"type-product","3":"status-publish","4":"has-post-thumbnail","6":"product_cat-jardin","7":"product_shipping_class-flex","9":"first","10":"outofstock","11":"taxable","12":"shipping-taxable","13":"purchasable","14":"product-type-simple"},"acf":[],"aioseo_notices":[],"jetpack_sharing_enabled":true,"_links":{"self":[{"href":"https:\/\/www.lgamoblamientos.com\/nv\/wp-json\/wp\/v2\/product\/20105","targetHints":{"allow":["GET"]}}],"collection":[{"href":"https:\/\/www.lgamoblamientos.com\/nv\/wp-json\/wp\/v2\/product"}],"about":[{"href":"https:\/\/www.lgamoblamientos.com\/nv\/wp-json\/wp\/v2\/types\/product"}],"replies":[{"embeddable":true,"href":"https:\/\/www.lgamoblamientos.com\/nv\/wp-json\/wp\/v2\/comments?post=20105"}],"wp:featuredmedia":[{"embeddable":true,"href":"https:\/\/www.lgamoblamientos.com\/nv\/wp-json\/wp\/v2\/media\/37713"}],"wp:attachment":[{"href":"https:\/\/www.lgamoblamientos.com\/nv\/wp-json\/wp\/v2\/media?parent=20105"}],"wp:term":[{"taxonomy":"product_cat","embeddable":true,"href":"https:\/\/www.lgamoblamientos.com\/nv\/wp-json\/wp\/v2\/product_cat?post=20105"},{"taxonomy":"product_tag","embeddable":true,"href":"https:\/\/www.lgamoblamientos.com\/nv\/wp-json\/wp\/v2\/product_tag?post=20105"}],"curies":[{"name":"wp","href":"https:\/\/api.w.org\/{rel}","templated":true}]}}