{"id":20135,"date":"2020-09-07T13:18:36","date_gmt":"2020-09-07T16:18:36","guid":{"rendered":"https:\/\/www.lgamoblamientos.com\/nv\/?post_type=product&#038;p=20135"},"modified":"2026-01-14T08:23:29","modified_gmt":"2026-01-14T11:23:29","slug":"pulverizador-fumigador-de-compresion-tramontina-5-lts","status":"publish","type":"product","link":"https:\/\/www.lgamoblamientos.com\/nv\/product\/pulverizador-fumigador-de-compresion-tramontina-5-lts\/","title":{"rendered":"Pulverizador Fumigador De Compresi\u00f3n Tramontina 5 Lts"},"content":{"rendered":"<p>PULVERIZADOR A COMPRESION 5 LTS<\/p>\n<p>Para ayudar a mantener su jard\u00edn y huerto libre de insectos no deseados, el rociador de compresi\u00f3n lateral Tramontina 5 L es ideal para usted. El producto tiene una varilla de bombeo con bloqueo de seguridad para evitar la activaci\u00f3n involuntaria, adem\u00e1s de un indicador de dosificaci\u00f3n ajustable.<\/p>\n<p>&#8211; Pulverizador con bomba de precompresi\u00f3n.<br \/>\n&#8211; Cuerpo de pl\u00e1stico de alta resistencia.<br \/>\n&#8211; Boquilla ancha, facilita el llenado.<br \/>\n&#8211; V\u00e1lvula limitadora de presi\u00f3n interna.<br \/>\n&#8211; Varilla de metal para presurizaci\u00f3n.<br \/>\n&#8211; Boquilla con chorro ajustable.<br \/>\n&#8211; Cintur\u00f3n de sujeci\u00f3n ajustable.<br \/>\n&#8211; Varilla de bombeo con bloqueo de seguridad, para evitar una activaci\u00f3n involuntaria.<br \/>\n&#8211; V\u00e1lvula de registro con bloqueo para pulverizaci\u00f3n continua, proporcionando mayor comodidad durante el uso.<br \/>\n&#8211; Equipado con una varilla para fijar la palanca de bombeo, conveniente para el almacenamiento o transporte del pulverizador.<br \/>\n&#8211; Para ayudar en el control de la dosificaci\u00f3n, el pulverizador tiene un indicador de capacidad en el propio tanque.<br \/>\n&#8211; Vers\u00e1til y resistente.<br \/>\n&#8211; Ligero y ergon\u00f3mico.<br \/>\n&#8211; Facil mantenimiento.<br \/>\n&#8211; Capacidad de 5 L.<\/p>\n<p>&#8211; UTILIZACI\u00d3N:<br \/>\nEl pulverizador es ideal para aplicar insecticidas, herbicidas, fungicidas, soluciones naturales, abono foliar y tambi\u00e9n para humidificar plantas.<\/p>\n<p>&#8211; MANTENIMIENTO:<br \/>\nDespu\u00e9s de su uso, vaciar completamente el tanque del pulverizador.<br \/>\nLave el dep\u00f3sito a fondo con agua limpia y detergente suave (si es necesario) despu\u00e9s de cada uso.<br \/>\nLubrique la arandela de sellado de la c\u00e1mara de aire con regularidad para garantizar un movimiento f\u00e1cil y evitar fugas de producto.<br \/>\nCuando la boquilla est\u00e9 obstruida, l\u00edmpiela con cuidado para evitar da\u00f1os.<br \/>\n&#8211; Para desechar productos y embalajes, siga las pautas de reciclaje actuales.<\/p>\n<p>*im\u00e1genes ilustrativas<\/p>\n","protected":false},"excerpt":{"rendered":"<p>PULVERIZADOR A COMPRESION 5 LTS Para ayudar a mantener su jard\u00edn y huerto libre de insectos no deseados, el rociador de compresi\u00f3n lateral Tramontina 5 L es ideal para usted.<\/p>\n","protected":false},"featured_media":20141,"comment_status":"open","ping_status":"closed","template":"","meta":{"_acf_changed":false,"_joinchat":[]},"product_cat":[51],"product_tag":[1219],"class_list":{"0":"post-20135","1":"product","2":"type-product","3":"status-publish","4":"has-post-thumbnail","6":"product_cat-jardin","7":"product_tag-cyber-fest-26","8":"product_shipping_class-flex","10":"first","11":"instock","12":"taxable","13":"shipping-taxable","14":"purchasable","15":"product-type-simple"},"acf":[],"aioseo_notices":[],"jetpack_sharing_enabled":true,"_links":{"self":[{"href":"https:\/\/www.lgamoblamientos.com\/nv\/wp-json\/wp\/v2\/product\/20135","targetHints":{"allow":["GET"]}}],"collection":[{"href":"https:\/\/www.lgamoblamientos.com\/nv\/wp-json\/wp\/v2\/product"}],"about":[{"href":"https:\/\/www.lgamoblamientos.com\/nv\/wp-json\/wp\/v2\/types\/product"}],"replies":[{"embeddable":true,"href":"https:\/\/www.lgamoblamientos.com\/nv\/wp-json\/wp\/v2\/comments?post=20135"}],"wp:featuredmedia":[{"embeddable":true,"href":"https:\/\/www.lgamoblamientos.com\/nv\/wp-json\/wp\/v2\/media\/20141"}],"wp:attachment":[{"href":"https:\/\/www.lgamoblamientos.com\/nv\/wp-json\/wp\/v2\/media?parent=20135"}],"wp:term":[{"taxonomy":"product_cat","embeddable":true,"href":"https:\/\/www.lgamoblamientos.com\/nv\/wp-json\/wp\/v2\/product_cat?post=20135"},{"taxonomy":"product_tag","embeddable":true,"href":"https:\/\/www.lgamoblamientos.com\/nv\/wp-json\/wp\/v2\/product_tag?post=20135"}],"curies":[{"name":"wp","href":"https:\/\/api.w.org\/{rel}","templated":true}]}}