{"id":20156,"date":"2020-09-07T13:26:41","date_gmt":"2020-09-07T16:26:41","guid":{"rendered":"https:\/\/www.lgamoblamientos.com\/nv\/?post_type=product&#038;p=20156"},"modified":"2026-05-15T13:58:08","modified_gmt":"2026-05-15T16:58:08","slug":"carro-enrollador-de-manguera-c-ruedas-para-80m-tramontina","status":"publish","type":"product","link":"https:\/\/www.lgamoblamientos.com\/nv\/product\/carro-enrollador-de-manguera-c-ruedas-para-80m-tramontina\/","title":{"rendered":"Carro Enrollador De Manguera C Ruedas Tramontina"},"content":{"rendered":"<p>CARRO ENROLLADOR DE MANGUERA CON RUEDAS PARA 80 M<\/p>\n<p>Para evitar que tu manguera se enrede y se rompa, necesitas un producto que sea pr\u00e1ctico para mantenerla organizada. El Enrollador de Manguera con Ruedas Tramontina es perfecto para esta funcionalidad.<\/p>\n<p>&#8211; Fabricado en polipropileno de alta resistencia, proporcionando mayor durabilidad y gran acabado.<br \/>\n&#8211; Las piezas met\u00e1licas tienen pintura en polvo electrost\u00e1tico, que tiene una mejor presentaci\u00f3n visual y una mayor protecci\u00f3n contra la oxidaci\u00f3n.<br \/>\n&#8211; Capacidad de almacenamiento de mangueras de 1\/2 \u00abhasta 80 metros.<br \/>\n&#8211; Con ruedas que facilitan el movimiento.<br \/>\n&#8211; Acompa\u00f1a 02 acoplamientos r\u00e1pidos (78506\/000) y 01 adaptador hembra con rosca externa de 3\/4\u00bb.<\/p>\n<p>*im\u00e1genes ilustrativas<\/p>\n","protected":false},"excerpt":{"rendered":"<p>CARRO ENROLLADOR DE MANGUERA CON RUEDAS PARA 80 M Para evitar que tu manguera se enrede y se rompa, necesitas un producto que sea pr\u00e1ctico para mantenerla organizada. El Enrollador<\/p>\n","protected":false},"featured_media":52309,"comment_status":"open","ping_status":"closed","template":"","meta":{"_acf_changed":false,"_joinchat":[]},"product_cat":[51],"product_tag":[1219],"class_list":{"0":"post-20156","1":"product","2":"type-product","3":"status-publish","4":"has-post-thumbnail","6":"product_cat-jardin","7":"product_tag-cyber-fest-26","8":"product_shipping_class-flex","10":"first","11":"instock","12":"sale","13":"taxable","14":"shipping-taxable","15":"purchasable","16":"product-type-simple"},"acf":[],"aioseo_notices":[],"jetpack_sharing_enabled":true,"_links":{"self":[{"href":"https:\/\/www.lgamoblamientos.com\/nv\/wp-json\/wp\/v2\/product\/20156","targetHints":{"allow":["GET"]}}],"collection":[{"href":"https:\/\/www.lgamoblamientos.com\/nv\/wp-json\/wp\/v2\/product"}],"about":[{"href":"https:\/\/www.lgamoblamientos.com\/nv\/wp-json\/wp\/v2\/types\/product"}],"replies":[{"embeddable":true,"href":"https:\/\/www.lgamoblamientos.com\/nv\/wp-json\/wp\/v2\/comments?post=20156"}],"wp:featuredmedia":[{"embeddable":true,"href":"https:\/\/www.lgamoblamientos.com\/nv\/wp-json\/wp\/v2\/media\/52309"}],"wp:attachment":[{"href":"https:\/\/www.lgamoblamientos.com\/nv\/wp-json\/wp\/v2\/media?parent=20156"}],"wp:term":[{"taxonomy":"product_cat","embeddable":true,"href":"https:\/\/www.lgamoblamientos.com\/nv\/wp-json\/wp\/v2\/product_cat?post=20156"},{"taxonomy":"product_tag","embeddable":true,"href":"https:\/\/www.lgamoblamientos.com\/nv\/wp-json\/wp\/v2\/product_tag?post=20156"}],"curies":[{"name":"wp","href":"https:\/\/api.w.org\/{rel}","templated":true}]}}