{"id":20535,"date":"2020-09-23T11:19:59","date_gmt":"2020-09-23T14:19:59","guid":{"rendered":"https:\/\/www.lgamoblamientos.com\/nv\/?post_type=product&#038;p=20535"},"modified":"2023-07-20T14:41:18","modified_gmt":"2023-07-20T17:41:18","slug":"isla-de-cocina-mesada-desayunador-madera-2-banquetas","status":"publish","type":"product","link":"https:\/\/www.lgamoblamientos.com\/nv\/product\/isla-de-cocina-mesada-desayunador-madera-2-banquetas\/","title":{"rendered":"Isla De Cocina Mesada Desayunador Madera + 2 Banquetas"},"content":{"rendered":"<p>ISLA COCINA MESADA DESAYUNADOR + 2 BANQUETAS<\/p>\n<p>&#8212;- ISLA COCINA MESADA DESAYUNADOR<\/p>\n<p>Colores Disponibles:<br \/>\nBlanco<br \/>\nRoble<br \/>\nNegro<\/p>\n<p>Para transformar su cocina en un ambiente elegante, sofisticado y organizado, nada mejor que decorarla con muebles de lujo.<br \/>\nTiene un dise\u00f1o moderno e innovador, as\u00ed como 4 estantes y 1 puerta, una excelente opci\u00f3n para su cocina<\/p>\n<p>1 Puerta, mas de 4 estantes<\/p>\n<p>Medidas (AxLxP): 93 x 140 x 50 cm.<\/p>\n<p>&#8212;- 2 BANCOS ALTO TABURETE ECO CUERO<\/p>\n<p>\u2022 Medidas: Ancho Asiento: 41 cm \/ Ancho Patas: 39 cm \/ Altura del asiento: 77 cm<br \/>\nAltura al apoya pie 32 cm<br \/>\nAltura Respaldo 30 cm<br \/>\n\u2022 Colores disponibles:<br \/>\nChocolate<br \/>\n\u2022 Material Eco Cuero<br \/>\n\u2022 Estructura acabada con pintura epoxi de alta resistencia, se le ha aplicado un tratamiento previo de fosfatado que mejora y alarga la vida \u00fatil.<br \/>\n\u2022 Al ser un producto polivalente, puede ser utilizado en bares, oficinas o incluso en hogares particulares.<\/p>\n","protected":false},"excerpt":{"rendered":"<p>ISLA COCINA MESADA DESAYUNADOR + 2 BANQUETAS &#8212;- ISLA COCINA MESADA DESAYUNADOR Colores Disponibles: Blanco Roble Negro Para transformar su cocina en un ambiente elegante, sofisticado y organizado, nada mejor<\/p>\n","protected":false},"featured_media":20536,"comment_status":"open","ping_status":"closed","template":"","meta":{"_acf_changed":false,"_joinchat":[]},"product_cat":[1000,37,44],"product_tag":[],"class_list":{"0":"post-20535","1":"product","2":"type-product","3":"status-publish","4":"has-post-thumbnail","6":"product_cat-comedor-living","7":"product_cat-comedores-sillas","8":"product_cat-bar-desayunadores","10":"first","11":"outofstock","12":"taxable","13":"shipping-taxable","14":"product-type-variable","15":"has-default-attributes"},"acf":[],"aioseo_notices":[],"jetpack_sharing_enabled":true,"_links":{"self":[{"href":"https:\/\/www.lgamoblamientos.com\/nv\/wp-json\/wp\/v2\/product\/20535","targetHints":{"allow":["GET"]}}],"collection":[{"href":"https:\/\/www.lgamoblamientos.com\/nv\/wp-json\/wp\/v2\/product"}],"about":[{"href":"https:\/\/www.lgamoblamientos.com\/nv\/wp-json\/wp\/v2\/types\/product"}],"replies":[{"embeddable":true,"href":"https:\/\/www.lgamoblamientos.com\/nv\/wp-json\/wp\/v2\/comments?post=20535"}],"wp:featuredmedia":[{"embeddable":true,"href":"https:\/\/www.lgamoblamientos.com\/nv\/wp-json\/wp\/v2\/media\/20536"}],"wp:attachment":[{"href":"https:\/\/www.lgamoblamientos.com\/nv\/wp-json\/wp\/v2\/media?parent=20535"}],"wp:term":[{"taxonomy":"product_cat","embeddable":true,"href":"https:\/\/www.lgamoblamientos.com\/nv\/wp-json\/wp\/v2\/product_cat?post=20535"},{"taxonomy":"product_tag","embeddable":true,"href":"https:\/\/www.lgamoblamientos.com\/nv\/wp-json\/wp\/v2\/product_tag?post=20535"}],"curies":[{"name":"wp","href":"https:\/\/api.w.org\/{rel}","templated":true}]}}