{"id":20581,"date":"2020-09-24T14:47:55","date_gmt":"2020-09-24T17:47:55","guid":{"rendered":"https:\/\/www.lgamoblamientos.com\/nv\/?post_type=product&#038;p=20581"},"modified":"2026-04-13T15:06:05","modified_gmt":"2026-04-13T18:06:05","slug":"juego-bateria-acero-tramontina-induccion-4-piezas-allegra","status":"publish","type":"product","link":"https:\/\/www.lgamoblamientos.com\/nv\/product\/juego-bateria-acero-tramontina-induccion-4-piezas-allegra\/","title":{"rendered":"Juego Bater\u00eda Acero Tramontina Inducci\u00f3n 4 Piezas Allegra"},"content":{"rendered":"<p>JUEGO DE BATERIA 4 PIEZAS ALLEGRA TRAMONTINA<\/p>\n<p>\u2013 Linea: Allegra.<br \/>\n\u2013 Fondo triple: Acero inoxidable + Aluminio + Acero inoxidable.<br \/>\n\u2013 Tapas de Aluminio<br \/>\n\u2013 4 Piezas.<br \/>\n\u2013 Contiene:<br \/>\n1 Olla: 1.58 L \/ \u00d816 CM<br \/>\n1 Olla: 4.00 L \/ \u00d8 24 CM<br \/>\n1 Olla: 3.04 L \/ \u00d8 20 CM<br \/>\n1 Sarten: 1.3 L \/ \u00d8 20 CM.<\/p>\n<p>&#8211; Para Induccion, Gas , Electrico, Vitroceramica<\/p>\n<p>Fondo triple (acero inoxidable + aluminio + acero inoxidable) Distribuye el calor uniformemente, proporcionando una cocci\u00f3n m\u00e1s r\u00e1pida y uniforme, ahorrando energ\u00eda y manteniendo los alimentos calientes durante un tiempo mayor.<\/p>\n<p>*im\u00e1genes ilustrativas<\/p>\n","protected":false},"excerpt":{"rendered":"<p>JUEGO DE BATERIA 4 PIEZAS ALLEGRA TRAMONTINA \u2013 Linea: Allegra. \u2013 Fondo triple: Acero inoxidable + Aluminio + Acero inoxidable. \u2013 Tapas de Aluminio \u2013 4 Piezas. \u2013 Contiene: 1<\/p>\n","protected":false},"featured_media":20582,"comment_status":"open","ping_status":"closed","template":"","meta":{"_acf_changed":false,"_joinchat":[]},"product_cat":[65],"product_tag":[1219],"class_list":{"0":"post-20581","1":"product","2":"type-product","3":"status-publish","4":"has-post-thumbnail","6":"product_cat-bazar","7":"product_tag-cyber-fest-26","8":"product_shipping_class-flex","10":"first","11":"instock","12":"sale","13":"taxable","14":"shipping-taxable","15":"purchasable","16":"product-type-simple"},"acf":[],"aioseo_notices":[],"jetpack_sharing_enabled":true,"_links":{"self":[{"href":"https:\/\/www.lgamoblamientos.com\/nv\/wp-json\/wp\/v2\/product\/20581","targetHints":{"allow":["GET"]}}],"collection":[{"href":"https:\/\/www.lgamoblamientos.com\/nv\/wp-json\/wp\/v2\/product"}],"about":[{"href":"https:\/\/www.lgamoblamientos.com\/nv\/wp-json\/wp\/v2\/types\/product"}],"replies":[{"embeddable":true,"href":"https:\/\/www.lgamoblamientos.com\/nv\/wp-json\/wp\/v2\/comments?post=20581"}],"wp:featuredmedia":[{"embeddable":true,"href":"https:\/\/www.lgamoblamientos.com\/nv\/wp-json\/wp\/v2\/media\/20582"}],"wp:attachment":[{"href":"https:\/\/www.lgamoblamientos.com\/nv\/wp-json\/wp\/v2\/media?parent=20581"}],"wp:term":[{"taxonomy":"product_cat","embeddable":true,"href":"https:\/\/www.lgamoblamientos.com\/nv\/wp-json\/wp\/v2\/product_cat?post=20581"},{"taxonomy":"product_tag","embeddable":true,"href":"https:\/\/www.lgamoblamientos.com\/nv\/wp-json\/wp\/v2\/product_tag?post=20581"}],"curies":[{"name":"wp","href":"https:\/\/api.w.org\/{rel}","templated":true}]}}