{"id":20585,"date":"2020-09-24T17:24:28","date_gmt":"2020-09-24T20:24:28","guid":{"rendered":"https:\/\/www.lgamoblamientos.com\/nv\/?post_type=product&#038;p=20585"},"modified":"2025-02-15T19:01:13","modified_gmt":"2025-02-15T22:01:13","slug":"2-ollas-acero-induccion-tramontina-allegra-caldera","status":"publish","type":"product","link":"https:\/\/www.lgamoblamientos.com\/nv\/product\/2-ollas-acero-induccion-tramontina-allegra-caldera\/","title":{"rendered":"2 Ollas Acero Inducci\u00f3n Tramontina Allegra + Caldera"},"content":{"rendered":"<p>OLLA ACERO INOX ALLEGRA 4,4 LTS + OLLA ACERO INOX ALLEGRA 7,5 LTS + CALDERA TETERA TRAMONTINA ACERO INOX 1,5 LTS<\/p>\n<p>Incluye: 1 Olla 4,4 Lts + 1 Olla 7,5 Lts + 1 Caldera<\/p>\n<p>&#8212;&#8211;OLLA ACERO INOX ALLEGRA 4,4 LTS TRAMONTINA<\/p>\n<p>La olla alta de acero inoxidable con fondo triple de 20 cm de di\u00e1metro y 4,4 l Tramontina de la l\u00ednea Allegra combina practicidad con tecnolog\u00eda diferenciada. Posee fondo triple (acero inoxidable + aluminio + acero inoxidable). Posee 20 cm de di\u00e1metro y viene con una tapa con salida de vapor. Asimismo facilita la limpieza e incluso puede lavarse diariamente en el lavavajillas.<\/p>\n<p>Olla Tramontina Allegra.<br \/>\n\u2013 Triple fondo. (Acero inoxidable + Aluminio + Acero inoxidable)<br \/>\n\u2013 Medidas: Diametro 20 cm.<br \/>\n\u2013 4,40 litros.<br \/>\n\u2013 Para Inducci\u00f3n.<\/p>\n<p>&#8212;&#8211;OLLA ACERO INOX ALLEGRA 7,5 LTS TRAMONTINA<\/p>\n<p>La olla alta de acero inoxidable con fondo triple de 24 cm de di\u00e1metro y 7,5 l Tramontina de la l\u00ednea Allegra combina practicidad con tecnolog\u00eda diferenciada. Posee fondo triple (acero inoxidable + aluminio + acero inoxidable). Posee 24 cm de di\u00e1metro y viene con una tapa con salida de vapor. Asimismo facilita la limpieza e incluso puede lavarse diariamente en el lavavajillas.<\/p>\n<p>Olla Tramontina.<br \/>\n\u2013 Linea: Allegra.<br \/>\n\u2013 Fondo triple: Acero inoxidable + Aluminio + Acero inoxidable.<br \/>\n\u2013 Medidas: Diametro 24 cm. \u2013 7,5 Litros.<br \/>\n\u2013 Tapa de Acero.<br \/>\n\u2013 Para Induccion<\/p>\n<p>&#8212;&#8211;CALDERA TETERA TRAMONTINA ACERO INOX 1,5 LTS<\/p>\n<p>La belleza est\u00e1 acompa\u00f1ada de seguridad total con la tetera Tramontina de acero inoxidable con fondo triple y mango negro de 1,5 L. Un producto que une un dise\u00f1o sofisticado y encantador.<\/p>\n<p>Hecha de acero inoxidable, por eso no suelta ning\u00fan residuo en los alimentos<br \/>\nAltamente durable, mantiene sus caracter\u00edsticas originales, conservando la belleza, la higiene y la durabilidad del material.<br \/>\nTerminaci\u00f3n alto brillo que valoriza el producto.<br \/>\nTiene mango de material especial que no deja pasar el calor.<br \/>\nTapa con encaje especial que no permite p\u00e9rdidas y no se cae al servir.<br \/>\nSe puede utilizar en cocinas: a gas, el\u00e9ctricas, sobre vidriado cer\u00e2mico y de inducci\u00f3n.<\/p>\n<p>*im\u00e1genes ilustrativas<\/p>\n","protected":false},"excerpt":{"rendered":"<p>OLLA ACERO INOX ALLEGRA 4,4 LTS + OLLA ACERO INOX ALLEGRA 7,5 LTS + CALDERA TETERA TRAMONTINA ACERO INOX 1,5 LTS Incluye: 1 Olla 4,4 Lts + 1 Olla 7,5<\/p>\n","protected":false},"featured_media":20586,"comment_status":"open","ping_status":"closed","template":"","meta":{"_acf_changed":false,"_joinchat":[]},"product_cat":[65],"product_tag":[],"class_list":{"0":"post-20585","1":"product","2":"type-product","3":"status-publish","4":"has-post-thumbnail","6":"product_cat-bazar","7":"product_shipping_class-flex","9":"first","10":"outofstock","11":"sale","12":"taxable","13":"shipping-taxable","14":"purchasable","15":"product-type-simple"},"acf":[],"aioseo_notices":[],"jetpack_sharing_enabled":true,"_links":{"self":[{"href":"https:\/\/www.lgamoblamientos.com\/nv\/wp-json\/wp\/v2\/product\/20585","targetHints":{"allow":["GET"]}}],"collection":[{"href":"https:\/\/www.lgamoblamientos.com\/nv\/wp-json\/wp\/v2\/product"}],"about":[{"href":"https:\/\/www.lgamoblamientos.com\/nv\/wp-json\/wp\/v2\/types\/product"}],"replies":[{"embeddable":true,"href":"https:\/\/www.lgamoblamientos.com\/nv\/wp-json\/wp\/v2\/comments?post=20585"}],"wp:featuredmedia":[{"embeddable":true,"href":"https:\/\/www.lgamoblamientos.com\/nv\/wp-json\/wp\/v2\/media\/20586"}],"wp:attachment":[{"href":"https:\/\/www.lgamoblamientos.com\/nv\/wp-json\/wp\/v2\/media?parent=20585"}],"wp:term":[{"taxonomy":"product_cat","embeddable":true,"href":"https:\/\/www.lgamoblamientos.com\/nv\/wp-json\/wp\/v2\/product_cat?post=20585"},{"taxonomy":"product_tag","embeddable":true,"href":"https:\/\/www.lgamoblamientos.com\/nv\/wp-json\/wp\/v2\/product_tag?post=20585"}],"curies":[{"name":"wp","href":"https:\/\/api.w.org\/{rel}","templated":true}]}}