{"id":20768,"date":"2020-10-09T13:04:59","date_gmt":"2020-10-09T16:04:59","guid":{"rendered":"https:\/\/www.lgamoblamientos.com\/nv\/?post_type=product&#038;p=20768"},"modified":"2022-08-04T15:39:57","modified_gmt":"2022-08-04T18:39:57","slug":"colchon-inflable-2-plazas-queen-c-bomba-de-aire-bestway-2","status":"publish","type":"product","link":"https:\/\/www.lgamoblamientos.com\/nv\/product\/colchon-inflable-2-plazas-queen-c-bomba-de-aire-bestway-2\/","title":{"rendered":"Colchon Inflable 2 Plazas Queen C\/ Bomba De Aire Bestway"},"content":{"rendered":"<p>COLCHON INFLABLE 2 PLAZAS QUEEN BESTWAY<\/p>\n<p>\u2022 Tama\u00f1o Inflado: Largo 2,03 m x Ancho 1,52 m x Altura 0,51 m<br \/>\n\u2022 V\u00e1lvula de salida r\u00e1pida del aire interconectada<br \/>\nSoporta hasta 295 Kg<\/p>\n<p>\u2022 FortechTM es el resultado de la fusi\u00f3n del denso poli\u00e9ster y el duradero PVC, con lo cual ofrece altos niveles de resistencia, durabilidad y confort<br \/>\n\u2022 S\u00f3lida construcci\u00f3n con travesa\u00f1os en Y, r\u00edgida y estable<br \/>\n\u2022 El s\u00f3lido borde de la estructura de dise\u00f1o envolvente sirve de apoyo y ofrece estabilidad durante la noche<br \/>\n\u2022 Panel de la bomba claro y f\u00e1cil de usar<br \/>\n\u2022 Puesta en marcha f\u00e1cil con un solo clic<br \/>\n\u2022 3 opciones de firmeza para colch\u00f3n hinchable<br \/>\n\u2022 Los sensores internos detectan la presi\u00f3n del aire de manera continua y la silenciosa bomba mantiene una firmeza constante.<br \/>\n\u2022 La tenue retroiluminaci\u00f3n permite ver con facilidad los niveles ajustados incluso en una habitaci\u00f3n oscura<br \/>\n\u2022 Ideal para usar en interiores<br \/>\n\u2022 Se hincha en 150 segundos<br \/>\n\u2022 Bolsa de transporte incluida<\/p>\n<p>\u2022 Contenido: Una cama de aire, una bolsa de transporte, bolsa de reparaci\u00f3n<\/p>\n","protected":false},"excerpt":{"rendered":"<p>COLCHON INFLABLE 2 PLAZAS QUEEN BESTWAY \u2022 Tama\u00f1o Inflado: Largo 2,03 m x Ancho 1,52 m x Altura 0,51 m \u2022 V\u00e1lvula de salida r\u00e1pida del aire interconectada Soporta hasta<\/p>\n","protected":false},"featured_media":20769,"comment_status":"open","ping_status":"closed","template":"","meta":{"_acf_changed":false,"_joinchat":[]},"product_cat":[63],"product_tag":[],"class_list":{"0":"post-20768","1":"product","2":"type-product","3":"status-publish","4":"has-post-thumbnail","6":"product_cat-camping","8":"first","9":"outofstock","10":"taxable","11":"shipping-taxable","12":"purchasable","13":"product-type-simple"},"acf":[],"aioseo_notices":[],"jetpack_sharing_enabled":true,"_links":{"self":[{"href":"https:\/\/www.lgamoblamientos.com\/nv\/wp-json\/wp\/v2\/product\/20768","targetHints":{"allow":["GET"]}}],"collection":[{"href":"https:\/\/www.lgamoblamientos.com\/nv\/wp-json\/wp\/v2\/product"}],"about":[{"href":"https:\/\/www.lgamoblamientos.com\/nv\/wp-json\/wp\/v2\/types\/product"}],"replies":[{"embeddable":true,"href":"https:\/\/www.lgamoblamientos.com\/nv\/wp-json\/wp\/v2\/comments?post=20768"}],"wp:featuredmedia":[{"embeddable":true,"href":"https:\/\/www.lgamoblamientos.com\/nv\/wp-json\/wp\/v2\/media\/20769"}],"wp:attachment":[{"href":"https:\/\/www.lgamoblamientos.com\/nv\/wp-json\/wp\/v2\/media?parent=20768"}],"wp:term":[{"taxonomy":"product_cat","embeddable":true,"href":"https:\/\/www.lgamoblamientos.com\/nv\/wp-json\/wp\/v2\/product_cat?post=20768"},{"taxonomy":"product_tag","embeddable":true,"href":"https:\/\/www.lgamoblamientos.com\/nv\/wp-json\/wp\/v2\/product_tag?post=20768"}],"curies":[{"name":"wp","href":"https:\/\/api.w.org\/{rel}","templated":true}]}}