{"id":21325,"date":"2020-11-16T09:37:01","date_gmt":"2020-11-16T12:37:01","guid":{"rendered":"https:\/\/www.lgamoblamientos.com\/nv\/?post_type=product&#038;p=21325"},"modified":"2025-09-27T12:35:08","modified_gmt":"2025-09-27T15:35:08","slug":"silla-de-plastico-sin-brazos-patas-aluminio","status":"publish","type":"product","link":"https:\/\/www.lgamoblamientos.com\/nv\/product\/silla-de-plastico-sin-brazos-patas-aluminio\/","title":{"rendered":"Silla De Pl\u00e1stico Sin Brazos Patas Aluminio"},"content":{"rendered":"<p>SILLA PL\u00c1STICO Y ALUMINIO<\/p>\n<p>Silla sin brazos con patas de aluminio y estructura de pl\u00e1stico.<br \/>\nMedidas: Ancho 44 cm x Prof 41 cm x Altura 84 cm<br \/>\nColores Disponibles: Negro<\/p>\n<p>Para evitar los efectos adversos de las condiciones exteriores las sillas de pl\u00e1stico est\u00e1n equipadas con estabilizadores UV, y para evitar la decoloraci\u00f3n, se utiliza pintura resistente a la luz. No hay problema en el color de nuestros asientos con el tiempo. Las patas no est\u00e1n expuestas a la corrosi\u00f3n debido a que son de aluminio. El asiento y la espalda est\u00e1n dise\u00f1adas con una estructura ergon\u00f3mica. Son apilables.<\/p>\n","protected":false},"excerpt":{"rendered":"<p>SILLA PL\u00c1STICO Y ALUMINIO Silla sin brazos con patas de aluminio y estructura de pl\u00e1stico. Medidas: Ancho 44 cm x Prof 41 cm x Altura 84 cm Colores Disponibles: Negro<\/p>\n","protected":false},"featured_media":21326,"comment_status":"open","ping_status":"closed","template":"","meta":{"_acf_changed":false,"_joinchat":[]},"product_cat":[1000,51,37],"product_tag":[],"class_list":{"0":"post-21325","1":"product","2":"type-product","3":"status-publish","4":"has-post-thumbnail","6":"product_cat-comedor-living","7":"product_cat-jardin","8":"product_cat-comedores-sillas","9":"product_shipping_class-flex","11":"first","12":"outofstock","13":"taxable","14":"shipping-taxable","15":"product-type-simple"},"acf":[],"aioseo_notices":[],"jetpack_sharing_enabled":true,"_links":{"self":[{"href":"https:\/\/www.lgamoblamientos.com\/nv\/wp-json\/wp\/v2\/product\/21325","targetHints":{"allow":["GET"]}}],"collection":[{"href":"https:\/\/www.lgamoblamientos.com\/nv\/wp-json\/wp\/v2\/product"}],"about":[{"href":"https:\/\/www.lgamoblamientos.com\/nv\/wp-json\/wp\/v2\/types\/product"}],"replies":[{"embeddable":true,"href":"https:\/\/www.lgamoblamientos.com\/nv\/wp-json\/wp\/v2\/comments?post=21325"}],"wp:featuredmedia":[{"embeddable":true,"href":"https:\/\/www.lgamoblamientos.com\/nv\/wp-json\/wp\/v2\/media\/21326"}],"wp:attachment":[{"href":"https:\/\/www.lgamoblamientos.com\/nv\/wp-json\/wp\/v2\/media?parent=21325"}],"wp:term":[{"taxonomy":"product_cat","embeddable":true,"href":"https:\/\/www.lgamoblamientos.com\/nv\/wp-json\/wp\/v2\/product_cat?post=21325"},{"taxonomy":"product_tag","embeddable":true,"href":"https:\/\/www.lgamoblamientos.com\/nv\/wp-json\/wp\/v2\/product_tag?post=21325"}],"curies":[{"name":"wp","href":"https:\/\/api.w.org\/{rel}","templated":true}]}}