{"id":21329,"date":"2020-11-16T10:16:03","date_gmt":"2020-11-16T13:16:03","guid":{"rendered":"https:\/\/www.lgamoblamientos.com\/nv\/?post_type=product&#038;p=21329"},"modified":"2025-05-21T08:39:34","modified_gmt":"2025-05-21T11:39:34","slug":"mesa-de-plastico-cuadrada-apilable-bela-vista-mor","status":"publish","type":"product","link":"https:\/\/www.lgamoblamientos.com\/nv\/product\/mesa-de-plastico-cuadrada-apilable-bela-vista-mor\/","title":{"rendered":"Mesa De Plastico Cuadrada Apilable Bela Vista Mor"},"content":{"rendered":"<p>MESA CUADRADA PLASTICO MOR<\/p>\n<p>Las mesas Bela Vista se caracterizan por ser pr\u00e1cticas y muy resistentes, producidas en polipropileno con material 100% virgen, poseen protecci\u00f3n contra rayos UV, lo que garantiza mayor durabilidad, adem\u00e1s de soportar hasta 30kg distribuidos.<\/p>\n<p>* Medida: 70 cm x 70 cm x 70.5 cm<br \/>\n* Material: Polipropileno 100% virgen<br \/>\n* Protecci\u00f3n UV<br \/>\n* Apilable<br \/>\n* Soporta hasta: 30 Kg. distribuidos<br \/>\n* Color: Blanco<br \/>\n* Marca: MOR<\/p>\n","protected":false},"excerpt":{"rendered":"<p>MESA CUADRADA PLASTICO MOR Las mesas Bela Vista se caracterizan por ser pr\u00e1cticas y muy resistentes, producidas en polipropileno con material 100% virgen, poseen protecci\u00f3n contra rayos UV, lo que<\/p>\n","protected":false},"featured_media":21332,"comment_status":"open","ping_status":"closed","template":"","meta":{"_acf_changed":false,"_joinchat":[]},"product_cat":[51],"product_tag":[],"class_list":{"0":"post-21329","1":"product","2":"type-product","3":"status-publish","4":"has-post-thumbnail","6":"product_cat-jardin","7":"product_shipping_class-flex","9":"first","10":"outofstock","11":"taxable","12":"shipping-taxable","13":"purchasable","14":"product-type-simple"},"acf":[],"aioseo_notices":[],"jetpack_sharing_enabled":true,"_links":{"self":[{"href":"https:\/\/www.lgamoblamientos.com\/nv\/wp-json\/wp\/v2\/product\/21329","targetHints":{"allow":["GET"]}}],"collection":[{"href":"https:\/\/www.lgamoblamientos.com\/nv\/wp-json\/wp\/v2\/product"}],"about":[{"href":"https:\/\/www.lgamoblamientos.com\/nv\/wp-json\/wp\/v2\/types\/product"}],"replies":[{"embeddable":true,"href":"https:\/\/www.lgamoblamientos.com\/nv\/wp-json\/wp\/v2\/comments?post=21329"}],"wp:featuredmedia":[{"embeddable":true,"href":"https:\/\/www.lgamoblamientos.com\/nv\/wp-json\/wp\/v2\/media\/21332"}],"wp:attachment":[{"href":"https:\/\/www.lgamoblamientos.com\/nv\/wp-json\/wp\/v2\/media?parent=21329"}],"wp:term":[{"taxonomy":"product_cat","embeddable":true,"href":"https:\/\/www.lgamoblamientos.com\/nv\/wp-json\/wp\/v2\/product_cat?post=21329"},{"taxonomy":"product_tag","embeddable":true,"href":"https:\/\/www.lgamoblamientos.com\/nv\/wp-json\/wp\/v2\/product_tag?post=21329"}],"curies":[{"name":"wp","href":"https:\/\/api.w.org\/{rel}","templated":true}]}}