{"id":22075,"date":"2021-01-08T11:17:35","date_gmt":"2021-01-08T14:17:35","guid":{"rendered":"https:\/\/www.lgamoblamientos.com\/nv\/?post_type=product&#038;p=22075"},"modified":"2021-07-29T10:09:55","modified_gmt":"2021-07-29T13:09:55","slug":"colchon-inflable-con-bomba-incluida-bestway","status":"publish","type":"product","link":"https:\/\/www.lgamoblamientos.com\/nv\/product\/colchon-inflable-con-bomba-incluida-bestway\/","title":{"rendered":"Colch\u00f3n Inflable Con Bomba Incluida Bestway"},"content":{"rendered":"<p>COLCH\u00d3N INFLABLE BESTWAY<\/p>\n<div id=\"fq49c\">\n<p>Caracter\u00edsticas Airelite\u2122 almohada bomba<\/p>\n<p>\u2022 <span class=\"a-list-item\">Inflado r\u00e1pido: gracias a la bomba de compresi\u00f3n. <\/span>F\u00e1cilmente se infla cama dentro de 50 segundos<\/p>\n<p><span class=\"a-list-item\">\u2022 F\u00e1cil de usar: el colch\u00f3n es f\u00e1cil de transportar y almacenar<\/span><\/p>\n<p><span style=\"font-size: 0.9rem;\">\u2022 C\u00f3modo <\/span>colch\u00f3n<span style=\"font-size: 0.9rem;\"> para dormir<\/span><\/p>\n<p><span style=\"font-size: 0.9rem;\">\u2022 <span class=\"a-list-item\">Apto para exteriores: <\/span>Ideal para uso al aire libre <span class=\"a-list-item\">para camping u otras actividades<\/span><\/span><\/p>\n<\/div>\n<div id=\"nc3gj\">\n<p>\u2022 Vinilo probado resistente<\/p>\n<p><span class=\"a-list-item\">\u2022 Incluye: Colch\u00f3n inflable, bomba de compresi\u00f3n, bolsa de transporte y parches de reparaci\u00f3n.\u00a0 <\/span><\/p>\n<p><span class=\"a-list-item\">Dimensiones: 188 x 99 x 22 cm<\/span><\/p>\n<\/div>\n","protected":false},"excerpt":{"rendered":"<p>COLCH\u00d3N INFLABLE BESTWAY Caracter\u00edsticas Airelite\u2122 almohada bomba \u2022 Inflado r\u00e1pido: gracias a la bomba de compresi\u00f3n. F\u00e1cilmente se infla cama dentro de 50 segundos \u2022 F\u00e1cil de usar: el colch\u00f3n<\/p>\n","protected":false},"featured_media":22077,"comment_status":"open","ping_status":"closed","template":"","meta":{"_acf_changed":false,"_joinchat":[]},"product_cat":[63],"product_tag":[],"class_list":{"0":"post-22075","1":"product","2":"type-product","3":"status-publish","4":"has-post-thumbnail","6":"product_cat-camping","8":"first","9":"instock","10":"taxable","11":"shipping-taxable","12":"purchasable","13":"product-type-simple"},"acf":[],"aioseo_notices":[],"jetpack_sharing_enabled":true,"_links":{"self":[{"href":"https:\/\/www.lgamoblamientos.com\/nv\/wp-json\/wp\/v2\/product\/22075","targetHints":{"allow":["GET"]}}],"collection":[{"href":"https:\/\/www.lgamoblamientos.com\/nv\/wp-json\/wp\/v2\/product"}],"about":[{"href":"https:\/\/www.lgamoblamientos.com\/nv\/wp-json\/wp\/v2\/types\/product"}],"replies":[{"embeddable":true,"href":"https:\/\/www.lgamoblamientos.com\/nv\/wp-json\/wp\/v2\/comments?post=22075"}],"wp:featuredmedia":[{"embeddable":true,"href":"https:\/\/www.lgamoblamientos.com\/nv\/wp-json\/wp\/v2\/media\/22077"}],"wp:attachment":[{"href":"https:\/\/www.lgamoblamientos.com\/nv\/wp-json\/wp\/v2\/media?parent=22075"}],"wp:term":[{"taxonomy":"product_cat","embeddable":true,"href":"https:\/\/www.lgamoblamientos.com\/nv\/wp-json\/wp\/v2\/product_cat?post=22075"},{"taxonomy":"product_tag","embeddable":true,"href":"https:\/\/www.lgamoblamientos.com\/nv\/wp-json\/wp\/v2\/product_tag?post=22075"}],"curies":[{"name":"wp","href":"https:\/\/api.w.org\/{rel}","templated":true}]}}