{"id":22210,"date":"2021-01-14T13:27:31","date_gmt":"2021-01-14T16:27:31","guid":{"rendered":"https:\/\/www.lgamoblamientos.com\/nv\/?post_type=product&#038;p=22210"},"modified":"2025-09-27T08:00:10","modified_gmt":"2025-09-27T11:00:10","slug":"escritorio-mesa-pc-malta-4-cajones-hogar-oficina","status":"publish","type":"product","link":"https:\/\/www.lgamoblamientos.com\/nv\/product\/escritorio-mesa-pc-malta-4-cajones-hogar-oficina\/","title":{"rendered":"Escritorio Mesa Pc Malta 4 Cajones Hogar Oficina"},"content":{"rendered":"<p>ESCRITORIO MALTA 4 CAJONES<\/p>\n<p>Colores: Casta\u00f1o o Blanco<br \/>\nMaterial: MDP 15mm y panel de fibra 3mm (fondo de caj\u00f3n)<br \/>\nAcabado: Finish foil (FF)<br \/>\nCajones: 4 cajones<br \/>\nPies: 6 patas pl\u00e1sticas<br \/>\nManillas: 4 manillas pl\u00e1sticas<br \/>\nCapacidad: 25 kg en la cabeza superior, 2 kg en cada caj\u00f3n<br \/>\nArmado revesible: Si<br \/>\nDimensiones (Alto x Ancho x Profundidad):75,5cm x 120cm x 46,5cm<br \/>\nPeso aproximado:32,00Kg<br \/>\nCorredera: Met\u00e1lica<\/p>\n","protected":false},"excerpt":{"rendered":"<p>ESCRITORIO MALTA 4 CAJONES Colores: Casta\u00f1o o Blanco Material: MDP 15mm y panel de fibra 3mm (fondo de caj\u00f3n) Acabado: Finish foil (FF) Cajones: 4 cajones Pies: 6 patas pl\u00e1sticas<\/p>\n","protected":false},"featured_media":22211,"comment_status":"open","ping_status":"closed","template":"","meta":{"_acf_changed":false,"_joinchat":[]},"product_cat":[999,93],"product_tag":[],"class_list":{"0":"post-22210","1":"product","2":"type-product","3":"status-publish","4":"has-post-thumbnail","6":"product_cat-oficina","7":"product_cat-escritorios","8":"product_shipping_class-flex","10":"first","11":"outofstock","12":"taxable","13":"shipping-taxable","14":"product-type-variable"},"acf":[],"aioseo_notices":[],"jetpack_sharing_enabled":true,"_links":{"self":[{"href":"https:\/\/www.lgamoblamientos.com\/nv\/wp-json\/wp\/v2\/product\/22210","targetHints":{"allow":["GET"]}}],"collection":[{"href":"https:\/\/www.lgamoblamientos.com\/nv\/wp-json\/wp\/v2\/product"}],"about":[{"href":"https:\/\/www.lgamoblamientos.com\/nv\/wp-json\/wp\/v2\/types\/product"}],"replies":[{"embeddable":true,"href":"https:\/\/www.lgamoblamientos.com\/nv\/wp-json\/wp\/v2\/comments?post=22210"}],"wp:featuredmedia":[{"embeddable":true,"href":"https:\/\/www.lgamoblamientos.com\/nv\/wp-json\/wp\/v2\/media\/22211"}],"wp:attachment":[{"href":"https:\/\/www.lgamoblamientos.com\/nv\/wp-json\/wp\/v2\/media?parent=22210"}],"wp:term":[{"taxonomy":"product_cat","embeddable":true,"href":"https:\/\/www.lgamoblamientos.com\/nv\/wp-json\/wp\/v2\/product_cat?post=22210"},{"taxonomy":"product_tag","embeddable":true,"href":"https:\/\/www.lgamoblamientos.com\/nv\/wp-json\/wp\/v2\/product_tag?post=22210"}],"curies":[{"name":"wp","href":"https:\/\/api.w.org\/{rel}","templated":true}]}}