{"id":22490,"date":"2021-02-03T15:50:01","date_gmt":"2021-02-03T18:50:01","guid":{"rendered":"https:\/\/www.lgamoblamientos.com\/nv\/?post_type=product&#038;p=22490"},"modified":"2026-01-07T00:00:58","modified_gmt":"2026-01-07T03:00:58","slug":"400ml-spray-pintura-en-aerosol-interior-exterior","status":"publish","type":"product","link":"https:\/\/www.lgamoblamientos.com\/nv\/product\/400ml-spray-pintura-en-aerosol-interior-exterior\/","title":{"rendered":"400ml Spray Pintura En Aerosol Interior Exterior"},"content":{"rendered":"<p>ESMALTE AEROSOL SPRAY 400 ML 7CF<br \/>\nCod. 26135VIO\/26203AMA\/26201AZUL\/26200BLBRILLO\/26207BLMATE\/26437GRCLARO\/26420GROSCURO\/26206NEBRILLO\/26204NEMATE\/26211RO<\/p>\n<p>Spray 400 ml<br \/>\nPara interior o exterior<br \/>\nUso: Metal y Madera<br \/>\nMarca: 7CF<br \/>\nColores:<br \/>\nRojo<br \/>\nVioleta<br \/>\nAmarillo<br \/>\nAzul<br \/>\nBlanco Brillante<br \/>\nBlanco Mate<br \/>\nNegro Brillante<br \/>\nNegro Mate<br \/>\nGris Claro<br \/>\nGris Oscuro<br \/>\nBeige<br \/>\nBronce<br \/>\nMarron<br \/>\nNaranja<br \/>\nPlata<br \/>\nVerde Ingles<br \/>\nAnti oxido<\/p>\n<p class=\"\"><strong>Esmaltes en Aerosol:<\/strong><br \/>\nSe destacan por su f\u00e1cil aplicaci\u00f3n, buen cubritivo, r\u00e1pido secado y buena adherencia.<br \/>\nSe presenta en varios colores y brillos, incluyendo metalizados, fluorescentes, lacas y alta temperatura.<br \/>\nSe entrega con dos botones de v\u00e1lvula para distinto tama\u00f1o de abanico, lo que optimiza la aplicaci\u00f3n o para reposici\u00f3n de bot\u00f3n<\/p>\n<p class=\"\"><strong>Estos productos no contienen CFC\u2019s<\/strong><br \/>\n<strong>Usos:<\/strong>\u00a0Sobre cer\u00e1mica, met\u00e1licos, maderas, vidrios, pl\u00e1sticos, etc.<\/p>\n<p class=\"\"><strong>Preparaci\u00f3n de superficie y aplicaci\u00f3n:<\/strong><br \/>\nLimpie la superficie a pintar eliminando grasas, aceites, oxido y part\u00edculas sueltas.<br \/>\nLa superficie preparada debe estar libre de humedad y a temperatura ambiente.<br \/>\nCubra las superficies adyacentes para evitar contaminar.<br \/>\nAgite el aerosol energ\u00e9ticamente durante un minuto antes de empezar a aplicar para asegurar la mezcla del producto y evitar obstrucciones de la v\u00e1lvula.<br \/>\nEnsaye el rociado sobre una superficie peque\u00f1a a una distancia de 30 a 40 cms. de la superficie. Evitar inhalar los vapores trabajando en \u00e1rea ventilada.<br \/>\nPresione firmemente el bot\u00f3n de la v\u00e1lvula con la punta del dedo \u00edndice con movimientos regulares, agitando la lata de arriba a abajo. Repita la agitaci\u00f3n peri\u00f3dicamente mientras esta pitando.<br \/>\nAplicar dos a tres capas de rociado cada 10 minutos. Evitar capas gruesas.<br \/>\nSi la pel\u00edcula chorrea o aparecen burbujas, es porque est\u00e1 aplicando una capa muy gruesa.<br \/>\nLuego de terminar la aplicaci\u00f3n, invierta la lata y oprima el bot\u00f3n de la v\u00e1lvula por varios segundos, hasta que solo salga gas para limpiar la v\u00e1lvula y evitar obstrucciones.<br \/>\nRespete las instrucciones de uso para evitar contaminarse<\/p>\n","protected":false},"excerpt":{"rendered":"<p>ESMALTE AEROSOL SPRAY 400 ML 7CF Cod. 26135VIO\/26203AMA\/26201AZUL\/26200BLBRILLO\/26207BLMATE\/26437GRCLARO\/26420GROSCURO\/26206NEBRILLO\/26204NEMATE\/26211RO Spray 400 ml Para interior o exterior Uso: Metal y Madera Marca: 7CF Colores: Rojo Violeta Amarillo Azul Blanco Brillante Blanco Mate<\/p>\n","protected":false},"featured_media":24073,"comment_status":"open","ping_status":"closed","template":"","meta":{"_acf_changed":false,"_joinchat":[]},"product_cat":[48,100],"product_tag":[1219],"class_list":{"0":"post-22490","1":"product","2":"type-product","3":"status-publish","4":"has-post-thumbnail","6":"product_cat-ferreteria","7":"product_cat-herramientas","8":"product_tag-cyber-fest-26","9":"product_shipping_class-flex","11":"first","12":"instock","13":"taxable","14":"shipping-taxable","15":"purchasable","16":"product-type-variable"},"acf":[],"aioseo_notices":[],"jetpack_sharing_enabled":true,"_links":{"self":[{"href":"https:\/\/www.lgamoblamientos.com\/nv\/wp-json\/wp\/v2\/product\/22490","targetHints":{"allow":["GET"]}}],"collection":[{"href":"https:\/\/www.lgamoblamientos.com\/nv\/wp-json\/wp\/v2\/product"}],"about":[{"href":"https:\/\/www.lgamoblamientos.com\/nv\/wp-json\/wp\/v2\/types\/product"}],"replies":[{"embeddable":true,"href":"https:\/\/www.lgamoblamientos.com\/nv\/wp-json\/wp\/v2\/comments?post=22490"}],"wp:featuredmedia":[{"embeddable":true,"href":"https:\/\/www.lgamoblamientos.com\/nv\/wp-json\/wp\/v2\/media\/24073"}],"wp:attachment":[{"href":"https:\/\/www.lgamoblamientos.com\/nv\/wp-json\/wp\/v2\/media?parent=22490"}],"wp:term":[{"taxonomy":"product_cat","embeddable":true,"href":"https:\/\/www.lgamoblamientos.com\/nv\/wp-json\/wp\/v2\/product_cat?post=22490"},{"taxonomy":"product_tag","embeddable":true,"href":"https:\/\/www.lgamoblamientos.com\/nv\/wp-json\/wp\/v2\/product_tag?post=22490"}],"curies":[{"name":"wp","href":"https:\/\/api.w.org\/{rel}","templated":true}]}}