{"id":22611,"date":"2021-02-11T11:00:28","date_gmt":"2021-02-11T14:00:28","guid":{"rendered":"https:\/\/www.lgamoblamientos.com\/nv\/?post_type=product&#038;p=22611"},"modified":"2025-09-27T12:30:14","modified_gmt":"2025-09-27T15:30:14","slug":"escritorio-infantil-ninos-3-cajones-plastico-rimax","status":"publish","type":"product","link":"https:\/\/www.lgamoblamientos.com\/nv\/product\/escritorio-infantil-ninos-3-cajones-plastico-rimax\/","title":{"rendered":"Escritorio Infantil Ni\u00f1os 3 Cajones Pl\u00e1stico Rimax"},"content":{"rendered":"<p>ESCRITORIO INFANTIL PLASTICO RIMAX<\/p>\n<p>Pr\u00e1ctico mueble ideal para ni\u00f1os de 2 a 7 a\u00f1os<br \/>\nMedidas: Ancho 50,2 cm x Alto 50 cm x Largo 88 cm<\/p>\n<p>Color:<br \/>\n*Rojo-Azul y Blanco<br \/>\n*Lila-Rosa-Blanco<\/p>\n<p>Muy f\u00e1cil de armar, sin necesidad de herramientas, liviano<br \/>\nSeguro para los ni\u00f1os<br \/>\nDispone de 3 cajones re movibles para organizar diferentes art\u00edculos.<br \/>\nResiste hasta 10 kg por cajon.<br \/>\nF\u00e1cil de limpiar<\/p>\n","protected":false},"excerpt":{"rendered":"<p>ESCRITORIO INFANTIL PLASTICO RIMAX Pr\u00e1ctico mueble ideal para ni\u00f1os de 2 a 7 a\u00f1os Medidas: Ancho 50,2 cm x Alto 50 cm x Largo 88 cm Color: *Rojo-Azul y Blanco<\/p>\n","protected":false},"featured_media":22614,"comment_status":"open","ping_status":"closed","template":"","meta":{"_acf_changed":false,"_joinchat":[]},"product_cat":[289,305],"product_tag":[],"class_list":{"0":"post-22611","1":"product","2":"type-product","3":"status-publish","4":"has-post-thumbnail","6":"product_cat-articulos-para-ninos","7":"product_cat-juguetes-y-centro-de-juegos","8":"product_shipping_class-flex","10":"first","11":"outofstock","12":"taxable","13":"shipping-taxable","14":"product-type-variable"},"acf":[],"aioseo_notices":[],"jetpack_sharing_enabled":true,"_links":{"self":[{"href":"https:\/\/www.lgamoblamientos.com\/nv\/wp-json\/wp\/v2\/product\/22611","targetHints":{"allow":["GET"]}}],"collection":[{"href":"https:\/\/www.lgamoblamientos.com\/nv\/wp-json\/wp\/v2\/product"}],"about":[{"href":"https:\/\/www.lgamoblamientos.com\/nv\/wp-json\/wp\/v2\/types\/product"}],"replies":[{"embeddable":true,"href":"https:\/\/www.lgamoblamientos.com\/nv\/wp-json\/wp\/v2\/comments?post=22611"}],"wp:featuredmedia":[{"embeddable":true,"href":"https:\/\/www.lgamoblamientos.com\/nv\/wp-json\/wp\/v2\/media\/22614"}],"wp:attachment":[{"href":"https:\/\/www.lgamoblamientos.com\/nv\/wp-json\/wp\/v2\/media?parent=22611"}],"wp:term":[{"taxonomy":"product_cat","embeddable":true,"href":"https:\/\/www.lgamoblamientos.com\/nv\/wp-json\/wp\/v2\/product_cat?post=22611"},{"taxonomy":"product_tag","embeddable":true,"href":"https:\/\/www.lgamoblamientos.com\/nv\/wp-json\/wp\/v2\/product_tag?post=22611"}],"curies":[{"name":"wp","href":"https:\/\/api.w.org\/{rel}","templated":true}]}}