{"id":22745,"date":"2021-02-16T17:10:41","date_gmt":"2021-02-16T20:10:41","guid":{"rendered":"https:\/\/www.lgamoblamientos.com\/nv\/?post_type=product&#038;p=22745"},"modified":"2024-11-25T18:55:56","modified_gmt":"2024-11-25T21:55:56","slug":"2-mesas-mesita-de-luz-madera-dormitorio-rustico","status":"publish","type":"product","link":"https:\/\/www.lgamoblamientos.com\/nv\/product\/2-mesas-mesita-de-luz-madera-dormitorio-rustico\/","title":{"rendered":"2 Mesas Mesita De Luz Madera Dormitorio R\u00fastico"},"content":{"rendered":"<p>COMBO 2 MESAS DE LUZ L\u00cdNEA MEXICANA CL\u00c1SICA<\/p>\n<p>Incluye: 2 Mesas de Luz Mexicanas<\/p>\n<p>Mesa de luz de madera maciza con herrajes met\u00e1licos.<br \/>\nMedidas: Alto: 67 cm Largo: 53 cm Prof.: 39 cm<br \/>\nColor Roble Oscuro<br \/>\n1 Puerta 1 Cajon<\/p>\n<p>HERRAJES NEGROS<\/p>\n","protected":false},"excerpt":{"rendered":"<p>COMBO 2 MESAS DE LUZ L\u00cdNEA MEXICANA CL\u00c1SICA Incluye: 2 Mesas de Luz Mexicanas Mesa de luz de madera maciza con herrajes met\u00e1licos. Medidas: Alto: 67 cm Largo: 53 cm<\/p>\n","protected":false},"featured_media":25527,"comment_status":"open","ping_status":"closed","template":"","meta":{"_acf_changed":false,"_joinchat":[]},"product_cat":[39,75],"product_tag":[],"class_list":{"0":"post-22745","1":"product","2":"type-product","3":"status-publish","4":"has-post-thumbnail","6":"product_cat-dormitorio","7":"product_cat-respaldos-mesas-de-luz","8":"product_shipping_class-flex","10":"first","11":"outofstock","12":"taxable","13":"shipping-taxable","14":"purchasable","15":"product-type-simple"},"acf":[],"aioseo_notices":[],"jetpack_sharing_enabled":true,"_links":{"self":[{"href":"https:\/\/www.lgamoblamientos.com\/nv\/wp-json\/wp\/v2\/product\/22745","targetHints":{"allow":["GET"]}}],"collection":[{"href":"https:\/\/www.lgamoblamientos.com\/nv\/wp-json\/wp\/v2\/product"}],"about":[{"href":"https:\/\/www.lgamoblamientos.com\/nv\/wp-json\/wp\/v2\/types\/product"}],"replies":[{"embeddable":true,"href":"https:\/\/www.lgamoblamientos.com\/nv\/wp-json\/wp\/v2\/comments?post=22745"}],"wp:featuredmedia":[{"embeddable":true,"href":"https:\/\/www.lgamoblamientos.com\/nv\/wp-json\/wp\/v2\/media\/25527"}],"wp:attachment":[{"href":"https:\/\/www.lgamoblamientos.com\/nv\/wp-json\/wp\/v2\/media?parent=22745"}],"wp:term":[{"taxonomy":"product_cat","embeddable":true,"href":"https:\/\/www.lgamoblamientos.com\/nv\/wp-json\/wp\/v2\/product_cat?post=22745"},{"taxonomy":"product_tag","embeddable":true,"href":"https:\/\/www.lgamoblamientos.com\/nv\/wp-json\/wp\/v2\/product_tag?post=22745"}],"curies":[{"name":"wp","href":"https:\/\/api.w.org\/{rel}","templated":true}]}}