{"id":22746,"date":"2021-02-16T17:10:46","date_gmt":"2021-02-16T20:10:46","guid":{"rendered":"https:\/\/www.lgamoblamientos.com\/nv\/?post_type=product&#038;p=22746"},"modified":"2025-09-27T05:15:11","modified_gmt":"2025-09-27T08:15:11","slug":"mesa-de-luz-estilo-mexicano-rustico","status":"publish","type":"product","link":"https:\/\/www.lgamoblamientos.com\/nv\/product\/mesa-de-luz-estilo-mexicano-rustico\/","title":{"rendered":"Mesa de Luz Estilo Mexicano Rustico"},"content":{"rendered":"<p>Mesa de luz de madera maciza con herrajes met\u00e1licos.<br \/>\nMedidas: Alto: 67 cm Largo: 53 cm Prof.:39 cm<br \/>\nColor Roble Oscuro<br \/>\n1 Cajon 1 Puerta<\/p>\n<p>HERRAJES NEGROS<\/p>\n<p>L\u00ednea mexicana cl\u00e1sica<\/p>\n<p>*im\u00e1genes ilustrativas<\/p>\n","protected":false},"excerpt":{"rendered":"<p>Mesa de luz de madera maciza con herrajes met\u00e1licos. Medidas: Alto: 67 cm Largo: 53 cm Prof.:39 cm Color Roble Oscuro 1 Cajon 1 Puerta HERRAJES NEGROS L\u00ednea mexicana cl\u00e1sica<\/p>\n","protected":false},"featured_media":25526,"comment_status":"open","ping_status":"closed","template":"","meta":{"_acf_changed":false,"_joinchat":[]},"product_cat":[39,75],"product_tag":[],"class_list":{"0":"post-22746","1":"product","2":"type-product","3":"status-publish","4":"has-post-thumbnail","6":"product_cat-dormitorio","7":"product_cat-respaldos-mesas-de-luz","8":"product_shipping_class-flex","10":"first","11":"outofstock","12":"taxable","13":"shipping-taxable","14":"product-type-variable"},"acf":[],"aioseo_notices":[],"jetpack_sharing_enabled":true,"_links":{"self":[{"href":"https:\/\/www.lgamoblamientos.com\/nv\/wp-json\/wp\/v2\/product\/22746","targetHints":{"allow":["GET"]}}],"collection":[{"href":"https:\/\/www.lgamoblamientos.com\/nv\/wp-json\/wp\/v2\/product"}],"about":[{"href":"https:\/\/www.lgamoblamientos.com\/nv\/wp-json\/wp\/v2\/types\/product"}],"replies":[{"embeddable":true,"href":"https:\/\/www.lgamoblamientos.com\/nv\/wp-json\/wp\/v2\/comments?post=22746"}],"wp:featuredmedia":[{"embeddable":true,"href":"https:\/\/www.lgamoblamientos.com\/nv\/wp-json\/wp\/v2\/media\/25526"}],"wp:attachment":[{"href":"https:\/\/www.lgamoblamientos.com\/nv\/wp-json\/wp\/v2\/media?parent=22746"}],"wp:term":[{"taxonomy":"product_cat","embeddable":true,"href":"https:\/\/www.lgamoblamientos.com\/nv\/wp-json\/wp\/v2\/product_cat?post=22746"},{"taxonomy":"product_tag","embeddable":true,"href":"https:\/\/www.lgamoblamientos.com\/nv\/wp-json\/wp\/v2\/product_tag?post=22746"}],"curies":[{"name":"wp","href":"https:\/\/api.w.org\/{rel}","templated":true}]}}