{"id":22752,"date":"2021-02-17T13:39:55","date_gmt":"2021-02-17T16:39:55","guid":{"rendered":"https:\/\/www.lgamoblamientos.com\/nv\/?post_type=product&#038;p=22752"},"modified":"2026-04-20T16:05:43","modified_gmt":"2026-04-20T19:05:43","slug":"asadera-34-cm-tortera-26-cm-budinera-26-cm-tramontina","status":"publish","type":"product","link":"https:\/\/www.lgamoblamientos.com\/nv\/product\/asadera-34-cm-tortera-26-cm-budinera-26-cm-tramontina\/","title":{"rendered":"Asadera 34 Cm + Tortera 26 Cm + Budinera 26 Cm Tramontina"},"content":{"rendered":"<p>ASADERA RECTANGULAR 34 CM TRAMONTINA + TORTERA ASADERA CIRCULAR 26 CM TRAMONTINA + MOLDE DE BUDIN PAN TRAMONTINA 26 CM<\/p>\n<p>Incluye: 1 Asadera de 34 cm + 1 Tortera de 26 cm + 1 Budinera 26 cm<\/p>\n<p>&#8212;-ASADERA RECTANGULAR 34 CM TRAMONTINA<\/p>\n<p>Asadera Tramontina<br \/>\n\u2013 Linea: Brasil<br \/>\n\u2013 Colores: ROJO | NEGRO<br \/>\n\u2013 Teflon antiadherente.<br \/>\n\u2013 Medidas: 39 cm x 28 cm x 3 cm<br \/>\n\u2013 Capacidad: 2.50 L.<\/p>\n<p>&#8212;-TORTERA ASADERA CIRCULAR 26 CM TRAMONTINA<\/p>\n<p>Tortera Asadera Tramontina<br \/>\n\u2013 Linea: Brasil<br \/>\n\u2013 Colores: ROJO \/ NEGRO<br \/>\n\u2013 Teflon antiadherente.<br \/>\n\u2013 Medidas: 26 cm diametro x Altura 5 cm<br \/>\n\u2013 Capacidad: 2,50 L.<\/p>\n<p>Garant\u00eda por defectos de f\u00e1brica con su factura correspondiente.<\/p>\n<p>&#8212;&#8211;MOLDE DE BUDIN PAN TRAMONTINA 26 CM<\/p>\n<p>Colores: ROJO | NEGRO<\/p>\n<p>Medidas Exteriores: Largo 29,8 cm x Ancho 12,5 cm x Altura 7 cm<br \/>\nCapacidad: 1.40 L<br \/>\nAluminio con revestimiento interno y externo de antiadherente Starflon Max. M\u00e1s poder de antiadherencia; m\u00e1s resistencia a la abrasi\u00f3n; m\u00e1s durabilidad; mayor facilidad de limpieza y libre de PFOA.<\/p>\n<p>Al manejar el utensilio caliente, tenga cuidado redoblado; utilice protecci\u00f3n en las manos y mant\u00e9ngalo fuera del alcance de los ni\u00f1os.<br \/>\nEste producto no puede sufrir modificaciones.<br \/>\nAntes del primer uso, lave con esponja blanda, jab\u00f3n neutro o detergente l\u00edquido.<br \/>\nDespu\u00e9s de secar, unte el \u00e1rea interna con aceite o grasa y lleve al horno durante dos minutos.<br \/>\nDeje enfriar y lave nuevamente.<br \/>\nSu utensilio Starflon est\u00e1 listo para el uso con o sin grasa, siempre a fuego bajo o mediano (nunca superior a 350\u00baC).<br \/>\nPara revolver los alimentos use solamente utensilios de silicona, nylon o madera.<br \/>\nEvite sumergir el utensilio caliente en agua fr\u00eda.<br \/>\nNunca use productos abrasivos en el lavado.<br \/>\nSi deja quemar alg\u00fan alimento, humedezca el \u00e1rea y d\u00e9jela en remojo hasta que se puedan retirar los residuos pegados con esponja y jab\u00f3n.<br \/>\nPara desechar productos y envases siga las orientaciones de reciclado vigentes.<br \/>\nEste producto no necesita mantenimiento especial, s\u00f3lo limpieza.<\/p>\n","protected":false},"excerpt":{"rendered":"<p>ASADERA RECTANGULAR 34 CM TRAMONTINA + TORTERA ASADERA CIRCULAR 26 CM TRAMONTINA + MOLDE DE BUDIN PAN TRAMONTINA 26 CM Incluye: 1 Asadera de 34 cm + 1 Tortera de<\/p>\n","protected":false},"featured_media":23866,"comment_status":"open","ping_status":"closed","template":"","meta":{"_acf_changed":false,"_joinchat":[]},"product_cat":[65],"product_tag":[1211],"class_list":{"0":"post-22752","1":"product","2":"type-product","3":"status-publish","4":"has-post-thumbnail","6":"product_cat-bazar","7":"product_tag-ciberlunes","8":"product_shipping_class-flex","10":"first","11":"instock","12":"taxable","13":"shipping-taxable","14":"purchasable","15":"product-type-variable"},"acf":[],"aioseo_notices":[],"jetpack_sharing_enabled":true,"_links":{"self":[{"href":"https:\/\/www.lgamoblamientos.com\/nv\/wp-json\/wp\/v2\/product\/22752","targetHints":{"allow":["GET"]}}],"collection":[{"href":"https:\/\/www.lgamoblamientos.com\/nv\/wp-json\/wp\/v2\/product"}],"about":[{"href":"https:\/\/www.lgamoblamientos.com\/nv\/wp-json\/wp\/v2\/types\/product"}],"replies":[{"embeddable":true,"href":"https:\/\/www.lgamoblamientos.com\/nv\/wp-json\/wp\/v2\/comments?post=22752"}],"wp:featuredmedia":[{"embeddable":true,"href":"https:\/\/www.lgamoblamientos.com\/nv\/wp-json\/wp\/v2\/media\/23866"}],"wp:attachment":[{"href":"https:\/\/www.lgamoblamientos.com\/nv\/wp-json\/wp\/v2\/media?parent=22752"}],"wp:term":[{"taxonomy":"product_cat","embeddable":true,"href":"https:\/\/www.lgamoblamientos.com\/nv\/wp-json\/wp\/v2\/product_cat?post=22752"},{"taxonomy":"product_tag","embeddable":true,"href":"https:\/\/www.lgamoblamientos.com\/nv\/wp-json\/wp\/v2\/product_tag?post=22752"}],"curies":[{"name":"wp","href":"https:\/\/api.w.org\/{rel}","templated":true}]}}