{"id":24474,"date":"2021-05-26T13:51:20","date_gmt":"2021-05-26T16:51:20","guid":{"rendered":"https:\/\/www.lgamoblamientos.com\/nv\/?post_type=product&#038;p=24474"},"modified":"2026-02-13T00:33:11","modified_gmt":"2026-02-13T03:33:11","slug":"molde-con-fondo-removible-26-cm-2-en-1-tramontina","status":"publish","type":"product","link":"https:\/\/www.lgamoblamientos.com\/nv\/product\/molde-con-fondo-removible-26-cm-2-en-1-tramontina\/","title":{"rendered":"Molde Con Fondo Removible 26 Cm 2 En 1 Tramontina"},"content":{"rendered":"<p>MOLDE CON FONDO REMOVIBLE 26 CM TRAMONTINA<\/p>\n<p>Medidas Diametro 28 xm x Altura 7,4 cm<br \/>\nCapacidad 3.30 L<br \/>\nColor: NEGRO | ROJO<\/p>\n<p>Molde 2 en 1<br \/>\nFondo removible<br \/>\nFlanera<\/p>\n<p>Aluminio con revestimiento interno y externo de antiadherente Starflon T1. El \u00fanico con tecnolog\u00eda T: M\u00e1s poder de antiadherencia; m\u00e1s resistencia a la abrasi\u00f3n; m\u00e1s durabilidad; mayor facilidad de limpieza y libre de PFOA.<\/p>\n","protected":false},"excerpt":{"rendered":"<p>MOLDE CON FONDO REMOVIBLE 26 CM TRAMONTINA Medidas Diametro 28 xm x Altura 7,4 cm Capacidad 3.30 L Color: NEGRO | ROJO Molde 2 en 1 Fondo removible Flanera Aluminio<\/p>\n","protected":false},"featured_media":24475,"comment_status":"open","ping_status":"closed","template":"","meta":{"_acf_changed":false,"_joinchat":[]},"product_cat":[65],"product_tag":[1219],"class_list":{"0":"post-24474","1":"product","2":"type-product","3":"status-publish","4":"has-post-thumbnail","6":"product_cat-bazar","7":"product_tag-cyber-fest-26","8":"product_shipping_class-flex","10":"first","11":"instock","12":"taxable","13":"shipping-taxable","14":"purchasable","15":"product-type-variable"},"acf":[],"aioseo_notices":[],"jetpack_sharing_enabled":true,"_links":{"self":[{"href":"https:\/\/www.lgamoblamientos.com\/nv\/wp-json\/wp\/v2\/product\/24474","targetHints":{"allow":["GET"]}}],"collection":[{"href":"https:\/\/www.lgamoblamientos.com\/nv\/wp-json\/wp\/v2\/product"}],"about":[{"href":"https:\/\/www.lgamoblamientos.com\/nv\/wp-json\/wp\/v2\/types\/product"}],"replies":[{"embeddable":true,"href":"https:\/\/www.lgamoblamientos.com\/nv\/wp-json\/wp\/v2\/comments?post=24474"}],"wp:featuredmedia":[{"embeddable":true,"href":"https:\/\/www.lgamoblamientos.com\/nv\/wp-json\/wp\/v2\/media\/24475"}],"wp:attachment":[{"href":"https:\/\/www.lgamoblamientos.com\/nv\/wp-json\/wp\/v2\/media?parent=24474"}],"wp:term":[{"taxonomy":"product_cat","embeddable":true,"href":"https:\/\/www.lgamoblamientos.com\/nv\/wp-json\/wp\/v2\/product_cat?post=24474"},{"taxonomy":"product_tag","embeddable":true,"href":"https:\/\/www.lgamoblamientos.com\/nv\/wp-json\/wp\/v2\/product_tag?post=24474"}],"curies":[{"name":"wp","href":"https:\/\/api.w.org\/{rel}","templated":true}]}}