{"id":25246,"date":"2021-07-14T15:40:32","date_gmt":"2021-07-14T18:40:32","guid":{"rendered":"https:\/\/www.lgamoblamientos.com\/nv\/?post_type=product&#038;p=25246"},"modified":"2025-10-31T11:51:06","modified_gmt":"2025-10-31T14:51:06","slug":"tijera-de-podar-tramontina-acero-mango-madera-60-cm","status":"publish","type":"product","link":"https:\/\/www.lgamoblamientos.com\/nv\/product\/tijera-de-podar-tramontina-acero-mango-madera-60-cm\/","title":{"rendered":"Tijera De Podar Tramontina Acero Mango Madera 60 Cm"},"content":{"rendered":"<p>TIJERA DE PODAR BYPASS CON MANGO LARGO TRAMONTINA<\/p>\n<p>No precisas pasar trabajo para cortar las ramas m\u00e1s gruesas o de dif\u00edcil acceso en el momento de podar las plantas de tu jard\u00edn. Para facilitar ese trabajo, desarrollamos el tijer\u00f3n de podar tipo bypass Tramontina de acero con mango de madera 60 cm. Con \u00e9l ser\u00e1 m\u00e1s f\u00e1cil cortar las ramas m\u00e1s altas o que se encuentran en el medio de la copa del \u00e1rbol. Su mango largo y su l\u00e1mina afilada y de alta calidad hacen que la fuerza necesaria para el corte sea mucho menor. Eso garantiza m\u00e1s precisi\u00f3n y terminaci\u00f3n en tu trabajo.<\/p>\n<p>&#8211; L\u00e1minas en acero carbono templado para realizar un corte preciso y suave.<br \/>\n&#8211; Mangos de madera con 60 cm.<br \/>\n&#8211; Tope pl\u00e1stico.<br \/>\n&#8211; Eficiente para ramas con di\u00e1metro de hasta 30 mm.<br \/>\n&#8211; Tecnolog\u00eda Bypass (corte cruzado). Indicado para el corte de gajos verdes. Durante el corte, ocurre el cruce entre la l\u00e1mina y la contral\u00e1mina. Permite un corte preciso y sin rebarbas, que no deja marcas en el gajo y facilita la cicatrizaci\u00f3n.<\/p>\n","protected":false},"excerpt":{"rendered":"<p>TIJERA DE PODAR BYPASS CON MANGO LARGO TRAMONTINA No precisas pasar trabajo para cortar las ramas m\u00e1s gruesas o de dif\u00edcil acceso en el momento de podar las plantas de<\/p>\n","protected":false},"featured_media":25248,"comment_status":"open","ping_status":"closed","template":"","meta":{"_acf_changed":false,"_joinchat":[]},"product_cat":[48,100,51],"product_tag":[1202],"class_list":{"0":"post-25246","1":"product","2":"type-product","3":"status-publish","4":"has-post-thumbnail","6":"product_cat-ferreteria","7":"product_cat-herramientas","8":"product_cat-jardin","9":"product_tag-cyberfest-set","10":"product_shipping_class-flex","12":"first","13":"outofstock","14":"taxable","15":"shipping-taxable","16":"purchasable","17":"product-type-simple"},"acf":[],"aioseo_notices":[],"jetpack_sharing_enabled":true,"_links":{"self":[{"href":"https:\/\/www.lgamoblamientos.com\/nv\/wp-json\/wp\/v2\/product\/25246","targetHints":{"allow":["GET"]}}],"collection":[{"href":"https:\/\/www.lgamoblamientos.com\/nv\/wp-json\/wp\/v2\/product"}],"about":[{"href":"https:\/\/www.lgamoblamientos.com\/nv\/wp-json\/wp\/v2\/types\/product"}],"replies":[{"embeddable":true,"href":"https:\/\/www.lgamoblamientos.com\/nv\/wp-json\/wp\/v2\/comments?post=25246"}],"wp:featuredmedia":[{"embeddable":true,"href":"https:\/\/www.lgamoblamientos.com\/nv\/wp-json\/wp\/v2\/media\/25248"}],"wp:attachment":[{"href":"https:\/\/www.lgamoblamientos.com\/nv\/wp-json\/wp\/v2\/media?parent=25246"}],"wp:term":[{"taxonomy":"product_cat","embeddable":true,"href":"https:\/\/www.lgamoblamientos.com\/nv\/wp-json\/wp\/v2\/product_cat?post=25246"},{"taxonomy":"product_tag","embeddable":true,"href":"https:\/\/www.lgamoblamientos.com\/nv\/wp-json\/wp\/v2\/product_tag?post=25246"}],"curies":[{"name":"wp","href":"https:\/\/api.w.org\/{rel}","templated":true}]}}