{"id":25709,"date":"2021-08-24T13:44:27","date_gmt":"2021-08-24T16:44:27","guid":{"rendered":"https:\/\/www.lgamoblamientos.com\/nv\/?post_type=product&#038;p=25709"},"modified":"2026-01-14T10:51:16","modified_gmt":"2026-01-14T13:51:16","slug":"copetinera-copetin-picada-madera-teca-tramontina","status":"publish","type":"product","link":"https:\/\/www.lgamoblamientos.com\/nv\/product\/copetinera-copetin-picada-madera-teca-tramontina\/","title":{"rendered":"Copetinera Copetin Picada Madera Teca Tramontina"},"content":{"rendered":"<p>COPETINERA 3 DIVISIONES MADERA TECA TRAMONTINA<\/p>\n<p>Medidas: Largo 40 cm x Ancho 15 cm x Altura 1.8 cm<br \/>\n3 Divisiones<br \/>\nMadera de alta densidad, con acabado de barniz at\u00f3xico.<br \/>\nCuenta con la protecci\u00f3n antibacteriana Microban, que inhibe continuamente la proliferaci\u00f3n de bacterias en la superficie de la madera<br \/>\nLa tabla con esa protecci\u00f3n queda m\u00e1s higi\u00e9nica, f\u00e1cil de limpiar y m\u00e1s segura para preparar los alimentos, pues act\u00faa contra los microbios.<\/p>\n","protected":false},"excerpt":{"rendered":"<p>COPETINERA 3 DIVISIONES MADERA TECA TRAMONTINA Medidas: Largo 40 cm x Ancho 15 cm x Altura 1.8 cm 3 Divisiones Madera de alta densidad, con acabado de barniz at\u00f3xico. Cuenta<\/p>\n","protected":false},"featured_media":25715,"comment_status":"open","ping_status":"closed","template":"","meta":{"_acf_changed":false,"_joinchat":[]},"product_cat":[65],"product_tag":[1219],"class_list":{"0":"post-25709","1":"product","2":"type-product","3":"status-publish","4":"has-post-thumbnail","6":"product_cat-bazar","7":"product_tag-cyber-fest-26","8":"product_shipping_class-flex","10":"first","11":"instock","12":"sale","13":"taxable","14":"shipping-taxable","15":"purchasable","16":"product-type-simple"},"acf":[],"aioseo_notices":[],"jetpack_sharing_enabled":true,"_links":{"self":[{"href":"https:\/\/www.lgamoblamientos.com\/nv\/wp-json\/wp\/v2\/product\/25709","targetHints":{"allow":["GET"]}}],"collection":[{"href":"https:\/\/www.lgamoblamientos.com\/nv\/wp-json\/wp\/v2\/product"}],"about":[{"href":"https:\/\/www.lgamoblamientos.com\/nv\/wp-json\/wp\/v2\/types\/product"}],"replies":[{"embeddable":true,"href":"https:\/\/www.lgamoblamientos.com\/nv\/wp-json\/wp\/v2\/comments?post=25709"}],"wp:featuredmedia":[{"embeddable":true,"href":"https:\/\/www.lgamoblamientos.com\/nv\/wp-json\/wp\/v2\/media\/25715"}],"wp:attachment":[{"href":"https:\/\/www.lgamoblamientos.com\/nv\/wp-json\/wp\/v2\/media?parent=25709"}],"wp:term":[{"taxonomy":"product_cat","embeddable":true,"href":"https:\/\/www.lgamoblamientos.com\/nv\/wp-json\/wp\/v2\/product_cat?post=25709"},{"taxonomy":"product_tag","embeddable":true,"href":"https:\/\/www.lgamoblamientos.com\/nv\/wp-json\/wp\/v2\/product_tag?post=25709"}],"curies":[{"name":"wp","href":"https:\/\/api.w.org\/{rel}","templated":true}]}}