{"id":26339,"date":"2021-11-09T10:04:41","date_gmt":"2021-11-09T13:04:41","guid":{"rendered":"https:\/\/www.lgamoblamientos.com\/nv\/?post_type=product&#038;p=26339"},"modified":"2023-06-09T17:13:02","modified_gmt":"2023-06-09T20:13:02","slug":"cama-1-plaza-metodo-montessori-montessoriana-outlet","status":"publish","type":"product","link":"https:\/\/www.lgamoblamientos.com\/nv\/product\/cama-1-plaza-metodo-montessori-montessoriana-outlet\/","title":{"rendered":"Cama 1 Plaza M\u00e9todo Montessori Montessoriana &#8211; OUTLET"},"content":{"rendered":"<p>CAMA MONTESSORI<\/p>\n<p>Lleva el metodo montessori a tu hogar!<br \/>\n&#8211; Material: MDP color blanco. ESPESORES 25 Y 15 mm<br \/>\n&#8211; Medidas: Largo 201 cm x Ancho 102 cm x Altura 153 cm<br \/>\n&#8211; Medida Colchon: 185 cm x 80 cm<br \/>\n&#8211; Color: Blanco<\/p>\n<p>METODO MONTESSORI<br \/>\n*Los muebles Montessori est\u00e1n destinados a amueblar una habitaci\u00f3n en la que el protagonismo lo tenga el ni\u00f1o, que el espacio est\u00e9 dedicado a \u00e9l y centrado en fomentar y potenciar su bienestar, desarrollo y autonom\u00eda.<\/p>\n<p>*La distribuci\u00f3n y configuraci\u00f3n de los espacios tiene en cuenta las necesidades del ni\u00f1o, estando los muebles colocados seg\u00fan su altura para que pueda acceder por s\u00ed mismo a todos los elementos disponibles.<\/p>\n<p>*Sus dise\u00f1os no solo decoran y son funcionales para almacenaje, por ejemplo, sino que tambi\u00e9n crean un espacio feliz para el ni\u00f1o, ya que al poder coger y colocar todo lo que necesita su autoestima aumentar\u00e1. Un ni\u00f1o con una alta autoestima es un ni\u00f1o feliz, especialmente en lo que a independencia se refiere.<\/p>\n<p>*Cualquier espacio infantil decorado con muebles de estilo Montessori ser\u00e1 un espacio educativo y motivacional para los m\u00e1s peque\u00f1os, algo que no suele suceder con otro tipo de muebles, que son altos y los ni\u00f1os dependen de otras personas para poder manejarse con ellos.<\/p>\n<p>*Lo ideal es que sea una cama baja para la altura del ni\u00f1o, que le permita subir o bajar cuando quiera sin tener que llamar a alguien para que lo ayude.<\/p>\n<p>*Entre el mobiliario tiene que haber tambi\u00e9n piezas que sean almacenaje para juguetes, con puertas o tapas seguras que los ni\u00f1os puedan abrir y cerrar sin hacerse da\u00f1o.<\/p>\n","protected":false},"excerpt":{"rendered":"<p>CAMA MONTESSORI Lleva el metodo montessori a tu hogar! &#8211; Material: MDP color blanco. ESPESORES 25 Y 15 mm &#8211; Medidas: Largo 201 cm x Ancho 102 cm x Altura<\/p>\n","protected":false},"featured_media":23605,"comment_status":"open","ping_status":"closed","template":"","meta":{"_acf_changed":false,"_joinchat":[]},"product_cat":[504],"product_tag":[],"class_list":{"0":"post-26339","1":"product","2":"type-product","3":"status-publish","4":"has-post-thumbnail","6":"product_cat-outlet","8":"first","9":"outofstock","10":"sale","11":"taxable","12":"shipping-taxable","13":"purchasable","14":"product-type-simple"},"acf":[],"aioseo_notices":[],"jetpack_sharing_enabled":true,"_links":{"self":[{"href":"https:\/\/www.lgamoblamientos.com\/nv\/wp-json\/wp\/v2\/product\/26339","targetHints":{"allow":["GET"]}}],"collection":[{"href":"https:\/\/www.lgamoblamientos.com\/nv\/wp-json\/wp\/v2\/product"}],"about":[{"href":"https:\/\/www.lgamoblamientos.com\/nv\/wp-json\/wp\/v2\/types\/product"}],"replies":[{"embeddable":true,"href":"https:\/\/www.lgamoblamientos.com\/nv\/wp-json\/wp\/v2\/comments?post=26339"}],"wp:featuredmedia":[{"embeddable":true,"href":"https:\/\/www.lgamoblamientos.com\/nv\/wp-json\/wp\/v2\/media\/23605"}],"wp:attachment":[{"href":"https:\/\/www.lgamoblamientos.com\/nv\/wp-json\/wp\/v2\/media?parent=26339"}],"wp:term":[{"taxonomy":"product_cat","embeddable":true,"href":"https:\/\/www.lgamoblamientos.com\/nv\/wp-json\/wp\/v2\/product_cat?post=26339"},{"taxonomy":"product_tag","embeddable":true,"href":"https:\/\/www.lgamoblamientos.com\/nv\/wp-json\/wp\/v2\/product_tag?post=26339"}],"curies":[{"name":"wp","href":"https:\/\/api.w.org\/{rel}","templated":true}]}}