{"id":26917,"date":"2021-12-23T13:33:22","date_gmt":"2021-12-23T16:33:22","guid":{"rendered":"https:\/\/www.lgamoblamientos.com\/nv\/?post_type=product&#038;p=26917"},"modified":"2026-04-01T19:08:13","modified_gmt":"2026-04-01T22:08:13","slug":"barbie-aro-salvavidas-flotador-inflable-piscina-pelota","status":"publish","type":"product","link":"https:\/\/www.lgamoblamientos.com\/nv\/product\/barbie-aro-salvavidas-flotador-inflable-piscina-pelota\/","title":{"rendered":"Barbie Aro Salvavidas Flotador Inflable Piscina + Pelota"},"content":{"rendered":"<p>FLOTADOR SALVAVIDAS BARBIE + PELOTA DE PLAYA BARBIE<\/p>\n<p>&#8212;&#8211;FLOTADOR SALVAVIDAS BARBIE<\/p>\n<p>Di\u00e1metro 56 cm<br \/>\nRecomendado para ni\u00f1os de 3 a 6 a\u00f1os<br \/>\nResistente a los rayos UV y la sal marina.<br \/>\nCon v\u00e1lvula de seguridad, c\u00f3modo y seguro.<\/p>\n<p>&#8212;&#8211;PELOTA DE PLAYA BARBIE<\/p>\n<p>Di\u00e1metro 0.51<br \/>\nV\u00e1lvula de seguridad.<br \/>\nVinilo resistente probado<\/p>\n","protected":false},"excerpt":{"rendered":"<p>FLOTADOR SALVAVIDAS BARBIE + PELOTA DE PLAYA BARBIE &#8212;&#8211;FLOTADOR SALVAVIDAS BARBIE Di\u00e1metro 56 cm Recomendado para ni\u00f1os de 3 a 6 a\u00f1os Resistente a los rayos UV y la sal<\/p>\n","protected":false},"featured_media":26918,"comment_status":"open","ping_status":"closed","template":"","meta":{"_acf_changed":false,"_joinchat":[]},"product_cat":[290,95,289,305],"product_tag":[1219],"class_list":{"0":"post-26917","1":"product","2":"type-product","3":"status-publish","4":"has-post-thumbnail","6":"product_cat-jardin-exterior","7":"product_cat-accesorios-de-piscina","8":"product_cat-articulos-para-ninos","9":"product_cat-juguetes-y-centro-de-juegos","10":"product_tag-cyber-fest-26","11":"product_shipping_class-flex","13":"first","14":"instock","15":"sale","16":"taxable","17":"shipping-taxable","18":"purchasable","19":"product-type-simple"},"acf":[],"aioseo_notices":[],"jetpack_sharing_enabled":true,"_links":{"self":[{"href":"https:\/\/www.lgamoblamientos.com\/nv\/wp-json\/wp\/v2\/product\/26917","targetHints":{"allow":["GET"]}}],"collection":[{"href":"https:\/\/www.lgamoblamientos.com\/nv\/wp-json\/wp\/v2\/product"}],"about":[{"href":"https:\/\/www.lgamoblamientos.com\/nv\/wp-json\/wp\/v2\/types\/product"}],"replies":[{"embeddable":true,"href":"https:\/\/www.lgamoblamientos.com\/nv\/wp-json\/wp\/v2\/comments?post=26917"}],"wp:featuredmedia":[{"embeddable":true,"href":"https:\/\/www.lgamoblamientos.com\/nv\/wp-json\/wp\/v2\/media\/26918"}],"wp:attachment":[{"href":"https:\/\/www.lgamoblamientos.com\/nv\/wp-json\/wp\/v2\/media?parent=26917"}],"wp:term":[{"taxonomy":"product_cat","embeddable":true,"href":"https:\/\/www.lgamoblamientos.com\/nv\/wp-json\/wp\/v2\/product_cat?post=26917"},{"taxonomy":"product_tag","embeddable":true,"href":"https:\/\/www.lgamoblamientos.com\/nv\/wp-json\/wp\/v2\/product_tag?post=26917"}],"curies":[{"name":"wp","href":"https:\/\/api.w.org\/{rel}","templated":true}]}}