{"id":28682,"date":"2022-04-01T10:35:24","date_gmt":"2022-04-01T13:35:24","guid":{"rendered":"https:\/\/www.lgamoblamientos.com\/nv\/?post_type=product&#038;p=28682"},"modified":"2026-01-07T00:01:05","modified_gmt":"2026-01-07T03:01:05","slug":"juego-de-bateria-cocina-ollas-tramontina-evora-5-piezas","status":"publish","type":"product","link":"https:\/\/www.lgamoblamientos.com\/nv\/product\/juego-de-bateria-cocina-ollas-tramontina-evora-5-piezas\/","title":{"rendered":"Juego De Bater\u00eda Cocina Ollas Tramontina Evora 5 Piezas"},"content":{"rendered":"<p>JUEGO DE BATERIA 5 PIEZAS EVORA TRAMONTINA<\/p>\n<p>Colores: ROSA | AZUL<\/p>\n<p>Contiene:<br \/>\nSARTEN: Largo 40.6 cm x Ancho 22.5 cm x Altura 10.4 cm | Capacidad 1.6 LT<br \/>\nOLLA C\/TAPA: Largo 35.5 cm x Ancho 23.3 cm x Altura 15.7 cm | Capacidad 3.6 LT<br \/>\nCACEROLA: Largo 33.5 cm x Ancho 17.4 cm x Altura 12.4 cm | Capacidad 1.3 LT<br \/>\nCACEROLA: Largo 35.5 cm x Ancho 19.4 cm x Altura 13.8 cm | Capacidad 2.0 LT<br \/>\nHERVIDOR: Largo 20.1 cm x Ancho 15.3 cm x Altura 12.7 cm | Capacidad 1.8 LT<\/p>\n<p>Cuerpo de aluminio grueso que proporciona una cocci\u00f3n r\u00e1pida y uniforme.<br \/>\nRevestimiento interior de cer\u00e1mica y exterior de silicona.<br \/>\nTapas de vidrio templado, con salida de vapor y bordes de acero inoxidable.<br \/>\nMangos y empu\u00f1aduras de baquelita resistente al calor y pu\u00f1os de nylon que reducen la propagaci\u00f3n del calor, aumentando la seguridad y mejorando el agarre.<br \/>\nPueden ir al lavavajillas haciendo tu d\u00eda a d\u00eda m\u00e1s f\u00e1cil.<\/p>\n","protected":false},"excerpt":{"rendered":"<p>JUEGO DE BATERIA 5 PIEZAS EVORA TRAMONTINA Colores: ROSA | AZUL Contiene: SARTEN: Largo 40.6 cm x Ancho 22.5 cm x Altura 10.4 cm | Capacidad 1.6 LT OLLA C\/TAPA:<\/p>\n","protected":false},"featured_media":36481,"comment_status":"open","ping_status":"closed","template":"","meta":{"_acf_changed":false,"_joinchat":[]},"product_cat":[65],"product_tag":[1219],"class_list":{"0":"post-28682","1":"product","2":"type-product","3":"status-publish","4":"has-post-thumbnail","6":"product_cat-bazar","7":"product_tag-cyber-fest-26","8":"product_shipping_class-flex","10":"first","11":"instock","12":"taxable","13":"shipping-taxable","14":"purchasable","15":"product-type-variable"},"acf":[],"aioseo_notices":[],"jetpack_sharing_enabled":true,"_links":{"self":[{"href":"https:\/\/www.lgamoblamientos.com\/nv\/wp-json\/wp\/v2\/product\/28682","targetHints":{"allow":["GET"]}}],"collection":[{"href":"https:\/\/www.lgamoblamientos.com\/nv\/wp-json\/wp\/v2\/product"}],"about":[{"href":"https:\/\/www.lgamoblamientos.com\/nv\/wp-json\/wp\/v2\/types\/product"}],"replies":[{"embeddable":true,"href":"https:\/\/www.lgamoblamientos.com\/nv\/wp-json\/wp\/v2\/comments?post=28682"}],"wp:featuredmedia":[{"embeddable":true,"href":"https:\/\/www.lgamoblamientos.com\/nv\/wp-json\/wp\/v2\/media\/36481"}],"wp:attachment":[{"href":"https:\/\/www.lgamoblamientos.com\/nv\/wp-json\/wp\/v2\/media?parent=28682"}],"wp:term":[{"taxonomy":"product_cat","embeddable":true,"href":"https:\/\/www.lgamoblamientos.com\/nv\/wp-json\/wp\/v2\/product_cat?post=28682"},{"taxonomy":"product_tag","embeddable":true,"href":"https:\/\/www.lgamoblamientos.com\/nv\/wp-json\/wp\/v2\/product_tag?post=28682"}],"curies":[{"name":"wp","href":"https:\/\/api.w.org\/{rel}","templated":true}]}}