{"id":28763,"date":"2022-04-06T13:30:25","date_gmt":"2022-04-06T16:30:25","guid":{"rendered":"https:\/\/www.lgamoblamientos.com\/nv\/?post_type=product&#038;p=28763"},"modified":"2026-03-22T16:38:05","modified_gmt":"2026-03-22T19:38:05","slug":"sarten-tramontina-acero-inoxidable-26-cm-profesional","status":"publish","type":"product","link":"https:\/\/www.lgamoblamientos.com\/nv\/product\/sarten-tramontina-acero-inoxidable-26-cm-profesional\/","title":{"rendered":"Sarten Tramontina Acero Inoxidable 26 Cm Profesional"},"content":{"rendered":"<p>SARTEN 26 CM TRAMONTINA ACERO INOX<\/p>\n<p>Di\u00e1metro 26cm x Altura 8 cm<br \/>\nCapacidad 2 L<\/p>\n<p>El sart\u00e9n de Tramontina de acero inoxidable puede usarse tanto en la cocina como en el horno, o sea, puede comenzar la preparaci\u00f3n en la cocina y finalizarla en el horno (con temperatura m\u00e1xima de 260\u00b0). Su formato funcional garantiza una cocci\u00f3n mucho m\u00e1s f\u00e1cil de los alimentos y para agilizar la preparaci\u00f3n es posible contar con el tradicional fondo triple (acero inoxidable + aluminio + acero inoxidable), que cocina r\u00e1pida y uniformemente, ya que distribuye de forma igual el calor por todo el sart\u00e9n. Atenci\u00f3n: Las recetas realizadas en este sart\u00e9n causar\u00e1n aplausos y sonrisas. Un excelente producto de la l\u00ednea Professional.<\/p>\n","protected":false},"excerpt":{"rendered":"<p>SARTEN 26 CM TRAMONTINA ACERO INOX Di\u00e1metro 26cm x Altura 8 cm Capacidad 2 L El sart\u00e9n de Tramontina de acero inoxidable puede usarse tanto en la cocina como en<\/p>\n","protected":false},"featured_media":28772,"comment_status":"open","ping_status":"closed","template":"","meta":{"_acf_changed":false,"_joinchat":[]},"product_cat":[65],"product_tag":[1219],"class_list":{"0":"post-28763","1":"product","2":"type-product","3":"status-publish","4":"has-post-thumbnail","6":"product_cat-bazar","7":"product_tag-cyber-fest-26","8":"product_shipping_class-flex","10":"first","11":"instock","12":"sale","13":"taxable","14":"shipping-taxable","15":"purchasable","16":"product-type-simple"},"acf":[],"aioseo_notices":[],"jetpack_sharing_enabled":true,"_links":{"self":[{"href":"https:\/\/www.lgamoblamientos.com\/nv\/wp-json\/wp\/v2\/product\/28763","targetHints":{"allow":["GET"]}}],"collection":[{"href":"https:\/\/www.lgamoblamientos.com\/nv\/wp-json\/wp\/v2\/product"}],"about":[{"href":"https:\/\/www.lgamoblamientos.com\/nv\/wp-json\/wp\/v2\/types\/product"}],"replies":[{"embeddable":true,"href":"https:\/\/www.lgamoblamientos.com\/nv\/wp-json\/wp\/v2\/comments?post=28763"}],"wp:featuredmedia":[{"embeddable":true,"href":"https:\/\/www.lgamoblamientos.com\/nv\/wp-json\/wp\/v2\/media\/28772"}],"wp:attachment":[{"href":"https:\/\/www.lgamoblamientos.com\/nv\/wp-json\/wp\/v2\/media?parent=28763"}],"wp:term":[{"taxonomy":"product_cat","embeddable":true,"href":"https:\/\/www.lgamoblamientos.com\/nv\/wp-json\/wp\/v2\/product_cat?post=28763"},{"taxonomy":"product_tag","embeddable":true,"href":"https:\/\/www.lgamoblamientos.com\/nv\/wp-json\/wp\/v2\/product_tag?post=28763"}],"curies":[{"name":"wp","href":"https:\/\/api.w.org\/{rel}","templated":true}]}}