{"id":28909,"date":"2022-04-18T14:27:38","date_gmt":"2022-04-18T17:27:38","guid":{"rendered":"https:\/\/www.lgamoblamientos.com\/nv\/?post_type=product&#038;p=28909"},"modified":"2025-09-27T06:15:09","modified_gmt":"2025-09-27T09:15:09","slug":"armario-auxiliar-con-mesa-barra-plegable-desayunador","status":"publish","type":"product","link":"https:\/\/www.lgamoblamientos.com\/nv\/product\/armario-auxiliar-con-mesa-barra-plegable-desayunador\/","title":{"rendered":"Armario Auxiliar Con Mesa Barra Plegable Desayunador"},"content":{"rendered":"<p>ISLA COCINA MESADA DESAYUNADOR<\/p>\n<p>Para transformar su cocina en un ambiente elegante, sofisticado y organizado, nada mejor que decorarla con muebles de lujo.<br \/>\nTiene un dise\u00f1o moderno e innovador, as\u00ed como 3 estantes y 1 puerta, una excelente opci\u00f3n para su cocina<\/p>\n<p>Medidas: Altura 75 cm x Largo 105 cm x Prof 53 cm.<br \/>\nFabricado en MDP y MDF.<br \/>\nBisagras met\u00e1licas<br \/>\nSoporta 3 Kg por estante y 10 Kg la mesada<br \/>\nPeso 25 Kg<\/p>\n","protected":false},"excerpt":{"rendered":"<p>ISLA COCINA MESADA DESAYUNADOR Para transformar su cocina en un ambiente elegante, sofisticado y organizado, nada mejor que decorarla con muebles de lujo. Tiene un dise\u00f1o moderno e innovador, as\u00ed<\/p>\n","protected":false},"featured_media":28910,"comment_status":"open","ping_status":"closed","template":"","meta":{"_acf_changed":false,"_joinchat":[]},"product_cat":[1000,44,106,650],"product_tag":[],"class_list":{"0":"post-28909","1":"product","2":"type-product","3":"status-publish","4":"has-post-thumbnail","6":"product_cat-comedor-living","7":"product_cat-bar-desayunadores","8":"product_cat-muebles-de-cocina","9":"product_cat-linea-nordica","11":"first","12":"outofstock","13":"taxable","14":"shipping-taxable","15":"product-type-variable"},"acf":[],"aioseo_notices":[],"jetpack_sharing_enabled":true,"_links":{"self":[{"href":"https:\/\/www.lgamoblamientos.com\/nv\/wp-json\/wp\/v2\/product\/28909","targetHints":{"allow":["GET"]}}],"collection":[{"href":"https:\/\/www.lgamoblamientos.com\/nv\/wp-json\/wp\/v2\/product"}],"about":[{"href":"https:\/\/www.lgamoblamientos.com\/nv\/wp-json\/wp\/v2\/types\/product"}],"replies":[{"embeddable":true,"href":"https:\/\/www.lgamoblamientos.com\/nv\/wp-json\/wp\/v2\/comments?post=28909"}],"wp:featuredmedia":[{"embeddable":true,"href":"https:\/\/www.lgamoblamientos.com\/nv\/wp-json\/wp\/v2\/media\/28910"}],"wp:attachment":[{"href":"https:\/\/www.lgamoblamientos.com\/nv\/wp-json\/wp\/v2\/media?parent=28909"}],"wp:term":[{"taxonomy":"product_cat","embeddable":true,"href":"https:\/\/www.lgamoblamientos.com\/nv\/wp-json\/wp\/v2\/product_cat?post=28909"},{"taxonomy":"product_tag","embeddable":true,"href":"https:\/\/www.lgamoblamientos.com\/nv\/wp-json\/wp\/v2\/product_tag?post=28909"}],"curies":[{"name":"wp","href":"https:\/\/api.w.org\/{rel}","templated":true}]}}