{"id":28962,"date":"2022-04-18T16:02:07","date_gmt":"2022-04-18T19:02:07","guid":{"rendered":"https:\/\/www.lgamoblamientos.com\/nv\/?post_type=product&#038;p=28962"},"modified":"2026-03-31T10:55:06","modified_gmt":"2026-03-31T13:55:06","slug":"mesa-de-luz-flotante-c-cajon-y-estante-estilo-nordico","status":"publish","type":"product","link":"https:\/\/www.lgamoblamientos.com\/nv\/product\/mesa-de-luz-flotante-c-cajon-y-estante-estilo-nordico\/","title":{"rendered":"Mesa De Luz Flotante C\/caj\u00f3n Y Estante Estilo N\u00f3rdico"},"content":{"rendered":"<p>MESA DE LUZ FLOTANTE NORDICA 1 CAJON<\/p>\n<p>\u2022 Medidas: Largo 0,30 m x Altura 0,20 m x Prof 0,34 m<br \/>\n\u2022 Color: BLANCO\/CASTA\u00d1O | BLANCO<br \/>\n\u2022 1 Caj\u00f3n con gu\u00edas met\u00e1licas<br \/>\n\u2022 MDP 15 mm.<br \/>\n\u2022 Mesa Flotante<br \/>\n\u2022 El peso m\u00e1ximo soportado es de 10 kg<br \/>\n\u2022 Se entrega desarmado en caja de origen<br \/>\n\u2022 F\u00e1cil armado<\/p>\n","protected":false},"excerpt":{"rendered":"<p>MESA DE LUZ FLOTANTE NORDICA 1 CAJON \u2022 Medidas: Largo 0,30 m x Altura 0,20 m x Prof 0,34 m \u2022 Color: BLANCO\/CASTA\u00d1O | BLANCO \u2022 1 Caj\u00f3n con gu\u00edas<\/p>\n","protected":false},"featured_media":38860,"comment_status":"open","ping_status":"closed","template":"","meta":{"_acf_changed":false,"_joinchat":[]},"product_cat":[39,75,650],"product_tag":[1219],"class_list":{"0":"post-28962","1":"product","2":"type-product","3":"status-publish","4":"has-post-thumbnail","6":"product_cat-dormitorio","7":"product_cat-respaldos-mesas-de-luz","8":"product_cat-linea-nordica","9":"product_tag-cyber-fest-26","10":"product_shipping_class-flex","12":"first","13":"outofstock","14":"taxable","15":"shipping-taxable","16":"product-type-variable"},"acf":[],"aioseo_notices":[],"jetpack_sharing_enabled":true,"_links":{"self":[{"href":"https:\/\/www.lgamoblamientos.com\/nv\/wp-json\/wp\/v2\/product\/28962","targetHints":{"allow":["GET"]}}],"collection":[{"href":"https:\/\/www.lgamoblamientos.com\/nv\/wp-json\/wp\/v2\/product"}],"about":[{"href":"https:\/\/www.lgamoblamientos.com\/nv\/wp-json\/wp\/v2\/types\/product"}],"replies":[{"embeddable":true,"href":"https:\/\/www.lgamoblamientos.com\/nv\/wp-json\/wp\/v2\/comments?post=28962"}],"wp:featuredmedia":[{"embeddable":true,"href":"https:\/\/www.lgamoblamientos.com\/nv\/wp-json\/wp\/v2\/media\/38860"}],"wp:attachment":[{"href":"https:\/\/www.lgamoblamientos.com\/nv\/wp-json\/wp\/v2\/media?parent=28962"}],"wp:term":[{"taxonomy":"product_cat","embeddable":true,"href":"https:\/\/www.lgamoblamientos.com\/nv\/wp-json\/wp\/v2\/product_cat?post=28962"},{"taxonomy":"product_tag","embeddable":true,"href":"https:\/\/www.lgamoblamientos.com\/nv\/wp-json\/wp\/v2\/product_tag?post=28962"}],"curies":[{"name":"wp","href":"https:\/\/api.w.org\/{rel}","templated":true}]}}