{"id":29183,"date":"2022-05-04T14:29:10","date_gmt":"2022-05-04T17:29:10","guid":{"rendered":"https:\/\/www.lgamoblamientos.com\/nv\/?post_type=product&#038;p=29183"},"modified":"2026-04-17T12:34:09","modified_gmt":"2026-04-17T15:34:09","slug":"carretilla-cuadrada-rueda-maciza-65lts-tramontina","status":"publish","type":"product","link":"https:\/\/www.lgamoblamientos.com\/nv\/product\/carretilla-cuadrada-rueda-maciza-65lts-tramontina\/","title":{"rendered":"Carretilla Cuadrada Rueda Maciza 65lts Tramontina"},"content":{"rendered":"<p>CARRETILLA CUADRADA C\/RUEDA MACIZA 65 LTS TRAMONTINA + PALA CUADRADA MANGO DE MADERA 71 CM<\/p>\n<p>Incluye: 1 Carretilla + 1 Pala Cuadrada<\/p>\n<p>&#8212;-CARRETILLA CUADRADA C\/RUEDA MACIZA 65 LTS TRAMONTINA<\/p>\n<p>Tierra, mortero o escombros: no importa lo que usted necesita cargar, el carro de mano Extraforte de Tramontina garantiza alta resistencia, aliada a un \u00f3ptimo acabado.<br \/>\n&#8211; Las carretillas Tramontina se fabrican con procesos altamente tecnol\u00f3gicos, que le garantizan alta resistencia, excelente calidad y buena terminaci\u00f3n a los productos.<br \/>\n&#8211; La carretilla es producida con materias primas de alta calidad.<br \/>\n&#8211; Acabamiento con pintura electrost\u00e1tica en polvo, que tiene mejor presentaci\u00f3n visual y mayor protecci\u00f3n contra la oxidaci\u00f3n.<br \/>\n&#8211; Empu\u00f1aduras ergon\u00f3micas.<br \/>\n&#8211; Borde reforzado.<br \/>\n&#8211; Eje de acero de alta resistencia y buje de nylon autolubricante.<br \/>\n&#8211; Caja met\u00e1lica reforzada de 0,9 mm, con capacidad para 65 L.<br \/>\n&#8211; Brazo met\u00e1lico tubular 1,5 mm.<br \/>\n&#8211; Llanta maciza 8&#8243; Diametro 345 mm x 75 mm.<br \/>\n&#8211; Producto fabricado de acuerdo a la norma brasile\u00f1a ABNT NBR 16269.<\/p>\n<p>LA CARRETILLA SE MANDA DESARMADA (El armado es muy sencillo)<\/p>\n<p>&#8212;-PALA CUADRADA MANGO DE MADERA 71 CM<\/p>\n<p>Pala en acero al carbono especial de alta calidad, y se corta con l\u00e1ser.<br \/>\nPintura electrost\u00e1tica a polvo, que tiene mejor presentaci\u00f3n visual y mayor protecci\u00f3n contra la oxidaci\u00f3n.<br \/>\nMango de 71 cm<br \/>\nMango con terminaci\u00f3n barnizada para una mejor presentaci\u00f3n del producto.<br \/>\nEmpu\u00f1adura pl\u00e1stica ergon\u00f3mica.<\/p>\n","protected":false},"excerpt":{"rendered":"<p>CARRETILLA CUADRADA C\/RUEDA MACIZA 65 LTS TRAMONTINA + PALA CUADRADA MANGO DE MADERA 71 CM Incluye: 1 Carretilla + 1 Pala Cuadrada &#8212;-CARRETILLA CUADRADA C\/RUEDA MACIZA 65 LTS TRAMONTINA Tierra,<\/p>\n","protected":false},"featured_media":37647,"comment_status":"open","ping_status":"closed","template":"","meta":{"_acf_changed":false,"_joinchat":[]},"product_cat":[48,100],"product_tag":[],"class_list":{"0":"post-29183","1":"product","2":"type-product","3":"status-publish","4":"has-post-thumbnail","6":"product_cat-ferreteria","7":"product_cat-herramientas","8":"product_shipping_class-flex","10":"first","11":"instock","12":"taxable","13":"shipping-taxable","14":"purchasable","15":"product-type-simple"},"acf":[],"aioseo_notices":[],"jetpack_sharing_enabled":true,"_links":{"self":[{"href":"https:\/\/www.lgamoblamientos.com\/nv\/wp-json\/wp\/v2\/product\/29183","targetHints":{"allow":["GET"]}}],"collection":[{"href":"https:\/\/www.lgamoblamientos.com\/nv\/wp-json\/wp\/v2\/product"}],"about":[{"href":"https:\/\/www.lgamoblamientos.com\/nv\/wp-json\/wp\/v2\/types\/product"}],"replies":[{"embeddable":true,"href":"https:\/\/www.lgamoblamientos.com\/nv\/wp-json\/wp\/v2\/comments?post=29183"}],"wp:featuredmedia":[{"embeddable":true,"href":"https:\/\/www.lgamoblamientos.com\/nv\/wp-json\/wp\/v2\/media\/37647"}],"wp:attachment":[{"href":"https:\/\/www.lgamoblamientos.com\/nv\/wp-json\/wp\/v2\/media?parent=29183"}],"wp:term":[{"taxonomy":"product_cat","embeddable":true,"href":"https:\/\/www.lgamoblamientos.com\/nv\/wp-json\/wp\/v2\/product_cat?post=29183"},{"taxonomy":"product_tag","embeddable":true,"href":"https:\/\/www.lgamoblamientos.com\/nv\/wp-json\/wp\/v2\/product_tag?post=29183"}],"curies":[{"name":"wp","href":"https:\/\/api.w.org\/{rel}","templated":true}]}}