{"id":29199,"date":"2022-05-04T16:50:32","date_gmt":"2022-05-04T19:50:32","guid":{"rendered":"https:\/\/www.lgamoblamientos.com\/nv\/?post_type=product&#038;p=29199"},"modified":"2025-12-02T11:19:10","modified_gmt":"2025-12-02T14:19:10","slug":"tablero-de-embutir-12-modulos-puerta-fume-schneider","status":"publish","type":"product","link":"https:\/\/www.lgamoblamientos.com\/nv\/product\/tablero-de-embutir-12-modulos-puerta-fume-schneider\/","title":{"rendered":"Tablero De Embutir 12 M\u00f3dulos Puerta Fum\u00e9 Conextube"},"content":{"rendered":"<p>TABLERO DE EMBUTIR C\/PUERTA FUME 12 MODULOS<\/p>\n<p>La l\u00ednea BOMBE de la marca CONEXTUBE, nos trae centrales para m\u00f3dulos DIN, ligeras y robustas, fabricadas con PVC reciclado de alta calidad. Poseen doble aislaci\u00f3n y tapas fum\u00e9. Sirven tanto para uso domiciliario como comercial.<\/p>\n<p>La publicaci\u00f3n no incluye t\u00e9rmica ni diferencial.<\/p>\n<p>&#8211; Normas de fabricaci\u00f3n IEC 60670-1<br \/>\n&#8211; Material de fabricaci\u00f3n pol\u00edmeros de ingenier\u00eda, no propagantes a la llama<br \/>\n&#8211; Grado de Protecci\u00f3n: IP40<br \/>\n&#8211; Cantidad de M\u00f3dulos: 12<br \/>\n&#8211; Puerta: Fume<br \/>\n&#8211; Tipo: Embutir &#8211; Empotrar<br \/>\n&#8211; Linea: Bombe<br \/>\n&#8211; Marca: CONEXTUBE<br \/>\n&#8211; Material: Termopl\u00e1stico Autoextinguible (Libre de hal\u00f3genos)<\/p>\n","protected":false},"excerpt":{"rendered":"<p>TABLERO DE EMBUTIR C\/PUERTA FUME 12 MODULOS La l\u00ednea BOMBE de la marca CONEXTUBE, nos trae centrales para m\u00f3dulos DIN, ligeras y robustas, fabricadas con PVC reciclado de alta calidad.<\/p>\n","protected":false},"featured_media":29240,"comment_status":"open","ping_status":"closed","template":"","meta":{"_acf_changed":false,"_joinchat":[]},"product_cat":[42,56,48,100],"product_tag":[],"class_list":{"0":"post-29199","1":"product","2":"type-product","3":"status-publish","4":"has-post-thumbnail","6":"product_cat-electrodomesticos","7":"product_cat-electrica","8":"product_cat-ferreteria","9":"product_cat-herramientas","10":"product_shipping_class-flex","12":"first","13":"outofstock","14":"taxable","15":"shipping-taxable","16":"purchasable","17":"product-type-simple"},"acf":[],"aioseo_notices":[],"jetpack_sharing_enabled":true,"_links":{"self":[{"href":"https:\/\/www.lgamoblamientos.com\/nv\/wp-json\/wp\/v2\/product\/29199","targetHints":{"allow":["GET"]}}],"collection":[{"href":"https:\/\/www.lgamoblamientos.com\/nv\/wp-json\/wp\/v2\/product"}],"about":[{"href":"https:\/\/www.lgamoblamientos.com\/nv\/wp-json\/wp\/v2\/types\/product"}],"replies":[{"embeddable":true,"href":"https:\/\/www.lgamoblamientos.com\/nv\/wp-json\/wp\/v2\/comments?post=29199"}],"wp:featuredmedia":[{"embeddable":true,"href":"https:\/\/www.lgamoblamientos.com\/nv\/wp-json\/wp\/v2\/media\/29240"}],"wp:attachment":[{"href":"https:\/\/www.lgamoblamientos.com\/nv\/wp-json\/wp\/v2\/media?parent=29199"}],"wp:term":[{"taxonomy":"product_cat","embeddable":true,"href":"https:\/\/www.lgamoblamientos.com\/nv\/wp-json\/wp\/v2\/product_cat?post=29199"},{"taxonomy":"product_tag","embeddable":true,"href":"https:\/\/www.lgamoblamientos.com\/nv\/wp-json\/wp\/v2\/product_tag?post=29199"}],"curies":[{"name":"wp","href":"https:\/\/api.w.org\/{rel}","templated":true}]}}