{"id":30269,"date":"2022-08-10T10:16:09","date_gmt":"2022-08-10T13:16:09","guid":{"rendered":"https:\/\/www.lgamoblamientos.com\/nv\/?post_type=product&#038;p=30269"},"modified":"2025-06-02T10:52:22","modified_gmt":"2025-06-02T13:52:22","slug":"sommier-2-plazas-espuma-alta-densidad-pillow-top-cannon","status":"publish","type":"product","link":"https:\/\/www.lgamoblamientos.com\/nv\/product\/sommier-2-plazas-espuma-alta-densidad-pillow-top-cannon\/","title":{"rendered":"Sommier 2 Plazas Espuma Alta Densidad Pillow Top- Cannon"},"content":{"rendered":"<p>SOMMIER 2 PLAZAS ESPUMA ALTA DENSIDAD C\/PILLOW TOP<\/p>\n<p>INCLUYE CUBRE COLCHON DE REGALO<\/p>\n<p>Medida : 190cm x 140cm<br \/>\nAltura del colch\u00f3n : 29cm<br \/>\nPeso m\u00e1ximo por plaza : 100kg<br \/>\nSensaci\u00f3n : Extra Firme<br \/>\nColor: Chocolate<\/p>\n<p>\u00a1Lleg\u00f3 a Uruguay la exclusiva marca de colchones y sommier Cannon!<br \/>\nLos colchones Cannon utilizan componentes que no contaminan ni da\u00f1an la capa de ozono.<\/p>\n<p>CONJUNTO EXCLUSIVE<br \/>\nExcelente colch\u00f3n y sommier de espuma de alta densidad que te brinda el descanso m\u00e1s saludable y placentero. Es ideal para prevenir problemas de columna y contractura muscular ya que con su firmeza \u00f3ptima se logra la mejor postura del cuerpo, con un plus de suavidad gracias a su manta de pillow que provoca una sensaci\u00f3n \u00fanica para lograr el descanso m\u00e1s profundo y renovador.<br \/>\nTiene un sistema Flip que permite rotarlo y usarlo de ambos lados, maximizando as\u00ed su durabilidad y confort. Con exclusiva tela de Jackard Belga totalmente matelaseada. La base sommier es de madera estacionada cubierta de espuma de alta densidad, con patas de madera torneada y laqueada que la hacen m\u00e1s durable y adem\u00e1s tienen el mejor dise\u00f1o para tu ambiente.<\/p>\n","protected":false},"excerpt":{"rendered":"<p>SOMMIER 2 PLAZAS ESPUMA ALTA DENSIDAD C\/PILLOW TOP INCLUYE CUBRE COLCHON DE REGALO Medida : 190cm x 140cm Altura del colch\u00f3n : 29cm Peso m\u00e1ximo por plaza : 100kg Sensaci\u00f3n<\/p>\n","protected":false},"featured_media":30278,"comment_status":"open","ping_status":"closed","template":"","meta":{"_acf_changed":false,"_joinchat":[]},"product_cat":[39,70],"product_tag":[],"class_list":{"0":"post-30269","1":"product","2":"type-product","3":"status-publish","4":"has-post-thumbnail","6":"product_cat-dormitorio","7":"product_cat-sommier","9":"first","10":"outofstock","11":"taxable","12":"shipping-taxable","13":"purchasable","14":"product-type-simple"},"acf":[],"aioseo_notices":[],"jetpack_sharing_enabled":true,"_links":{"self":[{"href":"https:\/\/www.lgamoblamientos.com\/nv\/wp-json\/wp\/v2\/product\/30269","targetHints":{"allow":["GET"]}}],"collection":[{"href":"https:\/\/www.lgamoblamientos.com\/nv\/wp-json\/wp\/v2\/product"}],"about":[{"href":"https:\/\/www.lgamoblamientos.com\/nv\/wp-json\/wp\/v2\/types\/product"}],"replies":[{"embeddable":true,"href":"https:\/\/www.lgamoblamientos.com\/nv\/wp-json\/wp\/v2\/comments?post=30269"}],"wp:featuredmedia":[{"embeddable":true,"href":"https:\/\/www.lgamoblamientos.com\/nv\/wp-json\/wp\/v2\/media\/30278"}],"wp:attachment":[{"href":"https:\/\/www.lgamoblamientos.com\/nv\/wp-json\/wp\/v2\/media?parent=30269"}],"wp:term":[{"taxonomy":"product_cat","embeddable":true,"href":"https:\/\/www.lgamoblamientos.com\/nv\/wp-json\/wp\/v2\/product_cat?post=30269"},{"taxonomy":"product_tag","embeddable":true,"href":"https:\/\/www.lgamoblamientos.com\/nv\/wp-json\/wp\/v2\/product_tag?post=30269"}],"curies":[{"name":"wp","href":"https:\/\/api.w.org\/{rel}","templated":true}]}}