{"id":30279,"date":"2022-08-10T10:17:26","date_gmt":"2022-08-10T13:17:26","guid":{"rendered":"https:\/\/www.lgamoblamientos.com\/nv\/?post_type=product&#038;p=30279"},"modified":"2024-06-01T09:47:40","modified_gmt":"2024-06-01T12:47:40","slug":"sommier-somier-2-plazas-espuma-alta-densidad-cannon-2","status":"publish","type":"product","link":"https:\/\/www.lgamoblamientos.com\/nv\/product\/sommier-somier-2-plazas-espuma-alta-densidad-cannon-2\/","title":{"rendered":"Sommier Somier 2 Plazas Espuma Alta Densidad Cannon"},"content":{"rendered":"<p>SOMMIER 2 PLAZAS ESPUMA ALTA DENSIDAD<\/p>\n<p>Medida : 190cm x 140cm<br \/>\nAltura del colch\u00f3n : 26cm<br \/>\nPeso m\u00e1ximo por plaza : 120kg<br \/>\nSensaci\u00f3n : Extra Firme<br \/>\nColor: Gris<\/p>\n<p>\u00a1Lleg\u00f3 a Uruguay la exclusiva marca de colchones y sommier Cannon!<br \/>\nLos colchones Cannon utilizan componentes que no contaminan ni da\u00f1an la capa de ozono.<\/p>\n<p>CONJUNTO RENOVATION<br \/>\n\u00danico colch\u00f3n y sommier de espuma de alt\u00edsima densidad que te brinda un placer absoluto. Es el colch\u00f3n ideal si est\u00e1s buscando un descanso pleno y renovador ya que con su extrema firmeza te garantiza una sensaci\u00f3n completamente placentera gracias al perfecto apoyo de la columna.<br \/>\nTiene sistema Flip que permite rotarlo y usarlo de ambos lados, maximizando as\u00ed su durabilidad y confort. Con exclusiva tela de Jackard Belga totalmente matelaseada. La base sommier es de madera estacionada cubierta de espuma de alta densidad, con patas de madera torneada y laqueada que la hacen m\u00e1s durable y adem\u00e1s tienen el mejor dise\u00f1o para tu ambiente<\/p>\n","protected":false},"excerpt":{"rendered":"<p>SOMMIER 2 PLAZAS ESPUMA ALTA DENSIDAD Medida : 190cm x 140cm Altura del colch\u00f3n : 26cm Peso m\u00e1ximo por plaza : 120kg Sensaci\u00f3n : Extra Firme Color: Gris \u00a1Lleg\u00f3 a<\/p>\n","protected":false},"featured_media":38548,"comment_status":"open","ping_status":"closed","template":"","meta":{"_acf_changed":false,"_joinchat":[]},"product_cat":[39,70],"product_tag":[],"class_list":{"0":"post-30279","1":"product","2":"type-product","3":"status-publish","4":"has-post-thumbnail","6":"product_cat-dormitorio","7":"product_cat-sommier","9":"first","10":"outofstock","11":"taxable","12":"shipping-taxable","13":"purchasable","14":"product-type-simple"},"acf":[],"aioseo_notices":[],"jetpack_sharing_enabled":true,"_links":{"self":[{"href":"https:\/\/www.lgamoblamientos.com\/nv\/wp-json\/wp\/v2\/product\/30279","targetHints":{"allow":["GET"]}}],"collection":[{"href":"https:\/\/www.lgamoblamientos.com\/nv\/wp-json\/wp\/v2\/product"}],"about":[{"href":"https:\/\/www.lgamoblamientos.com\/nv\/wp-json\/wp\/v2\/types\/product"}],"replies":[{"embeddable":true,"href":"https:\/\/www.lgamoblamientos.com\/nv\/wp-json\/wp\/v2\/comments?post=30279"}],"wp:featuredmedia":[{"embeddable":true,"href":"https:\/\/www.lgamoblamientos.com\/nv\/wp-json\/wp\/v2\/media\/38548"}],"wp:attachment":[{"href":"https:\/\/www.lgamoblamientos.com\/nv\/wp-json\/wp\/v2\/media?parent=30279"}],"wp:term":[{"taxonomy":"product_cat","embeddable":true,"href":"https:\/\/www.lgamoblamientos.com\/nv\/wp-json\/wp\/v2\/product_cat?post=30279"},{"taxonomy":"product_tag","embeddable":true,"href":"https:\/\/www.lgamoblamientos.com\/nv\/wp-json\/wp\/v2\/product_tag?post=30279"}],"curies":[{"name":"wp","href":"https:\/\/api.w.org\/{rel}","templated":true}]}}