{"id":30655,"date":"2022-09-01T14:18:25","date_gmt":"2022-09-01T17:18:25","guid":{"rendered":"https:\/\/www.lgamoblamientos.com\/nv\/?post_type=product&#038;p=30655"},"modified":"2023-11-14T00:00:23","modified_gmt":"2023-11-14T03:00:23","slug":"ropero-perchero-industrial-amplio-con-estantes-3","status":"publish","type":"product","link":"https:\/\/www.lgamoblamientos.com\/nv\/product\/ropero-perchero-industrial-amplio-con-estantes-3\/","title":{"rendered":"Ropero Perchero Industrial Amplio Con Estantes"},"content":{"rendered":"<p>PERCHERO CON ESTANTES<\/p>\n<p>Medidas: Altura: 1,70 m \/ Largo: 0,80 m \/Prof: 0,25 m<\/p>\n<p>Multifunci\u00f3n: Este producto combina un perchero para sombreros, un perchero para ropa y un zapatero, que es muy adecuado para pasillos, oficinas, salas de estar o cualquier lugar donde sea necesario.<\/p>\n<p>Resistente y estable: Con estructura de metal duradera y acabado cromado cl\u00e1sico en negro, el elegante perchero es s\u00f3lido y moderno.<\/p>\n<p>Patas ajustables: Proporcionamos 4 pies de goma para adaptarse a diferentes alturas de suelo y evitar ara\u00f1azos en la superficie del suelo.<\/p>\n<p>Se puede colocar 4 pares de zapatos, 12 pares de zapatos<\/p>\n<p>F\u00e1cil de montar El dise\u00f1o de estructura simple hace que sea muy f\u00e1cil de montar.<\/p>\n","protected":false},"excerpt":{"rendered":"<p>PERCHERO CON ESTANTES Medidas: Altura: 1,70 m \/ Largo: 0,80 m \/Prof: 0,25 m Multifunci\u00f3n: Este producto combina un perchero para sombreros, un perchero para ropa y un zapatero, que<\/p>\n","protected":false},"featured_media":33779,"comment_status":"open","ping_status":"closed","template":"","meta":{"_acf_changed":false,"_joinchat":[]},"product_cat":[883],"product_tag":[],"class_list":{"0":"post-30655","1":"product","2":"type-product","3":"status-publish","4":"has-post-thumbnail","6":"product_cat-decoracion-organizacion","8":"first","9":"outofstock","10":"taxable","11":"shipping-taxable","12":"purchasable","13":"product-type-simple"},"acf":[],"aioseo_notices":[],"jetpack_sharing_enabled":true,"_links":{"self":[{"href":"https:\/\/www.lgamoblamientos.com\/nv\/wp-json\/wp\/v2\/product\/30655","targetHints":{"allow":["GET"]}}],"collection":[{"href":"https:\/\/www.lgamoblamientos.com\/nv\/wp-json\/wp\/v2\/product"}],"about":[{"href":"https:\/\/www.lgamoblamientos.com\/nv\/wp-json\/wp\/v2\/types\/product"}],"replies":[{"embeddable":true,"href":"https:\/\/www.lgamoblamientos.com\/nv\/wp-json\/wp\/v2\/comments?post=30655"}],"wp:featuredmedia":[{"embeddable":true,"href":"https:\/\/www.lgamoblamientos.com\/nv\/wp-json\/wp\/v2\/media\/33779"}],"wp:attachment":[{"href":"https:\/\/www.lgamoblamientos.com\/nv\/wp-json\/wp\/v2\/media?parent=30655"}],"wp:term":[{"taxonomy":"product_cat","embeddable":true,"href":"https:\/\/www.lgamoblamientos.com\/nv\/wp-json\/wp\/v2\/product_cat?post=30655"},{"taxonomy":"product_tag","embeddable":true,"href":"https:\/\/www.lgamoblamientos.com\/nv\/wp-json\/wp\/v2\/product_tag?post=30655"}],"curies":[{"name":"wp","href":"https:\/\/api.w.org\/{rel}","templated":true}]}}