{"id":30750,"date":"2022-09-06T16:59:35","date_gmt":"2022-09-06T19:59:35","guid":{"rendered":"https:\/\/www.lgamoblamientos.com\/nv\/?post_type=product&#038;p=30750"},"modified":"2026-03-02T08:47:52","modified_gmt":"2026-03-02T11:47:52","slug":"organizador-de-bambu-para-6-tazas","status":"publish","type":"product","link":"https:\/\/www.lgamoblamientos.com\/nv\/product\/organizador-de-bambu-para-6-tazas\/","title":{"rendered":"Organizador De Bambu Para 6 Tazas"},"content":{"rendered":"<p>ORGANIZADOR DE TAZAS<\/p>\n<p>Organizador para tazas fabricado con bamb\u00fa resistente y ecol\u00f3gico, duradero y no se deforma f\u00e1cilmente, elegante y hermoso, se puede utilizar como decoraci\u00f3n para la cocina.<br \/>\nDe f\u00e1cil limpieza, saludable y duradero.<br \/>\nEl \u00e1rbol de tazas vertical cuenta con una base antideslizante pesada con ramas en \u00e1ngulo para garantizar un m\u00e1ximo de 6 tazas de caf\u00e9 o tazas permanezcan de forma segura.<br \/>\nF\u00e1cil de armar. Las ramas se pueden fijar con tornillos de forma estable y simplemente limpiar con un pa\u00f1o h\u00famedo o secar a fondo. Puedes desmontar el \u00e1rbol de la taza de caf\u00e9 y guardarlo cuando no est\u00e9 en uso.<\/p>\n<p>&#8211; Organizador para tazas<br \/>\n&#8211; Material: Bamb\u00fa<br \/>\n&#8211; F\u00e1cil de armar<br \/>\n&#8211; Hasta 6 tazas<br \/>\n&#8211; F\u00e1cil de limpiar<br \/>\n&#8211; No ocupa lugar<br \/>\n&#8211; Base antideslizante<br \/>\n&#8211; Espesor de la base: 1.5 cm<br \/>\n&#8211; Medidas: 35 x 17 cm<\/p>\n","protected":false},"excerpt":{"rendered":"<p>ORGANIZADOR DE TAZAS Organizador para tazas fabricado con bamb\u00fa resistente y ecol\u00f3gico, duradero y no se deforma f\u00e1cilmente, elegante y hermoso, se puede utilizar como decoraci\u00f3n para la cocina. De<\/p>\n","protected":false},"featured_media":30752,"comment_status":"open","ping_status":"closed","template":"","meta":{"_acf_changed":false,"_joinchat":[]},"product_cat":[883,65],"product_tag":[1219],"class_list":{"0":"post-30750","1":"product","2":"type-product","3":"status-publish","4":"has-post-thumbnail","6":"product_cat-decoracion-organizacion","7":"product_cat-bazar","8":"product_tag-cyber-fest-26","9":"product_shipping_class-flex","11":"first","12":"instock","13":"sale","14":"taxable","15":"shipping-taxable","16":"purchasable","17":"product-type-simple"},"acf":[],"aioseo_notices":[],"jetpack_sharing_enabled":true,"_links":{"self":[{"href":"https:\/\/www.lgamoblamientos.com\/nv\/wp-json\/wp\/v2\/product\/30750","targetHints":{"allow":["GET"]}}],"collection":[{"href":"https:\/\/www.lgamoblamientos.com\/nv\/wp-json\/wp\/v2\/product"}],"about":[{"href":"https:\/\/www.lgamoblamientos.com\/nv\/wp-json\/wp\/v2\/types\/product"}],"replies":[{"embeddable":true,"href":"https:\/\/www.lgamoblamientos.com\/nv\/wp-json\/wp\/v2\/comments?post=30750"}],"wp:featuredmedia":[{"embeddable":true,"href":"https:\/\/www.lgamoblamientos.com\/nv\/wp-json\/wp\/v2\/media\/30752"}],"wp:attachment":[{"href":"https:\/\/www.lgamoblamientos.com\/nv\/wp-json\/wp\/v2\/media?parent=30750"}],"wp:term":[{"taxonomy":"product_cat","embeddable":true,"href":"https:\/\/www.lgamoblamientos.com\/nv\/wp-json\/wp\/v2\/product_cat?post=30750"},{"taxonomy":"product_tag","embeddable":true,"href":"https:\/\/www.lgamoblamientos.com\/nv\/wp-json\/wp\/v2\/product_tag?post=30750"}],"curies":[{"name":"wp","href":"https:\/\/api.w.org\/{rel}","templated":true}]}}