{"id":30779,"date":"2022-09-07T09:46:20","date_gmt":"2022-09-07T12:46:20","guid":{"rendered":"https:\/\/www.lgamoblamientos.com\/nv\/?post_type=product&#038;p=30779"},"modified":"2026-03-12T18:05:06","modified_gmt":"2026-03-12T21:05:06","slug":"organizador-plastico-bambu-multiuso-cosmeticos-escritorio","status":"publish","type":"product","link":"https:\/\/www.lgamoblamientos.com\/nv\/product\/organizador-plastico-bambu-multiuso-cosmeticos-escritorio\/","title":{"rendered":"Organizador Pl\u00e1stico-bamb\u00fa Multiuso Cosm\u00e9ticos Escritorio"},"content":{"rendered":"<p>ORGANIZADOR PLASTICO Y BAMBU PARA COSMETICOS, ESCRITORIO<\/p>\n<p>Organizador de maquillaje de pl\u00e1stico y bamb\u00fa, perfecto para mantener organizado el escritorio. Dise\u00f1o moderno que combina bamb\u00fa y pl\u00e1stico. Cuenta con 7 compartimientos y una ranura para colocar el celular.<br \/>\nEs desm\u00f3ntale, lo que permite una f\u00e1cil limpieza.<\/p>\n<p>\u2022 Medida: Largo 18 cm x Ancho 10 cm x Altura 10cm.<br \/>\n\u2022 Material: bamb\u00fa y pl\u00e1stico<br \/>\n\u2022 Ranura para celular<br \/>\n\u2022 8 compartimientos<br \/>\n\u2022 Desmontable<\/p>\n","protected":false},"excerpt":{"rendered":"<p>ORGANIZADOR PLASTICO Y BAMBU PARA COSMETICOS, ESCRITORIO Organizador de maquillaje de pl\u00e1stico y bamb\u00fa, perfecto para mantener organizado el escritorio. Dise\u00f1o moderno que combina bamb\u00fa y pl\u00e1stico. Cuenta con 7<\/p>\n","protected":false},"featured_media":30782,"comment_status":"open","ping_status":"closed","template":"","meta":{"_acf_changed":false,"_joinchat":[]},"product_cat":[883],"product_tag":[1219],"class_list":{"0":"post-30779","1":"product","2":"type-product","3":"status-publish","4":"has-post-thumbnail","6":"product_cat-decoracion-organizacion","7":"product_tag-cyber-fest-26","8":"product_shipping_class-flex","10":"first","11":"outofstock","12":"taxable","13":"shipping-taxable","14":"product-type-simple"},"acf":[],"aioseo_notices":[],"jetpack_sharing_enabled":true,"_links":{"self":[{"href":"https:\/\/www.lgamoblamientos.com\/nv\/wp-json\/wp\/v2\/product\/30779","targetHints":{"allow":["GET"]}}],"collection":[{"href":"https:\/\/www.lgamoblamientos.com\/nv\/wp-json\/wp\/v2\/product"}],"about":[{"href":"https:\/\/www.lgamoblamientos.com\/nv\/wp-json\/wp\/v2\/types\/product"}],"replies":[{"embeddable":true,"href":"https:\/\/www.lgamoblamientos.com\/nv\/wp-json\/wp\/v2\/comments?post=30779"}],"wp:featuredmedia":[{"embeddable":true,"href":"https:\/\/www.lgamoblamientos.com\/nv\/wp-json\/wp\/v2\/media\/30782"}],"wp:attachment":[{"href":"https:\/\/www.lgamoblamientos.com\/nv\/wp-json\/wp\/v2\/media?parent=30779"}],"wp:term":[{"taxonomy":"product_cat","embeddable":true,"href":"https:\/\/www.lgamoblamientos.com\/nv\/wp-json\/wp\/v2\/product_cat?post=30779"},{"taxonomy":"product_tag","embeddable":true,"href":"https:\/\/www.lgamoblamientos.com\/nv\/wp-json\/wp\/v2\/product_tag?post=30779"}],"curies":[{"name":"wp","href":"https:\/\/api.w.org\/{rel}","templated":true}]}}