{"id":30881,"date":"2022-09-08T11:20:51","date_gmt":"2022-09-08T14:20:51","guid":{"rendered":"https:\/\/www.lgamoblamientos.com\/nv\/?post_type=product&#038;p=30881"},"modified":"2026-05-08T13:28:33","modified_gmt":"2026-05-08T16:28:33","slug":"horquilla-pasto-4-dientes-mango-de-madera-tramontina","status":"publish","type":"product","link":"https:\/\/www.lgamoblamientos.com\/nv\/product\/horquilla-pasto-4-dientes-mango-de-madera-tramontina\/","title":{"rendered":"Horquilla Pasto 4 Dientes Mango De Madera Tramontina"},"content":{"rendered":"<p>HORQUILLA 4 DIENTES MANGO DE MADERA 74 CM<\/p>\n<p>Fabricado de una \u00fanica pieza templada, ofreciendo mayor resistencia y menor desgaste durante el uso.<br \/>\nEn acero carbono especial de alta calidad.<br \/>\nPintura electrost\u00e1tica a polvo, que tiene mejor presentaci\u00f3n visual y mayor protecci\u00f3n contra la oxidaci\u00f3n.<br \/>\n4 dientes.<br \/>\nMango de 74 cm<br \/>\nMango con terminaci\u00f3n barnizada para una mejor presentaci\u00f3n del producto<br \/>\nEmpu\u00f1adura met\u00e1lica ergon\u00f3mica.<\/p>\n","protected":false},"excerpt":{"rendered":"<p>HORQUILLA 4 DIENTES MANGO DE MADERA 74 CM Fabricado de una \u00fanica pieza templada, ofreciendo mayor resistencia y menor desgaste durante el uso. En acero carbono especial de alta calidad.<\/p>\n","protected":false},"featured_media":30882,"comment_status":"open","ping_status":"closed","template":"","meta":{"_acf_changed":false,"_joinchat":[]},"product_cat":[48,100,51],"product_tag":[1219],"class_list":{"0":"post-30881","1":"product","2":"type-product","3":"status-publish","4":"has-post-thumbnail","6":"product_cat-ferreteria","7":"product_cat-herramientas","8":"product_cat-jardin","9":"product_tag-cyber-fest-26","10":"product_shipping_class-flex","12":"first","13":"instock","14":"sale","15":"taxable","16":"shipping-taxable","17":"purchasable","18":"product-type-simple"},"acf":[],"aioseo_notices":[],"jetpack_sharing_enabled":true,"_links":{"self":[{"href":"https:\/\/www.lgamoblamientos.com\/nv\/wp-json\/wp\/v2\/product\/30881","targetHints":{"allow":["GET"]}}],"collection":[{"href":"https:\/\/www.lgamoblamientos.com\/nv\/wp-json\/wp\/v2\/product"}],"about":[{"href":"https:\/\/www.lgamoblamientos.com\/nv\/wp-json\/wp\/v2\/types\/product"}],"replies":[{"embeddable":true,"href":"https:\/\/www.lgamoblamientos.com\/nv\/wp-json\/wp\/v2\/comments?post=30881"}],"wp:featuredmedia":[{"embeddable":true,"href":"https:\/\/www.lgamoblamientos.com\/nv\/wp-json\/wp\/v2\/media\/30882"}],"wp:attachment":[{"href":"https:\/\/www.lgamoblamientos.com\/nv\/wp-json\/wp\/v2\/media?parent=30881"}],"wp:term":[{"taxonomy":"product_cat","embeddable":true,"href":"https:\/\/www.lgamoblamientos.com\/nv\/wp-json\/wp\/v2\/product_cat?post=30881"},{"taxonomy":"product_tag","embeddable":true,"href":"https:\/\/www.lgamoblamientos.com\/nv\/wp-json\/wp\/v2\/product_tag?post=30881"}],"curies":[{"name":"wp","href":"https:\/\/api.w.org\/{rel}","templated":true}]}}