{"id":30889,"date":"2022-09-08T11:30:21","date_gmt":"2022-09-08T14:30:21","guid":{"rendered":"https:\/\/www.lgamoblamientos.com\/nv\/?post_type=product&#038;p=30889"},"modified":"2026-05-08T13:28:31","modified_gmt":"2026-05-08T16:28:31","slug":"azada-130cm-mango-madera-tramontina","status":"publish","type":"product","link":"https:\/\/www.lgamoblamientos.com\/nv\/product\/azada-130cm-mango-madera-tramontina\/","title":{"rendered":"Azada 130cm Mango Madera Tramontina"},"content":{"rendered":"<p>AZADA MANGO DE MADERA 130 CM TRAMOTNINA<\/p>\n<p>Fabricada de una \u00fanica pieza templada, ofreciendo mayor resistencia y menor desgaste durante el uso.<br \/>\nEn acero carbono especial de alta calidad.<br \/>\nPintura electrost\u00e1tica a polvo, que tiene mejor presentaci\u00f3n visual y mayor protecci\u00f3n contra la oxidaci\u00f3n.<br \/>\nOjo de 38 mm de di\u00e1metro.<br \/>\nL\u00e1mina de tama\u00f1o 0.5 e su afilado se hace con m\u00e1quinas automatizadas, proporcionando excelente durabilidad del filo.<br \/>\nMango de 130 cm<br \/>\nMango con terminaci\u00f3n barnizada para una mejor presentaci\u00f3n del producto<br \/>\nEl sistema de colocaci\u00f3n del mango con buje pl\u00e1stico permite una excelente fijaci\u00f3n de la azada, evitando que los mangos se suelten durante el uso. El buje absorbe la contracci\u00f3n de la madera, manteniendo el mango siempre firme y ayuda a absorber los impactos durante el uso.<br \/>\nAzada liviana<br \/>\nL\u00e1mina con \u00e1ngulo intermedio en relaci\u00f3n al mango: es ideal para revolver la tierra de forma superficial, realizar peque\u00f1os surcos y agregar abono. En la construcci\u00f3n civil, facilita la preparaci\u00f3n de mezclas.<\/p>\n","protected":false},"excerpt":{"rendered":"<p>AZADA MANGO DE MADERA 130 CM TRAMOTNINA Fabricada de una \u00fanica pieza templada, ofreciendo mayor resistencia y menor desgaste durante el uso. En acero carbono especial de alta calidad. Pintura<\/p>\n","protected":false},"featured_media":30892,"comment_status":"open","ping_status":"closed","template":"","meta":{"_acf_changed":false,"_joinchat":[]},"product_cat":[48,100,51],"product_tag":[1219],"class_list":{"0":"post-30889","1":"product","2":"type-product","3":"status-publish","4":"has-post-thumbnail","6":"product_cat-ferreteria","7":"product_cat-herramientas","8":"product_cat-jardin","9":"product_tag-cyber-fest-26","10":"product_shipping_class-flex","12":"first","13":"instock","14":"sale","15":"taxable","16":"shipping-taxable","17":"purchasable","18":"product-type-simple"},"acf":[],"aioseo_notices":[],"jetpack_sharing_enabled":true,"_links":{"self":[{"href":"https:\/\/www.lgamoblamientos.com\/nv\/wp-json\/wp\/v2\/product\/30889","targetHints":{"allow":["GET"]}}],"collection":[{"href":"https:\/\/www.lgamoblamientos.com\/nv\/wp-json\/wp\/v2\/product"}],"about":[{"href":"https:\/\/www.lgamoblamientos.com\/nv\/wp-json\/wp\/v2\/types\/product"}],"replies":[{"embeddable":true,"href":"https:\/\/www.lgamoblamientos.com\/nv\/wp-json\/wp\/v2\/comments?post=30889"}],"wp:featuredmedia":[{"embeddable":true,"href":"https:\/\/www.lgamoblamientos.com\/nv\/wp-json\/wp\/v2\/media\/30892"}],"wp:attachment":[{"href":"https:\/\/www.lgamoblamientos.com\/nv\/wp-json\/wp\/v2\/media?parent=30889"}],"wp:term":[{"taxonomy":"product_cat","embeddable":true,"href":"https:\/\/www.lgamoblamientos.com\/nv\/wp-json\/wp\/v2\/product_cat?post=30889"},{"taxonomy":"product_tag","embeddable":true,"href":"https:\/\/www.lgamoblamientos.com\/nv\/wp-json\/wp\/v2\/product_tag?post=30889"}],"curies":[{"name":"wp","href":"https:\/\/api.w.org\/{rel}","templated":true}]}}