{"id":30898,"date":"2022-09-08T11:52:02","date_gmt":"2022-09-08T14:52:02","guid":{"rendered":"https:\/\/www.lgamoblamientos.com\/nv\/?post_type=product&#038;p=30898"},"modified":"2026-04-16T12:59:04","modified_gmt":"2026-04-16T15:59:04","slug":"rastrillo-14-dientes-mango-de-madera-120-cm-tramontina","status":"publish","type":"product","link":"https:\/\/www.lgamoblamientos.com\/nv\/product\/rastrillo-14-dientes-mango-de-madera-120-cm-tramontina\/","title":{"rendered":"Rastrillo 14 Dientes Mango De Madera 120 Cm Tramontina"},"content":{"rendered":"<p>RASTRILLO 14 DIENTES MANGO DE MADERA 120 CM TRAMOTNINA<\/p>\n<p>El rastrillo tiene un papel importante en la preparaci\u00f3n del suelo. Es una herramienta perfecta para arar y limpiar la tierra y para retirar residuos. Robusto y resistente, es ideal para cualquier tipo de terreno. Por su tama\u00f1o y por ser liviano se adapta a las m\u00e1s diversas actividades de agricultura, jardiner\u00eda y construcci\u00f3n civil. El mango, adem\u00e1s de tener excelente resistencia, se fabrica con madera de origen renovable.<\/p>\n<p>&#8211; El rastrillo est\u00e1 fabricado de una \u00fanica pieza templada, ofreciendo mayor resistencia y menor desgaste durante el uso.<br \/>\n&#8211; Fabricaci\u00f3n en acero carbono especial de alta calidad.<br \/>\n&#8211; Posee 2 mm de espesor.<br \/>\n&#8211; Posee 14 dientes.<br \/>\n&#8211; Posee ojo de 23 mm de di\u00e1metro.<br \/>\n&#8211; Recibe pintura electrost\u00e1tica a polvo, que tiene mejor presentaci\u00f3n visual y mayor protecci\u00f3n contra la oxidaci\u00f3n.<br \/>\n&#8211; La tinta utilizada en la pintura no posee metales pesados en su composici\u00f3n, lo que reduce el impacto ambiental.<br \/>\n&#8211; El mango de 120 cm de esta herramienta, adem\u00e1s de tener excelente resistencia, se fabrica con madera de origen renovable.<br \/>\n&#8211; Mango con terminaci\u00f3n barnizada para una mejor presentaci\u00f3n del producto. La capa protectora de barniz incoloro realza su tonalidad, concedi\u00e9ndole brillo y un toque m\u00e1s liso al producto.<\/p>\n","protected":false},"excerpt":{"rendered":"<p>RASTRILLO 14 DIENTES MANGO DE MADERA 120 CM TRAMOTNINA El rastrillo tiene un papel importante en la preparaci\u00f3n del suelo. Es una herramienta perfecta para arar y limpiar la tierra<\/p>\n","protected":false},"featured_media":30900,"comment_status":"open","ping_status":"closed","template":"","meta":{"_acf_changed":false,"_joinchat":[]},"product_cat":[48,100,51],"product_tag":[1219],"class_list":{"0":"post-30898","1":"product","2":"type-product","3":"status-publish","4":"has-post-thumbnail","6":"product_cat-ferreteria","7":"product_cat-herramientas","8":"product_cat-jardin","9":"product_tag-cyber-fest-26","10":"product_shipping_class-flex","12":"first","13":"instock","14":"sale","15":"taxable","16":"shipping-taxable","17":"purchasable","18":"product-type-simple"},"acf":[],"aioseo_notices":[],"jetpack_sharing_enabled":true,"_links":{"self":[{"href":"https:\/\/www.lgamoblamientos.com\/nv\/wp-json\/wp\/v2\/product\/30898","targetHints":{"allow":["GET"]}}],"collection":[{"href":"https:\/\/www.lgamoblamientos.com\/nv\/wp-json\/wp\/v2\/product"}],"about":[{"href":"https:\/\/www.lgamoblamientos.com\/nv\/wp-json\/wp\/v2\/types\/product"}],"replies":[{"embeddable":true,"href":"https:\/\/www.lgamoblamientos.com\/nv\/wp-json\/wp\/v2\/comments?post=30898"}],"wp:featuredmedia":[{"embeddable":true,"href":"https:\/\/www.lgamoblamientos.com\/nv\/wp-json\/wp\/v2\/media\/30900"}],"wp:attachment":[{"href":"https:\/\/www.lgamoblamientos.com\/nv\/wp-json\/wp\/v2\/media?parent=30898"}],"wp:term":[{"taxonomy":"product_cat","embeddable":true,"href":"https:\/\/www.lgamoblamientos.com\/nv\/wp-json\/wp\/v2\/product_cat?post=30898"},{"taxonomy":"product_tag","embeddable":true,"href":"https:\/\/www.lgamoblamientos.com\/nv\/wp-json\/wp\/v2\/product_tag?post=30898"}],"curies":[{"name":"wp","href":"https:\/\/api.w.org\/{rel}","templated":true}]}}