{"id":30905,"date":"2022-09-08T12:38:44","date_gmt":"2022-09-08T15:38:44","guid":{"rendered":"https:\/\/www.lgamoblamientos.com\/nv\/?post_type=product&#038;p=30905"},"modified":"2026-04-18T13:30:06","modified_gmt":"2026-04-18T16:30:06","slug":"kit-carrete-18mm-tapa-portacarrete-resorte-bordeadora","status":"publish","type":"product","link":"https:\/\/www.lgamoblamientos.com\/nv\/product\/kit-carrete-18mm-tapa-portacarrete-resorte-bordeadora\/","title":{"rendered":"Kit Carrete 1,8mm+ Tapa+ Portacarrete+ Resorte Bordeadora"},"content":{"rendered":"<p>CARRETE CON HILO DE NYLON 1,8 MM + TAPA + PORTACARRETE + RESORTE<br \/>\nKIT DE REPARACION DE BORDEADORA TRAMONTINA<\/p>\n<p>Incluye: 1 Carrete + 1 Tapa + 1 Porta Carrete + 1 Resorte<\/p>\n<p>Para bordeadoras de c\u00e9sped AP500, AP600, AP700, AP800, AP1000, AP1500, AP1800, APR1000, AP1000T y AP1500T.<\/p>\n<p>&#8212;-CARRETE CON HILO DE NYLON 1,8 MM<br \/>\n&#8211; Fabricado en pl\u00e1stico de alta resistencia, que proporciona m\u00e1s durabilidad y excelente terminaci\u00f3n.<br \/>\n&#8211; Tanza de 1,8 mm de espesor y 8 m de largo.<\/p>\n<p>&#8212;-TAPA DEL CARRETE<\/p>\n<p>Tapa del carrete, para bordeadora de c\u00e9sped<\/p>\n<p>&#8212;-PORTA CARRETE<\/p>\n<p>&#8211; Fabricada en pl\u00e1stico de alta resistencia, que proporciona m\u00e1s durabilidad y excelente terminaci\u00f3n.<\/p>\n<p>&#8212;-RESORTE<\/p>\n<p>&#8211; Fabricaci\u00f3n en acero especial de alta calidad.<br \/>\n&#8211; Tiene terminaci\u00f3n zincada.<\/p>\n","protected":false},"excerpt":{"rendered":"<p>CARRETE CON HILO DE NYLON 1,8 MM + TAPA + PORTACARRETE + RESORTE KIT DE REPARACION DE BORDEADORA TRAMONTINA Incluye: 1 Carrete + 1 Tapa + 1 Porta Carrete +<\/p>\n","protected":false},"featured_media":30907,"comment_status":"open","ping_status":"closed","template":"","meta":{"_acf_changed":false,"_joinchat":[]},"product_cat":[48,100,51],"product_tag":[1219],"class_list":{"0":"post-30905","1":"product","2":"type-product","3":"status-publish","4":"has-post-thumbnail","6":"product_cat-ferreteria","7":"product_cat-herramientas","8":"product_cat-jardin","9":"product_tag-cyber-fest-26","10":"product_shipping_class-flex","12":"first","13":"instock","14":"sale","15":"taxable","16":"shipping-taxable","17":"purchasable","18":"product-type-simple"},"acf":[],"aioseo_notices":[],"jetpack_sharing_enabled":true,"_links":{"self":[{"href":"https:\/\/www.lgamoblamientos.com\/nv\/wp-json\/wp\/v2\/product\/30905","targetHints":{"allow":["GET"]}}],"collection":[{"href":"https:\/\/www.lgamoblamientos.com\/nv\/wp-json\/wp\/v2\/product"}],"about":[{"href":"https:\/\/www.lgamoblamientos.com\/nv\/wp-json\/wp\/v2\/types\/product"}],"replies":[{"embeddable":true,"href":"https:\/\/www.lgamoblamientos.com\/nv\/wp-json\/wp\/v2\/comments?post=30905"}],"wp:featuredmedia":[{"embeddable":true,"href":"https:\/\/www.lgamoblamientos.com\/nv\/wp-json\/wp\/v2\/media\/30907"}],"wp:attachment":[{"href":"https:\/\/www.lgamoblamientos.com\/nv\/wp-json\/wp\/v2\/media?parent=30905"}],"wp:term":[{"taxonomy":"product_cat","embeddable":true,"href":"https:\/\/www.lgamoblamientos.com\/nv\/wp-json\/wp\/v2\/product_cat?post=30905"},{"taxonomy":"product_tag","embeddable":true,"href":"https:\/\/www.lgamoblamientos.com\/nv\/wp-json\/wp\/v2\/product_tag?post=30905"}],"curies":[{"name":"wp","href":"https:\/\/api.w.org\/{rel}","templated":true}]}}