{"id":31149,"date":"2022-09-21T10:42:05","date_gmt":"2022-09-21T13:42:05","guid":{"rendered":"https:\/\/www.lgamoblamientos.com\/nv\/?post_type=product&#038;p=31149"},"modified":"2024-11-25T18:57:05","modified_gmt":"2024-11-25T21:57:05","slug":"juego-de-bateria-ollas-8-piezas-turquia-tramontina","status":"publish","type":"product","link":"https:\/\/www.lgamoblamientos.com\/nv\/product\/juego-de-bateria-ollas-8-piezas-turquia-tramontina\/","title":{"rendered":"Juego De Bater\u00eda Ollas 8 Piezas Turqu\u00eda Tramontina"},"content":{"rendered":"<p>BATERIA DE COCINA TRAMONTINA 8 PIEZAS<\/p>\n<p>\u2022Colores Disponibles : NEGRO<\/p>\n<p>Incluye :<br \/>\nAsadera rectangular honda 22cm 1.9L<br \/>\nOlla Tramontina Turqu\u00eda 14cm 800ml<br \/>\nOlla Tramontina Turqu\u00eda 16cm 1,4 Litros<br \/>\nOlla Tramontina Turqu\u00eda 18cm 2 Litros<br \/>\nCacerola Tramontina Turqu\u00eda 18cm 2 Litros<br \/>\nCacerola Tramontina Turqu\u00eda 20cm 2,8 Litros<br \/>\nHervidora Tramontina Turqu\u00eda 12cm 1 Litro<br \/>\nSart\u00e9n Tramontina Turqu\u00eda 20cm<\/p>\n<p>Aluminio con revestimiento antiadherente interno y externo Starflon T1. En el interior de color bronce.<br \/>\nEl \u00fanico con tecnolog\u00eda T: M\u00e1s poder de antiadherencia; m\u00e1s resistencia a la abrasi\u00f3n; m\u00e1s durabilidad; mayor facilidad de limpieza y libre de PFOA.<br \/>\nMangos y asas de baquelita antit\u00e9rmica y pu\u00f1os de nylon.<br \/>\nTapas de vidrio templado con bordes de acero inoxidable, que permiten ver el progreso de tus comidas sin abrir la tapa.<br \/>\nSe pueden usar en cocinas a gas, el\u00e9ctricas o vitrocer\u00e1micas (resistencia el\u00e9ctrica) y llevarse a lavavajillas.<\/p>\n","protected":false},"excerpt":{"rendered":"<p>BATERIA DE COCINA TRAMONTINA 8 PIEZAS \u2022Colores Disponibles : NEGRO Incluye : Asadera rectangular honda 22cm 1.9L Olla Tramontina Turqu\u00eda 14cm 800ml Olla Tramontina Turqu\u00eda 16cm 1,4 Litros Olla Tramontina<\/p>\n","protected":false},"featured_media":31150,"comment_status":"open","ping_status":"closed","template":"","meta":{"_acf_changed":false,"_joinchat":[]},"product_cat":[65],"product_tag":[],"class_list":{"0":"post-31149","1":"product","2":"type-product","3":"status-publish","4":"has-post-thumbnail","6":"product_cat-bazar","7":"product_shipping_class-flex","9":"first","10":"outofstock","11":"sale","12":"taxable","13":"shipping-taxable","14":"purchasable","15":"product-type-simple"},"acf":[],"aioseo_notices":[],"jetpack_sharing_enabled":true,"_links":{"self":[{"href":"https:\/\/www.lgamoblamientos.com\/nv\/wp-json\/wp\/v2\/product\/31149","targetHints":{"allow":["GET"]}}],"collection":[{"href":"https:\/\/www.lgamoblamientos.com\/nv\/wp-json\/wp\/v2\/product"}],"about":[{"href":"https:\/\/www.lgamoblamientos.com\/nv\/wp-json\/wp\/v2\/types\/product"}],"replies":[{"embeddable":true,"href":"https:\/\/www.lgamoblamientos.com\/nv\/wp-json\/wp\/v2\/comments?post=31149"}],"wp:featuredmedia":[{"embeddable":true,"href":"https:\/\/www.lgamoblamientos.com\/nv\/wp-json\/wp\/v2\/media\/31150"}],"wp:attachment":[{"href":"https:\/\/www.lgamoblamientos.com\/nv\/wp-json\/wp\/v2\/media?parent=31149"}],"wp:term":[{"taxonomy":"product_cat","embeddable":true,"href":"https:\/\/www.lgamoblamientos.com\/nv\/wp-json\/wp\/v2\/product_cat?post=31149"},{"taxonomy":"product_tag","embeddable":true,"href":"https:\/\/www.lgamoblamientos.com\/nv\/wp-json\/wp\/v2\/product_tag?post=31149"}],"curies":[{"name":"wp","href":"https:\/\/api.w.org\/{rel}","templated":true}]}}