{"id":31287,"date":"2022-09-26T13:41:38","date_gmt":"2022-09-26T16:41:38","guid":{"rendered":"https:\/\/www.lgamoblamientos.com\/nv\/?post_type=product&#038;p=31287"},"modified":"2024-11-25T18:57:06","modified_gmt":"2024-11-25T21:57:06","slug":"organizador-para-zapatos-zapatero-bambu","status":"publish","type":"product","link":"https:\/\/www.lgamoblamientos.com\/nv\/product\/organizador-para-zapatos-zapatero-bambu\/","title":{"rendered":"Organizador Para Zapatos Zapatero Bambu"},"content":{"rendered":"<p>ORGANIZADOR DE ZAPATOS BAMBU<\/p>\n<p>Medidas: Ancho 68 cm x Altura 45 cm x Prof 27 cm<\/p>\n<p>Hecho de madera, puede mantener la sala de estar agradable y limpia.<br \/>\nDise\u00f1o plegable-El estante de 3 niveles no requiere instalaci\u00f3n, y se puede utilizar justo despu\u00e9s de abrirlo para ahorrar espacio. Se puede montar f\u00e1cilmente en minutos y desmontarlo sin ninguna herramienta. Es estable.<br \/>\nMultifuncional-Es ideal para organizar cualquier ambiente de la casa u oficina.<br \/>\nPlegable<\/p>\n","protected":false},"excerpt":{"rendered":"<p>ORGANIZADOR DE ZAPATOS BAMBU Medidas: Ancho 68 cm x Altura 45 cm x Prof 27 cm Hecho de madera, puede mantener la sala de estar agradable y limpia. Dise\u00f1o plegable-El<\/p>\n","protected":false},"featured_media":38237,"comment_status":"open","ping_status":"closed","template":"","meta":{"_acf_changed":false,"_joinchat":[]},"product_cat":[883],"product_tag":[],"class_list":{"0":"post-31287","1":"product","2":"type-product","3":"status-publish","4":"has-post-thumbnail","6":"product_cat-decoracion-organizacion","7":"product_shipping_class-flex","9":"first","10":"outofstock","11":"taxable","12":"shipping-taxable","13":"purchasable","14":"product-type-simple"},"acf":[],"aioseo_notices":[],"jetpack_sharing_enabled":true,"_links":{"self":[{"href":"https:\/\/www.lgamoblamientos.com\/nv\/wp-json\/wp\/v2\/product\/31287","targetHints":{"allow":["GET"]}}],"collection":[{"href":"https:\/\/www.lgamoblamientos.com\/nv\/wp-json\/wp\/v2\/product"}],"about":[{"href":"https:\/\/www.lgamoblamientos.com\/nv\/wp-json\/wp\/v2\/types\/product"}],"replies":[{"embeddable":true,"href":"https:\/\/www.lgamoblamientos.com\/nv\/wp-json\/wp\/v2\/comments?post=31287"}],"wp:featuredmedia":[{"embeddable":true,"href":"https:\/\/www.lgamoblamientos.com\/nv\/wp-json\/wp\/v2\/media\/38237"}],"wp:attachment":[{"href":"https:\/\/www.lgamoblamientos.com\/nv\/wp-json\/wp\/v2\/media?parent=31287"}],"wp:term":[{"taxonomy":"product_cat","embeddable":true,"href":"https:\/\/www.lgamoblamientos.com\/nv\/wp-json\/wp\/v2\/product_cat?post=31287"},{"taxonomy":"product_tag","embeddable":true,"href":"https:\/\/www.lgamoblamientos.com\/nv\/wp-json\/wp\/v2\/product_tag?post=31287"}],"curies":[{"name":"wp","href":"https:\/\/api.w.org\/{rel}","templated":true}]}}