{"id":31513,"date":"2022-10-04T16:47:21","date_gmt":"2022-10-04T19:47:21","guid":{"rendered":"https:\/\/www.lgamoblamientos.com\/nv\/?post_type=product&#038;p=31513"},"modified":"2026-04-14T20:22:14","modified_gmt":"2026-04-14T23:22:14","slug":"mesa-de-living-central-mesa-ratona-de-living-5","status":"publish","type":"product","link":"https:\/\/www.lgamoblamientos.com\/nv\/product\/mesa-de-living-central-mesa-ratona-de-living-5\/","title":{"rendered":"Mesa De Living Central Mesa Ratona De Living"},"content":{"rendered":"<p>MESA DE LIVING CENTRAL<\/p>\n<p>Mediadas: Altura: 37,5 cm x Ancho: 67,5 cm x Profundidad: 45 cm<\/p>\n<p>Colores disponibles: Blanco\/Casta\u00f1o | Negro\/Casta\u00f1o<\/p>\n<p>La mesa de centro est\u00e1 dise\u00f1ada para darle a su sala el toque que falta, con un dise\u00f1o cl\u00e1sico<br \/>\nLos espacios decorativos y multifuncionales hacen una combinaci\u00f3n perfecta<br \/>\nEn material MDP, con acabado UV, esta mesa de caf\u00e9 dejar\u00e1 su entorno con toda practicidad y belleza.<\/p>\n<p>\u2022 Estante inferior<br \/>\n\u2022 Excelente calidad<br \/>\n\u2022 Finas terminaciones<br \/>\n\u2022 F\u00e1cil armado<\/p>\n","protected":false},"excerpt":{"rendered":"<p>MESA DE LIVING CENTRAL Mediadas: Altura: 37,5 cm x Ancho: 67,5 cm x Profundidad: 45 cm Colores disponibles: Blanco\/Casta\u00f1o | Negro\/Casta\u00f1o La mesa de centro est\u00e1 dise\u00f1ada para darle a<\/p>\n","protected":false},"featured_media":31514,"comment_status":"open","ping_status":"closed","template":"","meta":{"_acf_changed":false,"_joinchat":[]},"product_cat":[1000,90,650],"product_tag":[1219],"class_list":{"0":"post-31513","1":"product","2":"type-product","3":"status-publish","4":"has-post-thumbnail","6":"product_cat-comedor-living","7":"product_cat-sillones-mesas-ratonas","8":"product_cat-linea-nordica","9":"product_tag-cyber-fest-26","11":"first","12":"instock","13":"sale","14":"taxable","15":"shipping-taxable","16":"purchasable","17":"product-type-variable"},"acf":[],"aioseo_notices":[],"jetpack_sharing_enabled":true,"_links":{"self":[{"href":"https:\/\/www.lgamoblamientos.com\/nv\/wp-json\/wp\/v2\/product\/31513","targetHints":{"allow":["GET"]}}],"collection":[{"href":"https:\/\/www.lgamoblamientos.com\/nv\/wp-json\/wp\/v2\/product"}],"about":[{"href":"https:\/\/www.lgamoblamientos.com\/nv\/wp-json\/wp\/v2\/types\/product"}],"replies":[{"embeddable":true,"href":"https:\/\/www.lgamoblamientos.com\/nv\/wp-json\/wp\/v2\/comments?post=31513"}],"wp:featuredmedia":[{"embeddable":true,"href":"https:\/\/www.lgamoblamientos.com\/nv\/wp-json\/wp\/v2\/media\/31514"}],"wp:attachment":[{"href":"https:\/\/www.lgamoblamientos.com\/nv\/wp-json\/wp\/v2\/media?parent=31513"}],"wp:term":[{"taxonomy":"product_cat","embeddable":true,"href":"https:\/\/www.lgamoblamientos.com\/nv\/wp-json\/wp\/v2\/product_cat?post=31513"},{"taxonomy":"product_tag","embeddable":true,"href":"https:\/\/www.lgamoblamientos.com\/nv\/wp-json\/wp\/v2\/product_tag?post=31513"}],"curies":[{"name":"wp","href":"https:\/\/api.w.org\/{rel}","templated":true}]}}